{"id":1489,"date":"2024-10-21T13:12:55","date_gmt":"2024-10-21T13:12:55","guid":{"rendered":"https:\/\/rabbitmkt.com.br\/clientes\/araraazul\/?page_id=1489"},"modified":"2025-09-11T18:50:05","modified_gmt":"2025-09-11T18:50:05","slug":"proposta-pedagogica","status":"publish","type":"page","link":"https:\/\/rabbitmkt.com.br\/clientes\/araraazul\/proposta-pedagogica\/","title":{"rendered":"Proposta pedag\u00f3gica"},"content":{"rendered":"\t\t<div data-elementor-type=\"wp-page\" data-elementor-id=\"1489\" class=\"elementor elementor-1489\" data-elementor-post-type=\"page\">\n\t\t\t\t\t\t\t<div class=\"elementor-element elementor-element-20abff11 e-flex e-con-boxed e-con\" data-id=\"20abff11\" data-element_type=\"container\" data-settings=\"{&quot;background_background&quot;:&quot;classic&quot;,&quot;content_width&quot;:&quot;boxed&quot;}\">\n\t\t\t\t\t<div class=\"e-con-inner\">\n\t\t\t\t<div class=\"elementor-element elementor-element-fd765ac elementor-icon-list--layout-inline elementor-align-center elementor-list-item-link-full_width elementor-widget elementor-widget-icon-list\" data-id=\"fd765ac\" data-element_type=\"widget\" data-widget_type=\"icon-list.default\">\n\t\t\t\t<div class=\"elementor-widget-container\">\n\t\t\t<link rel=\"stylesheet\" href=\"https:\/\/rabbitmkt.com.br\/clientes\/araraazul\/wp-content\/plugins\/elementor\/assets\/css\/widget-icon-list.min.css\">\t\t<ul class=\"elementor-icon-list-items elementor-inline-items\">\n\t\t\t\t\t\t\t<li class=\"elementor-icon-list-item elementor-inline-item\">\n\t\t\t\t\t\t\t\t\t\t\t<a href=\"https:\/\/centroeducacionaldaribeira.com.br\/\">\n\n\t\t\t\t\t\t\t\t\t\t\t<span class=\"elementor-icon-list-text\">Home    \/<\/span>\n\t\t\t\t\t\t\t\t\t\t\t<\/a>\n\t\t\t\t\t\t\t\t\t<\/li>\n\t\t\t\t\t\t\t\t<li class=\"elementor-icon-list-item elementor-inline-item\">\n\t\t\t\t\t\t\t\t\t\t<span class=\"elementor-icon-list-text\">Ensino \/<\/span>\n\t\t\t\t\t\t\t\t\t<\/li>\n\t\t\t\t\t\t\t\t<li class=\"elementor-icon-list-item elementor-inline-item\">\n\t\t\t\t\t\t\t\t\t\t<span class=\"elementor-icon-list-text\">Proposta pedag\u00f3gica<\/span>\n\t\t\t\t\t\t\t\t\t<\/li>\n\t\t\t\t\t\t<\/ul>\n\t\t\t\t<\/div>\n\t\t\t\t<\/div>\n\t\t\t\t<div class=\"elementor-element elementor-element-62efacd4 elementor-widget elementor-widget-heading\" data-id=\"62efacd4\" data-element_type=\"widget\" data-widget_type=\"heading.default\">\n\t\t\t\t<div class=\"elementor-widget-container\">\n\t\t\t<style>\/*! elementor - v3.15.0 - 09-08-2023 *\/\n.elementor-heading-title{padding:0;margin:0;line-height:1}.elementor-widget-heading .elementor-heading-title[class*=elementor-size-]>a{color:inherit;font-size:inherit;line-height:inherit}.elementor-widget-heading .elementor-heading-title.elementor-size-small{font-size:15px}.elementor-widget-heading .elementor-heading-title.elementor-size-medium{font-size:19px}.elementor-widget-heading .elementor-heading-title.elementor-size-large{font-size:29px}.elementor-widget-heading .elementor-heading-title.elementor-size-xl{font-size:39px}.elementor-widget-heading .elementor-heading-title.elementor-size-xxl{font-size:59px}<\/style><h2 class=\"elementor-heading-title elementor-size-default\">Proposta pedag\u00f3gica<\/h2>\t\t<\/div>\n\t\t\t\t<\/div>\n\t\t\t\t<div class=\"elementor-element elementor-element-4c165df elementor-widget elementor-widget-text-editor\" data-id=\"4c165df\" data-element_type=\"widget\" data-widget_type=\"text-editor.default\">\n\t\t\t\t<div class=\"elementor-widget-container\">\n\t\t\t<style>\/*! elementor - v3.15.0 - 09-08-2023 *\/\n.elementor-widget-text-editor.elementor-drop-cap-view-stacked .elementor-drop-cap{background-color:#69727d;color:#fff}.elementor-widget-text-editor.elementor-drop-cap-view-framed .elementor-drop-cap{color:#69727d;border:3px solid;background-color:transparent}.elementor-widget-text-editor:not(.elementor-drop-cap-view-default) .elementor-drop-cap{margin-top:8px}.elementor-widget-text-editor:not(.elementor-drop-cap-view-default) .elementor-drop-cap-letter{width:1em;height:1em}.elementor-widget-text-editor .elementor-drop-cap{float:left;text-align:center;line-height:1;font-size:50px}.elementor-widget-text-editor .elementor-drop-cap-letter{display:inline-block}<\/style>\t\t\t\t<h2 class=\"h5\">Conhe\u00e7a a proposta pedag\u00f3gica do Arara Azul.<\/h2>\t\t\t\t\t\t<\/div>\n\t\t\t\t<\/div>\n\t\t\t\t\t<\/div>\n\t\t\t\t<\/div>\n\t\t<div class=\"elementor-element elementor-element-2eb6235 e-flex e-con-boxed e-con\" data-id=\"2eb6235\" data-element_type=\"container\" data-settings=\"{&quot;content_width&quot;:&quot;boxed&quot;}\">\n\t\t\t\t\t<div class=\"e-con-inner\">\n\t\t<div class=\"elementor-element elementor-element-4761310 e-con-full elementor-hidden-tablet elementor-hidden-mobile e-flex e-con\" data-id=\"4761310\" data-element_type=\"container\" data-settings=\"{&quot;content_width&quot;:&quot;full&quot;}\">\n\t\t\t\t<div class=\"elementor-element elementor-element-914e0bb elementor-widget elementor-widget-image\" data-id=\"914e0bb\" data-element_type=\"widget\" data-widget_type=\"image.default\">\n\t\t\t\t<div class=\"elementor-widget-container\">\n\t\t\t<style>\/*! elementor - v3.15.0 - 09-08-2023 *\/\n.elementor-widget-image{text-align:center}.elementor-widget-image a{display:inline-block}.elementor-widget-image a img[src$=\".svg\"]{width:48px}.elementor-widget-image img{vertical-align:middle;display:inline-block}<\/style>\t\t\t\t\t\t\t\t\t\t\t\t<img loading=\"lazy\" decoding=\"async\" width=\"800\" height=\"800\" src=\"https:\/\/rabbitmkt.com.br\/clientes\/araraazul\/wp-content\/uploads\/2025\/09\/78537603_9842877-1024x1024.jpg\" class=\"attachment-large size-large wp-image-1849\" alt=\"\" srcset=\"https:\/\/rabbitmkt.com.br\/clientes\/araraazul\/wp-content\/uploads\/2025\/09\/78537603_9842877-1024x1024.jpg 1024w, https:\/\/rabbitmkt.com.br\/clientes\/araraazul\/wp-content\/uploads\/2025\/09\/78537603_9842877-300x300.jpg 300w, https:\/\/rabbitmkt.com.br\/clientes\/araraazul\/wp-content\/uploads\/2025\/09\/78537603_9842877-150x150.jpg 150w, https:\/\/rabbitmkt.com.br\/clientes\/araraazul\/wp-content\/uploads\/2025\/09\/78537603_9842877-768x768.jpg 768w, https:\/\/rabbitmkt.com.br\/clientes\/araraazul\/wp-content\/uploads\/2025\/09\/78537603_9842877-1536x1536.jpg 1536w, https:\/\/rabbitmkt.com.br\/clientes\/araraazul\/wp-content\/uploads\/2025\/09\/78537603_9842877.jpg 2000w\" sizes=\"(max-width: 800px) 100vw, 800px\" \/>\t\t\t\t\t\t\t\t\t\t\t\t\t\t\t<\/div>\n\t\t\t\t<\/div>\n\t\t\t\t<\/div>\n\t\t<div class=\"elementor-element elementor-element-58c38b3 e-con-full e-flex e-con\" data-id=\"58c38b3\" data-element_type=\"container\" data-settings=\"{&quot;content_width&quot;:&quot;full&quot;}\">\n\t\t\t\t<div class=\"elementor-element elementor-element-caa1797 elementor-widget elementor-widget-heading\" data-id=\"caa1797\" data-element_type=\"widget\" data-widget_type=\"heading.default\">\n\t\t\t\t<div class=\"elementor-widget-container\">\n\t\t\t<h2 class=\"elementor-heading-title elementor-size-default\">Acolher e educar:<\/h2>\t\t<\/div>\n\t\t\t\t<\/div>\n\t\t\t\t<div class=\"elementor-element elementor-element-d2dfc3d elementor-widget elementor-widget-heading\" data-id=\"d2dfc3d\" data-element_type=\"widget\" data-widget_type=\"heading.default\">\n\t\t\t\t<div class=\"elementor-widget-container\">\n\t\t\t<h2 class=\"elementor-heading-title elementor-size-default\">um projeto pol\u00edtico pedag\u00f3gico<\/h2>\t\t<\/div>\n\t\t\t\t<\/div>\n\t\t\t\t<div class=\"elementor-element elementor-element-0aef133 elementor-widget elementor-widget-text-editor\" data-id=\"0aef133\" data-element_type=\"widget\" data-widget_type=\"text-editor.default\">\n\t\t\t\t<div class=\"elementor-widget-container\">\n\t\t\t\t\t\t\t<p>\u00c9 preciso que se diga: este \u00e9 um Projeto Pedag\u00f3gico voltado para a liberdade e que entende a educa\u00e7\u00e3o como instrumento de inclus\u00e3o em todos os sentidos.<br \/>O Col\u00e9gio Arara Azul sempre se firmou como uma institui\u00e7\u00e3o democr\u00e1tica onde o desenvolvimento das compet\u00eancias e habilidades de nossos alunos resultam na forma\u00e7\u00e3o de cidad\u00e3os cr\u00edticos, competentes, independentes, \u00e9ticos e imbu\u00eddos dos melhores valores.<br \/>Isto se reflete em um programa de ensino-aprendizagem ousado, alinhado com os princ\u00edpios do Sistema Objetivo. O resultado desse empenho s\u00e3o a\u00e7\u00f5es pensadas para longo prazo, que se iniciam na Educa\u00e7\u00e3o Infantil e terminam com a inser\u00e7\u00e3o dos estudantes na universidade.<br \/>No entanto, as trajet\u00f3rias de nossos alunos n\u00e3o se limitam \u00e0s realiza\u00e7\u00f5es acad\u00eamicas. Elas tamb\u00e9m colaboram para a transforma\u00e7\u00e3o da sociedade. Preparados e conscientes, os alunos do Arara Azul fazem a diferen\u00e7a porque carregam consigo conhecimentos, habilidades e, da mesma forma, \u00e9tica e solidariedade.<\/p>\t\t\t\t\t\t<\/div>\n\t\t\t\t<\/div>\n\t\t\t\t<\/div>\n\t\t\t\t\t<\/div>\n\t\t\t\t<\/div>\n\t\t<div class=\"elementor-element elementor-element-7246c42 e-flex e-con-boxed e-con\" data-id=\"7246c42\" data-element_type=\"container\" data-settings=\"{&quot;background_background&quot;:&quot;classic&quot;,&quot;content_width&quot;:&quot;boxed&quot;}\">\n\t\t\t\t\t<div class=\"e-con-inner\">\n\t\t<div class=\"elementor-element elementor-element-9b19db4 e-flex e-con-boxed e-con\" data-id=\"9b19db4\" data-element_type=\"container\" data-settings=\"{&quot;background_background&quot;:&quot;classic&quot;,&quot;content_width&quot;:&quot;boxed&quot;}\">\n\t\t\t\t\t<div class=\"e-con-inner\">\n\t\t\t\t<div class=\"elementor-element elementor-element-c4bba65 elementor-widget elementor-widget-heading\" data-id=\"c4bba65\" data-element_type=\"widget\" data-widget_type=\"heading.default\">\n\t\t\t\t<div class=\"elementor-widget-container\">\n\t\t\t<h2 class=\"elementor-heading-title elementor-size-default\">Quer conhecer mais sobre nossa pedagogia?  Entre em contato conosco abaixo, queremos garantir que suas necessidades sejam atendidas da melhor maneira poss\u00edvel.<\/h2>\t\t<\/div>\n\t\t\t\t<\/div>\n\t\t\t\t\t<\/div>\n\t\t\t\t<\/div>\n\t\t<div class=\"elementor-element elementor-element-71ebaa5 e-con-full e-flex e-con\" data-id=\"71ebaa5\" data-element_type=\"container\" data-settings=\"{&quot;content_width&quot;:&quot;full&quot;}\">\n\t\t\t\t<div class=\"elementor-element elementor-element-a58bfa2 elementor-position-left elementor-view-default elementor-mobile-position-top elementor-vertical-align-top elementor-widget elementor-widget-icon-box\" data-id=\"a58bfa2\" data-element_type=\"widget\" data-widget_type=\"icon-box.default\">\n\t\t\t\t<div class=\"elementor-widget-container\">\n\t\t\t<link rel=\"stylesheet\" href=\"https:\/\/rabbitmkt.com.br\/clientes\/araraazul\/wp-content\/plugins\/elementor\/assets\/css\/widget-icon-box.min.css\">\t\t<div class=\"elementor-icon-box-wrapper\">\n\t\t\t\t\t\t<div class=\"elementor-icon-box-icon\">\n\t\t\t\t<a class=\"elementor-icon elementor-animation-\" href=\"https:\/\/api.whatsapp.com\/send\/?phone=5511991995755&#038;text&#038;type=phone_number&#038;app_absent=0\" target=\"_blank\">\n\t\t\t\t<i aria-hidden=\"true\" class=\"fab fa-whatsapp\"><\/i>\t\t\t\t<\/a>\n\t\t\t<\/div>\n\t\t\t\t\t\t<div class=\"elementor-icon-box-content\">\n\t\t\t\t<h3 class=\"elementor-icon-box-title\">\n\t\t\t\t\t<a href=\"https:\/\/api.whatsapp.com\/send\/?phone=5511991995755&#038;text&#038;type=phone_number&#038;app_absent=0\" target=\"_blank\" >\n\t\t\t\t\t\tVamos conversar !\t\t\t\t\t<\/a>\n\t\t\t\t<\/h3>\n\t\t\t\t\t\t\t\t\t<p class=\"elementor-icon-box-description\">\n\t\t\t\t\t\tEstamos aqui para lhe orientar e poder esclarecer as suas d\u00favidas ou informa\u00e7\u00f5es para com o nossos servi\u00e7os.\t\t\t\t\t<\/p>\n\t\t\t\t\t\t\t<\/div>\n\t\t<\/div>\n\t\t\t\t<\/div>\n\t\t\t\t<\/div>\n\t\t\t\t<\/div>\n\t\t<div class=\"elementor-element elementor-element-d72a080 e-con-full video_escola e-flex e-con\" data-id=\"d72a080\" data-element_type=\"container\" data-settings=\"{&quot;content_width&quot;:&quot;full&quot;}\">\n\t\t\t\t<div class=\"elementor-element elementor-element-6a74843 elementor-position-left elementor-view-default elementor-mobile-position-top elementor-vertical-align-top elementor-widget elementor-widget-icon-box\" data-id=\"6a74843\" data-element_type=\"widget\" data-widget_type=\"icon-box.default\">\n\t\t\t\t<div class=\"elementor-widget-container\">\n\t\t\t\t\t<div class=\"elementor-icon-box-wrapper\">\n\t\t\t\t\t\t<div class=\"elementor-icon-box-icon\">\n\t\t\t\t<a class=\"elementor-icon elementor-animation-\" href=\"#elementor-action%3Aaction%3Dpopup%3Aopen%26settings%3DeyJpZCI6IjYxMCIsInRvZ2dsZSI6ZmFsc2V9\">\n\t\t\t\t<i aria-hidden=\"true\" class=\"fas fa-phone-alt\"><\/i>\t\t\t\t<\/a>\n\t\t\t<\/div>\n\t\t\t\t\t\t<div class=\"elementor-icon-box-content\">\n\t\t\t\t<h3 class=\"elementor-icon-box-title\">\n\t\t\t\t\t<a href=\"#elementor-action%3Aaction%3Dpopup%3Aopen%26settings%3DeyJpZCI6IjYxMCIsInRvZ2dsZSI6ZmFsc2V9\" >\n\t\t\t\t\t\tSe preferir \"ligamos\" para voc\u00ea\t\t\t\t\t<\/a>\n\t\t\t\t<\/h3>\n\t\t\t\t\t\t\t\t\t<p class=\"elementor-icon-box-description\">\n\t\t\t\t\t\tPor favor, insira o seu DDD sem numeral zero na frente.  Exemplo: (11) 98888-7777. \t\t\t\t\t<\/p>\n\t\t\t\t\t\t\t<\/div>\n\t\t<\/div>\n\t\t\t\t<\/div>\n\t\t\t\t<\/div>\n\t\t\t\t<\/div>\n\t\t\t\t\t<\/div>\n\t\t\t\t<\/div>\n\t\t\t\t\t\t\t<\/div>\n\t\t","protected":false},"excerpt":{"rendered":"<p>Home \/ Ensino \/ Proposta pedag\u00f3gica Proposta pedag\u00f3gica Conhe\u00e7a a proposta pedag\u00f3gica do Arara Azul. Acolher e educar: um projeto pol\u00edtico pedag\u00f3gico \u00c9 preciso que se diga: este \u00e9 um Projeto Pedag\u00f3gico voltado para a liberdade e que entende a educa\u00e7\u00e3o como instrumento de inclus\u00e3o em todos os sentidos.O Col\u00e9gio Arara Azul sempre se firmou [&hellip;]<\/p>\n","protected":false},"author":1,"featured_media":0,"parent":0,"menu_order":0,"comment_status":"closed","ping_status":"closed","template":"","meta":{"footnotes":""},"class_list":["post-1489","page","type-page","status-publish","hentry"],"_links":{"self":[{"href":"https:\/\/rabbitmkt.com.br\/clientes\/araraazul\/wp-json\/wp\/v2\/pages\/1489"}],"collection":[{"href":"https:\/\/rabbitmkt.com.br\/clientes\/araraazul\/wp-json\/wp\/v2\/pages"}],"about":[{"href":"https:\/\/rabbitmkt.com.br\/clientes\/araraazul\/wp-json\/wp\/v2\/types\/page"}],"author":[{"embeddable":true,"href":"https:\/\/rabbitmkt.com.br\/clientes\/araraazul\/wp-json\/wp\/v2\/users\/1"}],"replies":[{"embeddable":true,"href":"https:\/\/rabbitmkt.com.br\/clientes\/araraazul\/wp-json\/wp\/v2\/comments?post=1489"}],"version-history":[{"count":37,"href":"https:\/\/rabbitmkt.com.br\/clientes\/araraazul\/wp-json\/wp\/v2\/pages\/1489\/revisions"}],"predecessor-version":[{"id":1852,"href":"https:\/\/rabbitmkt.com.br\/clientes\/araraazul\/wp-json\/wp\/v2\/pages\/1489\/revisions\/1852"}],"wp:attachment":[{"href":"https:\/\/rabbitmkt.com.br\/clientes\/araraazul\/wp-json\/wp\/v2\/media?parent=1489"}],"curies":[{"name":"wp","href":"https:\/\/api.w.org\/{rel}","templated":true}]}}