{"id":678,"date":"2023-10-27T14:54:05","date_gmt":"2023-10-27T14:54:05","guid":{"rendered":"https:\/\/rabbitmkt.com.br\/clientes\/araraazul\/?page_id=678"},"modified":"2025-10-21T17:19:27","modified_gmt":"2025-10-21T17:19:27","slug":"ensino-medio","status":"publish","type":"page","link":"https:\/\/rabbitmkt.com.br\/clientes\/araraazul\/ensino-medio\/","title":{"rendered":"Ensino M\u00e9dio"},"content":{"rendered":"\t\t<div data-elementor-type=\"wp-page\" data-elementor-id=\"678\" class=\"elementor elementor-678\" data-elementor-post-type=\"page\">\n\t\t\t\t\t\t\t<div class=\"elementor-element elementor-element-8168a0e e-con-full e-flex e-con\" data-id=\"8168a0e\" data-element_type=\"container\" data-settings=\"{&quot;content_width&quot;:&quot;full&quot;}\">\n\t\t<div class=\"elementor-element elementor-element-23e8192 e-flex e-con-boxed e-con\" data-id=\"23e8192\" data-element_type=\"container\" data-settings=\"{&quot;background_background&quot;:&quot;classic&quot;,&quot;content_width&quot;:&quot;boxed&quot;}\">\n\t\t\t\t\t<div class=\"e-con-inner\">\n\t\t\t\t<div class=\"elementor-element elementor-element-b195db4 elementor-icon-list--layout-inline elementor-align-center elementor-list-item-link-full_width elementor-widget elementor-widget-icon-list\" data-id=\"b195db4\" data-element_type=\"widget\" data-widget_type=\"icon-list.default\">\n\t\t\t\t<div class=\"elementor-widget-container\">\n\t\t\t<link rel=\"stylesheet\" href=\"https:\/\/rabbitmkt.com.br\/clientes\/araraazul\/wp-content\/plugins\/elementor\/assets\/css\/widget-icon-list.min.css\">\t\t<ul class=\"elementor-icon-list-items elementor-inline-items\">\n\t\t\t\t\t\t\t<li class=\"elementor-icon-list-item elementor-inline-item\">\n\t\t\t\t\t\t\t\t\t\t\t<a href=\"https:\/\/centroeducacionaldaribeira.com.br\/\">\n\n\t\t\t\t\t\t\t\t\t\t\t<span class=\"elementor-icon-list-text\">Home    \/<\/span>\n\t\t\t\t\t\t\t\t\t\t\t<\/a>\n\t\t\t\t\t\t\t\t\t<\/li>\n\t\t\t\t\t\t\t\t<li class=\"elementor-icon-list-item elementor-inline-item\">\n\t\t\t\t\t\t\t\t\t\t<span class=\"elementor-icon-list-text\">Ensino \/<\/span>\n\t\t\t\t\t\t\t\t\t<\/li>\n\t\t\t\t\t\t\t\t<li class=\"elementor-icon-list-item elementor-inline-item\">\n\t\t\t\t\t\t\t\t\t\t<span class=\"elementor-icon-list-text\">Ensino M\u00e9dio<\/span>\n\t\t\t\t\t\t\t\t\t<\/li>\n\t\t\t\t\t\t<\/ul>\n\t\t\t\t<\/div>\n\t\t\t\t<\/div>\n\t\t\t\t<div class=\"elementor-element elementor-element-8352462 elementor-widget elementor-widget-heading\" data-id=\"8352462\" data-element_type=\"widget\" data-widget_type=\"heading.default\">\n\t\t\t\t<div class=\"elementor-widget-container\">\n\t\t\t<style>\/*! elementor - v3.15.0 - 09-08-2023 *\/\n.elementor-heading-title{padding:0;margin:0;line-height:1}.elementor-widget-heading .elementor-heading-title[class*=elementor-size-]>a{color:inherit;font-size:inherit;line-height:inherit}.elementor-widget-heading .elementor-heading-title.elementor-size-small{font-size:15px}.elementor-widget-heading .elementor-heading-title.elementor-size-medium{font-size:19px}.elementor-widget-heading .elementor-heading-title.elementor-size-large{font-size:29px}.elementor-widget-heading .elementor-heading-title.elementor-size-xl{font-size:39px}.elementor-widget-heading .elementor-heading-title.elementor-size-xxl{font-size:59px}<\/style><h2 class=\"elementor-heading-title elementor-size-default\">Ensino M\u00e9dio\n<\/h2>\t\t<\/div>\n\t\t\t\t<\/div>\n\t\t\t\t<div class=\"elementor-element elementor-element-e9ecf7b elementor-widget elementor-widget-text-editor\" data-id=\"e9ecf7b\" data-element_type=\"widget\" data-widget_type=\"text-editor.default\">\n\t\t\t\t<div class=\"elementor-widget-container\">\n\t\t\t<style>\/*! elementor - v3.15.0 - 09-08-2023 *\/\n.elementor-widget-text-editor.elementor-drop-cap-view-stacked .elementor-drop-cap{background-color:#69727d;color:#fff}.elementor-widget-text-editor.elementor-drop-cap-view-framed .elementor-drop-cap{color:#69727d;border:3px solid;background-color:transparent}.elementor-widget-text-editor:not(.elementor-drop-cap-view-default) .elementor-drop-cap{margin-top:8px}.elementor-widget-text-editor:not(.elementor-drop-cap-view-default) .elementor-drop-cap-letter{width:1em;height:1em}.elementor-widget-text-editor .elementor-drop-cap{float:left;text-align:center;line-height:1;font-size:50px}.elementor-widget-text-editor .elementor-drop-cap-letter{display:inline-block}<\/style>\t\t\t\t<h2 class=\"h5\"><strong>1.\u00aa, 2.\u00aa e 3.\u00aa s\u00e9ries<\/strong> no Col\u00e9gio Arara Azul<\/h2>\t\t\t\t\t\t<\/div>\n\t\t\t\t<\/div>\n\t\t\t\t\t<\/div>\n\t\t\t\t<\/div>\n\t\t\t\t<\/div>\n\t\t<div class=\"elementor-element elementor-element-9e4e40b e-flex e-con-boxed e-con\" data-id=\"9e4e40b\" data-element_type=\"container\" data-settings=\"{&quot;content_width&quot;:&quot;boxed&quot;}\">\n\t\t\t\t\t<div class=\"e-con-inner\">\n\t\t<div class=\"elementor-element elementor-element-ffa8969 e-con-full e-flex e-con\" data-id=\"ffa8969\" data-element_type=\"container\" data-settings=\"{&quot;content_width&quot;:&quot;full&quot;}\">\n\t\t\t\t<div class=\"elementor-element elementor-element-3dedac4 elementor-widget elementor-widget-heading\" data-id=\"3dedac4\" data-element_type=\"widget\" data-widget_type=\"heading.default\">\n\t\t\t\t<div class=\"elementor-widget-container\">\n\t\t\t<h2 class=\"elementor-heading-title elementor-size-default\">O novo Ensino M\u00e9dio do Col\u00e9gio Arara Azul<\/h2>\t\t<\/div>\n\t\t\t\t<\/div>\n\t\t\t\t<div class=\"elementor-element elementor-element-5d97e05 elementor-widget elementor-widget-text-editor\" data-id=\"5d97e05\" data-element_type=\"widget\" data-widget_type=\"text-editor.default\">\n\t\t\t\t<div class=\"elementor-widget-container\">\n\t\t\t\t\t\t\t<p>O Ensino M\u00e9dio prepara o aluno, integralmente, tornando-o protagonista dos caminhos que pretende seguir.<\/p><p>O modelo de ensino \u00e9 composto por um curr\u00edculo de Forma\u00e7\u00e3o Geral B\u00e1sica, Itiner\u00e1rios Formativos e Componentes Eletivos baseados nos eixos estruturantes da BNCC. Na pr\u00e1tica, os alunos desenvolvem suas habilidades e compet\u00eancias, sendo preparados para a vida e muitos descobrir\u00e3o novas habilidades nas mais vastas \u00e1reas do conhecimento.<\/p><p>O conjunto desses desenvolvimentos e descobertas os ajudar\u00e1 a enfrentar obst\u00e1culos, desafios e a atingir grandes objetivos.<\/p>\t\t\t\t\t\t<\/div>\n\t\t\t\t<\/div>\n\t\t\t\t<\/div>\n\t\t<div class=\"elementor-element elementor-element-124956e e-con-full e-flex e-con\" data-id=\"124956e\" data-element_type=\"container\" data-settings=\"{&quot;content_width&quot;:&quot;full&quot;}\">\n\t\t\t\t<div class=\"elementor-element elementor-element-466c03d elementor-widget elementor-widget-image\" data-id=\"466c03d\" data-element_type=\"widget\" data-widget_type=\"image.default\">\n\t\t\t\t<div class=\"elementor-widget-container\">\n\t\t\t<style>\/*! elementor - v3.15.0 - 09-08-2023 *\/\n.elementor-widget-image{text-align:center}.elementor-widget-image a{display:inline-block}.elementor-widget-image a img[src$=\".svg\"]{width:48px}.elementor-widget-image img{vertical-align:middle;display:inline-block}<\/style>\t\t\t\t\t\t\t\t\t\t\t\t<img loading=\"lazy\" decoding=\"async\" width=\"600\" height=\"600\" src=\"https:\/\/rabbitmkt.com.br\/clientes\/araraazul\/wp-content\/uploads\/2024\/10\/alunos-ilustrados-ensino-medio.svg\" class=\"attachment-large size-large wp-image-1698\" alt=\"\" \/>\t\t\t\t\t\t\t\t\t\t\t\t\t\t\t<\/div>\n\t\t\t\t<\/div>\n\t\t\t\t<\/div>\n\t\t\t\t\t<\/div>\n\t\t\t\t<\/div>\n\t\t<div class=\"elementor-element elementor-element-58b775d elementor-hidden-desktop elementor-hidden-tablet elementor-hidden-mobile e-flex e-con-boxed e-con\" data-id=\"58b775d\" data-element_type=\"container\" data-settings=\"{&quot;content_width&quot;:&quot;boxed&quot;}\">\n\t\t\t\t\t<div class=\"e-con-inner\">\n\t\t<div class=\"elementor-element elementor-element-b1dc467 e-con-full e-flex e-con\" data-id=\"b1dc467\" data-element_type=\"container\" data-settings=\"{&quot;content_width&quot;:&quot;full&quot;,&quot;background_background&quot;:&quot;classic&quot;}\">\n\t\t\t\t<div class=\"elementor-element elementor-element-c76c0fe elementor-widget elementor-widget-heading\" data-id=\"c76c0fe\" data-element_type=\"widget\" data-widget_type=\"heading.default\">\n\t\t\t\t<div class=\"elementor-widget-container\">\n\t\t\t<h2 class=\"elementor-heading-title elementor-size-default\">1.\u00aa s\u00e9rie<\/h2>\t\t<\/div>\n\t\t\t\t<\/div>\n\t\t\t\t<div class=\"elementor-element elementor-element-49465c1 elementor-widget elementor-widget-text-editor\" data-id=\"49465c1\" data-element_type=\"widget\" data-widget_type=\"text-editor.default\">\n\t\t\t\t<div class=\"elementor-widget-container\">\n\t\t\t\t\t\t\t<h5 class=\"fw-bold text-obj-5 h6\">Dom\u00ednios das Ci\u00eancias da Natureza<\/h5><p>1 &#8211; Matem\u00e1tica Financeira<br \/>2 &#8211; Pr\u00e1ticas de Biologia e Qu\u00edmica<br \/>3 &#8211; Oficina Multidisciplinar<\/p><h5 class=\"fw-bold text-obj-5 h6\">Dom\u00ednios das Ci\u00eancias Humanas<\/h5><p>1 &#8211; Matem\u00e1tica Financeira<br \/>2 &#8211; Oficina de Arte<br \/>3 &#8211; Oficina Multidisciplina<\/p>\t\t\t\t\t\t<\/div>\n\t\t\t\t<\/div>\n\t\t\t\t<\/div>\n\t\t<div class=\"elementor-element elementor-element-fa53718 e-con-full e-flex e-con\" data-id=\"fa53718\" data-element_type=\"container\" data-settings=\"{&quot;content_width&quot;:&quot;full&quot;,&quot;background_background&quot;:&quot;classic&quot;}\">\n\t\t\t\t<div class=\"elementor-element elementor-element-2ad01fe elementor-widget elementor-widget-heading\" data-id=\"2ad01fe\" data-element_type=\"widget\" data-widget_type=\"heading.default\">\n\t\t\t\t<div class=\"elementor-widget-container\">\n\t\t\t<h2 class=\"elementor-heading-title elementor-size-default\">2.\u00aa s\u00e9rie<\/h2>\t\t<\/div>\n\t\t\t\t<\/div>\n\t\t\t\t<div class=\"elementor-element elementor-element-88150eb elementor-widget elementor-widget-text-editor\" data-id=\"88150eb\" data-element_type=\"widget\" data-widget_type=\"text-editor.default\">\n\t\t\t\t<div class=\"elementor-widget-container\">\n\t\t\t\t\t\t\t<h5 class=\"fw-bold text-obj-5 h6\">Dom\u00ednios das Ci\u00eancias da Natureza<\/h5><p>1 &#8211; Pr\u00e1ticas de Biologia e Qu\u00edmica<br \/>2 &#8211; Oficina Multidisciplinar<\/p><h5 class=\"fw-bold text-obj-5 h6\">Dom\u00ednios das Ci\u00eancias Humanas<\/h5><p>1 &#8211; Oficina de Arte<br \/>2 &#8211; Oficina Multidisciplinar<\/p>\t\t\t\t\t\t<\/div>\n\t\t\t\t<\/div>\n\t\t\t\t<\/div>\n\t\t<div class=\"elementor-element elementor-element-224a1fb e-con-full e-flex e-con\" data-id=\"224a1fb\" data-element_type=\"container\" data-settings=\"{&quot;content_width&quot;:&quot;full&quot;,&quot;background_background&quot;:&quot;classic&quot;}\">\n\t\t\t\t<div class=\"elementor-element elementor-element-3db9087 elementor-widget elementor-widget-heading\" data-id=\"3db9087\" data-element_type=\"widget\" data-widget_type=\"heading.default\">\n\t\t\t\t<div class=\"elementor-widget-container\">\n\t\t\t<h2 class=\"elementor-heading-title elementor-size-default\">3.\u00aa s\u00e9rie<\/h2>\t\t<\/div>\n\t\t\t\t<\/div>\n\t\t\t\t<div class=\"elementor-element elementor-element-ae7d9b6 elementor-widget elementor-widget-text-editor\" data-id=\"ae7d9b6\" data-element_type=\"widget\" data-widget_type=\"text-editor.default\">\n\t\t\t\t<div class=\"elementor-widget-container\">\n\t\t\t\t\t\t\t<h5 class=\"fw-bold text-obj-5 h6\">Dom\u00ednios das Ci\u00eancias da Natureza<\/h5><p>1 &#8211; No Mundo dos El\u00e9trons<\/p><h5 class=\"fw-bold text-obj-5 h6\">Dom\u00ednios das Ci\u00eancias Humanas<\/h5><p>1 &#8211; Oficina de Aprimoramento Argumentativo<\/p>\t\t\t\t\t\t<\/div>\n\t\t\t\t<\/div>\n\t\t\t\t<\/div>\n\t\t\t\t\t<\/div>\n\t\t\t\t<\/div>\n\t\t<div class=\"elementor-element elementor-element-b025481 e-flex e-con-boxed e-con\" data-id=\"b025481\" data-element_type=\"container\" data-settings=\"{&quot;background_background&quot;:&quot;classic&quot;,&quot;content_width&quot;:&quot;boxed&quot;}\">\n\t\t\t\t\t<div class=\"e-con-inner\">\n\t\t\t\t<div class=\"elementor-element elementor-element-487442d elementor-widget elementor-widget-heading\" data-id=\"487442d\" data-element_type=\"widget\" data-widget_type=\"heading.default\">\n\t\t\t\t<div class=\"elementor-widget-container\">\n\t\t\t<h2 class=\"elementor-heading-title elementor-size-default\">Orienta\u00e7\u00e3o Educacional<\/h2>\t\t<\/div>\n\t\t\t\t<\/div>\n\t\t\t\t<div class=\"elementor-element elementor-element-985053b elementor-widget elementor-widget-text-editor\" data-id=\"985053b\" data-element_type=\"widget\" data-widget_type=\"text-editor.default\">\n\t\t\t\t<div class=\"elementor-widget-container\">\n\t\t\t\t\t\t\t<p><strong>O Servi\u00e7o de Orienta\u00e7\u00e3o Educacional (SOE) visa a possibilitar ao aluno completa integra\u00e7\u00e3o com a escola.<\/strong>\u00a0Sua fun\u00e7\u00e3o principal \u00e9 orientar o desenvolvimento individual tanto do ponto de vista acad\u00eamico como do social. Assim que o aluno ingressa no Objetivo, os profissionais do SOE procuram propiciar-lhe condi\u00e7\u00f5es \u00f3timas de adapta\u00e7\u00e3o ao ambiente e de rendimento nos estudos.<\/p><p>O SOE tamb\u00e9m se dedica \u00e0 orienta\u00e7\u00e3o dos alunos, ao longo de sua vida escolar, para uma defini\u00e7\u00e3o pessoal e respons\u00e1vel da futura profiss\u00e3o. \u00c9 por interm\u00e9dio do COP (Centro de Orienta\u00e7\u00e3o Profissional) que os estudantes podem descobrir suas caracter\u00edsticas e motiva\u00e7\u00f5es para carreiras que poder\u00e3o futuramente exercer com sucesso.<\/p>\t\t\t\t\t\t<\/div>\n\t\t\t\t<\/div>\n\t\t\t\t\t<\/div>\n\t\t\t\t<\/div>\n\t\t\t\t\t\t\t<\/div>\n\t\t","protected":false},"excerpt":{"rendered":"<p>Home \/ Ensino \/ Ensino M\u00e9dio Ensino M\u00e9dio 1.\u00aa, 2.\u00aa e 3.\u00aa s\u00e9ries no Col\u00e9gio Arara Azul O novo Ensino M\u00e9dio do Col\u00e9gio Arara Azul O Ensino M\u00e9dio prepara o aluno, integralmente, tornando-o protagonista dos caminhos que pretende seguir. O modelo de ensino \u00e9 composto por um curr\u00edculo de Forma\u00e7\u00e3o Geral B\u00e1sica, Itiner\u00e1rios Formativos e [&hellip;]<\/p>\n","protected":false},"author":1,"featured_media":0,"parent":0,"menu_order":0,"comment_status":"closed","ping_status":"closed","template":"","meta":{"footnotes":""},"class_list":["post-678","page","type-page","status-publish","hentry"],"_links":{"self":[{"href":"https:\/\/rabbitmkt.com.br\/clientes\/araraazul\/wp-json\/wp\/v2\/pages\/678"}],"collection":[{"href":"https:\/\/rabbitmkt.com.br\/clientes\/araraazul\/wp-json\/wp\/v2\/pages"}],"about":[{"href":"https:\/\/rabbitmkt.com.br\/clientes\/araraazul\/wp-json\/wp\/v2\/types\/page"}],"author":[{"embeddable":true,"href":"https:\/\/rabbitmkt.com.br\/clientes\/araraazul\/wp-json\/wp\/v2\/users\/1"}],"replies":[{"embeddable":true,"href":"https:\/\/rabbitmkt.com.br\/clientes\/araraazul\/wp-json\/wp\/v2\/comments?post=678"}],"version-history":[{"count":92,"href":"https:\/\/rabbitmkt.com.br\/clientes\/araraazul\/wp-json\/wp\/v2\/pages\/678\/revisions"}],"predecessor-version":[{"id":1888,"href":"https:\/\/rabbitmkt.com.br\/clientes\/araraazul\/wp-json\/wp\/v2\/pages\/678\/revisions\/1888"}],"wp:attachment":[{"href":"https:\/\/rabbitmkt.com.br\/clientes\/araraazul\/wp-json\/wp\/v2\/media?parent=678"}],"curies":[{"name":"wp","href":"https:\/\/api.w.org\/{rel}","templated":true}]}}