{"id":841,"date":"2023-10-30T16:18:08","date_gmt":"2023-10-30T16:18:08","guid":{"rendered":"https:\/\/rabbitmkt.com.br\/clientes\/araraazul\/?page_id=841"},"modified":"2025-10-21T17:43:34","modified_gmt":"2025-10-21T17:43:34","slug":"ensino-fundamental-anos-inicias","status":"publish","type":"page","link":"https:\/\/rabbitmkt.com.br\/clientes\/araraazul\/ensino-fundamental-anos-inicias\/","title":{"rendered":"Ensino Fundamental &#8211; Anos Inicias"},"content":{"rendered":"\t\t<div data-elementor-type=\"wp-page\" data-elementor-id=\"841\" class=\"elementor elementor-841\" data-elementor-post-type=\"page\">\n\t\t\t\t\t\t\t<div class=\"elementor-element elementor-element-a620b05 e-flex e-con-boxed e-con\" data-id=\"a620b05\" data-element_type=\"container\" data-settings=\"{&quot;background_background&quot;:&quot;classic&quot;,&quot;content_width&quot;:&quot;boxed&quot;}\">\n\t\t\t\t\t<div class=\"e-con-inner\">\n\t\t\t\t<div class=\"elementor-element elementor-element-d8dd47c elementor-icon-list--layout-inline elementor-align-center elementor-list-item-link-full_width elementor-widget elementor-widget-icon-list\" data-id=\"d8dd47c\" data-element_type=\"widget\" data-widget_type=\"icon-list.default\">\n\t\t\t\t<div class=\"elementor-widget-container\">\n\t\t\t<link rel=\"stylesheet\" href=\"https:\/\/rabbitmkt.com.br\/clientes\/araraazul\/wp-content\/plugins\/elementor\/assets\/css\/widget-icon-list.min.css\">\t\t<ul class=\"elementor-icon-list-items elementor-inline-items\">\n\t\t\t\t\t\t\t<li class=\"elementor-icon-list-item elementor-inline-item\">\n\t\t\t\t\t\t\t\t\t\t\t<a href=\"https:\/\/centroeducacionaldaribeira.com.br\/\">\n\n\t\t\t\t\t\t\t\t\t\t\t<span class=\"elementor-icon-list-text\">Home    \/<\/span>\n\t\t\t\t\t\t\t\t\t\t\t<\/a>\n\t\t\t\t\t\t\t\t\t<\/li>\n\t\t\t\t\t\t\t\t<li class=\"elementor-icon-list-item elementor-inline-item\">\n\t\t\t\t\t\t\t\t\t\t<span class=\"elementor-icon-list-text\">Ensino \/<\/span>\n\t\t\t\t\t\t\t\t\t<\/li>\n\t\t\t\t\t\t\t\t<li class=\"elementor-icon-list-item elementor-inline-item\">\n\t\t\t\t\t\t\t\t\t\t<span class=\"elementor-icon-list-text\">Ensino Fundamental - Anos Iniciais<\/span>\n\t\t\t\t\t\t\t\t\t<\/li>\n\t\t\t\t\t\t<\/ul>\n\t\t\t\t<\/div>\n\t\t\t\t<\/div>\n\t\t\t\t<div class=\"elementor-element elementor-element-bbf6258 elementor-widget elementor-widget-heading\" data-id=\"bbf6258\" data-element_type=\"widget\" data-widget_type=\"heading.default\">\n\t\t\t\t<div class=\"elementor-widget-container\">\n\t\t\t<style>\/*! elementor - v3.15.0 - 09-08-2023 *\/\n.elementor-heading-title{padding:0;margin:0;line-height:1}.elementor-widget-heading .elementor-heading-title[class*=elementor-size-]>a{color:inherit;font-size:inherit;line-height:inherit}.elementor-widget-heading .elementor-heading-title.elementor-size-small{font-size:15px}.elementor-widget-heading .elementor-heading-title.elementor-size-medium{font-size:19px}.elementor-widget-heading .elementor-heading-title.elementor-size-large{font-size:29px}.elementor-widget-heading .elementor-heading-title.elementor-size-xl{font-size:39px}.elementor-widget-heading .elementor-heading-title.elementor-size-xxl{font-size:59px}<\/style><h2 class=\"elementor-heading-title elementor-size-default\">Ensino Fundamental I\n<\/h2>\t\t<\/div>\n\t\t\t\t<\/div>\n\t\t\t\t<div class=\"elementor-element elementor-element-13ac34e elementor-widget elementor-widget-text-editor\" data-id=\"13ac34e\" data-element_type=\"widget\" data-widget_type=\"text-editor.default\">\n\t\t\t\t<div class=\"elementor-widget-container\">\n\t\t\t<style>\/*! elementor - v3.15.0 - 09-08-2023 *\/\n.elementor-widget-text-editor.elementor-drop-cap-view-stacked .elementor-drop-cap{background-color:#69727d;color:#fff}.elementor-widget-text-editor.elementor-drop-cap-view-framed .elementor-drop-cap{color:#69727d;border:3px solid;background-color:transparent}.elementor-widget-text-editor:not(.elementor-drop-cap-view-default) .elementor-drop-cap{margin-top:8px}.elementor-widget-text-editor:not(.elementor-drop-cap-view-default) .elementor-drop-cap-letter{width:1em;height:1em}.elementor-widget-text-editor .elementor-drop-cap{float:left;text-align:center;line-height:1;font-size:50px}.elementor-widget-text-editor .elementor-drop-cap-letter{display:inline-block}<\/style>\t\t\t\t<h2 class=\"h5\"><strong>1.\u00ba ao 5.\u00ba ano<\/strong>\u00a0no Col\u00e9gio Arara Azul<\/h2>\t\t\t\t\t\t<\/div>\n\t\t\t\t<\/div>\n\t\t\t\t\t<\/div>\n\t\t\t\t<\/div>\n\t\t<div class=\"elementor-element elementor-element-8d4790d e-flex e-con-boxed e-con\" data-id=\"8d4790d\" data-element_type=\"container\" data-settings=\"{&quot;content_width&quot;:&quot;boxed&quot;}\">\n\t\t\t\t\t<div class=\"e-con-inner\">\n\t\t<div class=\"elementor-element elementor-element-1884ac9 e-con-full e-flex e-con\" data-id=\"1884ac9\" data-element_type=\"container\" data-settings=\"{&quot;content_width&quot;:&quot;full&quot;}\">\n\t\t\t\t<div class=\"elementor-element elementor-element-44cc871 elementor-widget elementor-widget-heading\" data-id=\"44cc871\" data-element_type=\"widget\" data-widget_type=\"heading.default\">\n\t\t\t\t<div class=\"elementor-widget-container\">\n\t\t\t<h2 class=\"elementor-heading-title elementor-size-default\">A forma\u00e7\u00e3o e a descoberta dos pr\u00f3prios caminhos<\/h2>\t\t<\/div>\n\t\t\t\t<\/div>\n\t\t\t\t<div class=\"elementor-element elementor-element-4e3dfbc elementor-widget elementor-widget-text-editor\" data-id=\"4e3dfbc\" data-element_type=\"widget\" data-widget_type=\"text-editor.default\">\n\t\t\t\t<div class=\"elementor-widget-container\">\n\t\t\t\t\t\t\t<p>O modelo educacional do Ensino Fundamental I est\u00e1 baseado no respeito \u00e0 crian\u00e7a. Ela \u00e9 tratada como indiv\u00edduo livre, pensante, capaz, potente, criativo e descobridor de seu espa\u00e7o. Ela \u00e9 estimulada a fazer novas descobertas, construindo conhecimentos, enriquecendo valores, interagindo em seu meio ambiente e transformando para um mundo melhor.<\/p><p>Assim, alcan\u00e7a a liberdade, o respeito ao outro e percebe-se um ser social, seguro e \u00edntegro perante o seu grupo. A nossa proposta visa a uma forma\u00e7\u00e3o ampla e integrada, para que nossos alunos possam, no futuro, assumir com dignidade o papel de cidad\u00e3os conscientes e respons\u00e1veis. Para que isso aconte\u00e7a, adotamos a Metodologia Ativa.<\/p><p>A Metodologia Ativa de ensino-aprendizagem baseia-se na forma de desenvolver o processo de aprender, utilizando experi\u00eancias reais ou simuladas, com capacidade para solucionar, com sucesso, tarefas essenciais em diferentes contextos. A Metodologia Ativa \u00e9 a aprendizagem significativa, baseada na problematiza\u00e7\u00e3o de situa\u00e7\u00f5es, para que os alunos entendam as causas, compreendam os fatos e, por meio da a\u00e7\u00e3o-reflex\u00e3o-a\u00e7\u00e3o, proponham as solu\u00e7\u00f5es.<\/p>\t\t\t\t\t\t<\/div>\n\t\t\t\t<\/div>\n\t\t\t\t<\/div>\n\t\t<div class=\"elementor-element elementor-element-5aae659 e-con-full e-flex e-con\" data-id=\"5aae659\" data-element_type=\"container\" data-settings=\"{&quot;content_width&quot;:&quot;full&quot;}\">\n\t\t\t\t<div class=\"elementor-element elementor-element-469483a elementor-widget elementor-widget-image\" data-id=\"469483a\" data-element_type=\"widget\" data-widget_type=\"image.default\">\n\t\t\t\t<div class=\"elementor-widget-container\">\n\t\t\t<style>\/*! elementor - v3.15.0 - 09-08-2023 *\/\n.elementor-widget-image{text-align:center}.elementor-widget-image a{display:inline-block}.elementor-widget-image a img[src$=\".svg\"]{width:48px}.elementor-widget-image img{vertical-align:middle;display:inline-block}<\/style>\t\t\t\t\t\t\t\t\t\t\t\t<img loading=\"lazy\" decoding=\"async\" width=\"800\" height=\"466\" src=\"https:\/\/rabbitmkt.com.br\/clientes\/araraazul\/wp-content\/uploads\/2024\/10\/alunos-ilustrados-fundamental-professora.svg\" class=\"attachment-large size-large wp-image-1634\" alt=\"\" \/>\t\t\t\t\t\t\t\t\t\t\t\t\t\t\t<\/div>\n\t\t\t\t<\/div>\n\t\t\t\t<\/div>\n\t\t\t\t\t<\/div>\n\t\t\t\t<\/div>\n\t\t<div class=\"elementor-element elementor-element-67e66e3 e-flex e-con-boxed e-con\" data-id=\"67e66e3\" data-element_type=\"container\" data-settings=\"{&quot;background_background&quot;:&quot;classic&quot;,&quot;content_width&quot;:&quot;boxed&quot;}\">\n\t\t\t\t\t<div class=\"e-con-inner\">\n\t\t<div class=\"elementor-element elementor-element-a0d82bc e-con-full e-flex e-con\" data-id=\"a0d82bc\" data-element_type=\"container\" data-settings=\"{&quot;content_width&quot;:&quot;full&quot;}\">\n\t\t\t\t<div class=\"elementor-element elementor-element-4baf7df elementor-widget elementor-widget-heading\" data-id=\"4baf7df\" data-element_type=\"widget\" data-widget_type=\"heading.default\">\n\t\t\t\t<div class=\"elementor-widget-container\">\n\t\t\t<h2 class=\"elementor-heading-title elementor-size-default\">Aprendizagem pensada para a fase mais importante da vida<\/h2>\t\t<\/div>\n\t\t\t\t<\/div>\n\t\t\t\t<div class=\"elementor-element elementor-element-4010f40 elementor-widget elementor-widget-text-editor\" data-id=\"4010f40\" data-element_type=\"widget\" data-widget_type=\"text-editor.default\">\n\t\t\t\t<div class=\"elementor-widget-container\">\n\t\t\t\t\t\t\t<p>Ensino Fundamental:<br \/><strong>anos iniciais<\/strong>\u00a0<small>(1.\u00ba ao 5.\u00ba ano)<\/small>\u00a0<span class=\"opacity-60 d-none d-md-inline\">\u2022<\/span>\u00a0<strong>anos finais<\/strong>\u00a0<small>(6.\u00ba ao 9.\u00ba ano)<\/small><\/p>\t\t\t\t\t\t<\/div>\n\t\t\t\t<\/div>\n\t\t\t\t<\/div>\n\t\t<div class=\"elementor-element elementor-element-5f52be0 e-con-full e-flex e-con\" data-id=\"5f52be0\" data-element_type=\"container\" data-settings=\"{&quot;content_width&quot;:&quot;full&quot;}\">\n\t\t\t\t<div class=\"elementor-element elementor-element-f29f0f5 elementor-widget elementor-widget-text-editor\" data-id=\"f29f0f5\" data-element_type=\"widget\" data-widget_type=\"text-editor.default\">\n\t\t\t\t<div class=\"elementor-widget-container\">\n\t\t\t\t\t\t\t<p>O Col\u00e9gio Arara Azul oferece uma programa\u00e7\u00e3o que envolve atividades variadas, com o fim de <strong>promover o desenvolvimento f\u00edsico, intelectual e emocional<\/strong>\u00a0dos educandos. Inclui, entre outras, a educa\u00e7\u00e3o f\u00edsica e os jogos, a consci\u00eancia ecol\u00f3gica, a educa\u00e7\u00e3o sensorial, a socializa\u00e7\u00e3o, o pensamento criativo e cr\u00edtico, a sondagem de aptid\u00f5es, o incentivo ao racioc\u00ednio l\u00f3gico e o est\u00edmulo do senso est\u00e9tico, em um esfor\u00e7o integrado de desenvolvimento da personalidade.<\/p><p>O que se pretende \u00e9 dar ao aluno\u00a0<strong>condi\u00e7\u00f5es para uma forma\u00e7\u00e3o plena<\/strong>: al\u00e9m da informa\u00e7\u00e3o, da constru\u00e7\u00e3o e da troca de conhecimento, o aluno tem oportunidade de participar de atividades culturais e esportivas, descobrindo sua criatividade, suas tend\u00eancias, seus gostos e desenvolvendo-os plenamente.<\/p>\t\t\t\t\t\t<\/div>\n\t\t\t\t<\/div>\n\t\t\t\t<\/div>\n\t\t\t\t\t<\/div>\n\t\t\t\t<\/div>\n\t\t\t\t\t\t\t<\/div>\n\t\t","protected":false},"excerpt":{"rendered":"<p>Home \/ Ensino \/ Ensino Fundamental &#8211; Anos Iniciais Ensino Fundamental I 1.\u00ba ao 5.\u00ba ano\u00a0no Col\u00e9gio Arara Azul A forma\u00e7\u00e3o e a descoberta dos pr\u00f3prios caminhos O modelo educacional do Ensino Fundamental I est\u00e1 baseado no respeito \u00e0 crian\u00e7a. Ela \u00e9 tratada como indiv\u00edduo livre, pensante, capaz, potente, criativo e descobridor de seu espa\u00e7o. [&hellip;]<\/p>\n","protected":false},"author":1,"featured_media":0,"parent":0,"menu_order":0,"comment_status":"closed","ping_status":"closed","template":"","meta":{"footnotes":""},"class_list":["post-841","page","type-page","status-publish","hentry"],"_links":{"self":[{"href":"https:\/\/rabbitmkt.com.br\/clientes\/araraazul\/wp-json\/wp\/v2\/pages\/841"}],"collection":[{"href":"https:\/\/rabbitmkt.com.br\/clientes\/araraazul\/wp-json\/wp\/v2\/pages"}],"about":[{"href":"https:\/\/rabbitmkt.com.br\/clientes\/araraazul\/wp-json\/wp\/v2\/types\/page"}],"author":[{"embeddable":true,"href":"https:\/\/rabbitmkt.com.br\/clientes\/araraazul\/wp-json\/wp\/v2\/users\/1"}],"replies":[{"embeddable":true,"href":"https:\/\/rabbitmkt.com.br\/clientes\/araraazul\/wp-json\/wp\/v2\/comments?post=841"}],"version-history":[{"count":92,"href":"https:\/\/rabbitmkt.com.br\/clientes\/araraazul\/wp-json\/wp\/v2\/pages\/841\/revisions"}],"predecessor-version":[{"id":1894,"href":"https:\/\/rabbitmkt.com.br\/clientes\/araraazul\/wp-json\/wp\/v2\/pages\/841\/revisions\/1894"}],"wp:attachment":[{"href":"https:\/\/rabbitmkt.com.br\/clientes\/araraazul\/wp-json\/wp\/v2\/media?parent=841"}],"curies":[{"name":"wp","href":"https:\/\/api.w.org\/{rel}","templated":true}]}}