{"id":842,"date":"2023-10-30T16:18:15","date_gmt":"2023-10-30T16:18:15","guid":{"rendered":"https:\/\/rabbitmkt.com.br\/clientes\/araraazul\/?page_id=842"},"modified":"2025-10-21T17:42:44","modified_gmt":"2025-10-21T17:42:44","slug":"ensino-fundamental-anos-finais","status":"publish","type":"page","link":"https:\/\/rabbitmkt.com.br\/clientes\/araraazul\/ensino-fundamental-anos-finais\/","title":{"rendered":"Ensino Fundamental &#8211; Anos Finais"},"content":{"rendered":"\t\t<div data-elementor-type=\"wp-page\" data-elementor-id=\"842\" class=\"elementor elementor-842\" data-elementor-post-type=\"page\">\n\t\t\t\t\t\t\t<div class=\"elementor-element elementor-element-d8cd90a e-flex e-con-boxed e-con\" data-id=\"d8cd90a\" data-element_type=\"container\" data-settings=\"{&quot;background_background&quot;:&quot;classic&quot;,&quot;content_width&quot;:&quot;boxed&quot;}\">\n\t\t\t\t\t<div class=\"e-con-inner\">\n\t\t\t\t<div class=\"elementor-element elementor-element-e4beed1 elementor-icon-list--layout-inline elementor-align-center elementor-list-item-link-full_width elementor-widget elementor-widget-icon-list\" data-id=\"e4beed1\" data-element_type=\"widget\" data-widget_type=\"icon-list.default\">\n\t\t\t\t<div class=\"elementor-widget-container\">\n\t\t\t<link rel=\"stylesheet\" href=\"https:\/\/rabbitmkt.com.br\/clientes\/araraazul\/wp-content\/plugins\/elementor\/assets\/css\/widget-icon-list.min.css\">\t\t<ul class=\"elementor-icon-list-items elementor-inline-items\">\n\t\t\t\t\t\t\t<li class=\"elementor-icon-list-item elementor-inline-item\">\n\t\t\t\t\t\t\t\t\t\t\t<a href=\"https:\/\/centroeducacionaldaribeira.com.br\/\">\n\n\t\t\t\t\t\t\t\t\t\t\t<span class=\"elementor-icon-list-text\">Home    \/<\/span>\n\t\t\t\t\t\t\t\t\t\t\t<\/a>\n\t\t\t\t\t\t\t\t\t<\/li>\n\t\t\t\t\t\t\t\t<li class=\"elementor-icon-list-item elementor-inline-item\">\n\t\t\t\t\t\t\t\t\t\t<span class=\"elementor-icon-list-text\">Ensino \/<\/span>\n\t\t\t\t\t\t\t\t\t<\/li>\n\t\t\t\t\t\t\t\t<li class=\"elementor-icon-list-item elementor-inline-item\">\n\t\t\t\t\t\t\t\t\t\t<span class=\"elementor-icon-list-text\">Ensino Fundamental - Anos Finais<\/span>\n\t\t\t\t\t\t\t\t\t<\/li>\n\t\t\t\t\t\t<\/ul>\n\t\t\t\t<\/div>\n\t\t\t\t<\/div>\n\t\t\t\t<div class=\"elementor-element elementor-element-0ae8526 elementor-widget elementor-widget-heading\" data-id=\"0ae8526\" data-element_type=\"widget\" data-widget_type=\"heading.default\">\n\t\t\t\t<div class=\"elementor-widget-container\">\n\t\t\t<style>\/*! elementor - v3.15.0 - 09-08-2023 *\/\n.elementor-heading-title{padding:0;margin:0;line-height:1}.elementor-widget-heading .elementor-heading-title[class*=elementor-size-]>a{color:inherit;font-size:inherit;line-height:inherit}.elementor-widget-heading .elementor-heading-title.elementor-size-small{font-size:15px}.elementor-widget-heading .elementor-heading-title.elementor-size-medium{font-size:19px}.elementor-widget-heading .elementor-heading-title.elementor-size-large{font-size:29px}.elementor-widget-heading .elementor-heading-title.elementor-size-xl{font-size:39px}.elementor-widget-heading .elementor-heading-title.elementor-size-xxl{font-size:59px}<\/style><h2 class=\"elementor-heading-title elementor-size-default\">Ensino Fundamental II<\/h2>\t\t<\/div>\n\t\t\t\t<\/div>\n\t\t\t\t<div class=\"elementor-element elementor-element-fd03d62 elementor-widget elementor-widget-text-editor\" data-id=\"fd03d62\" data-element_type=\"widget\" data-widget_type=\"text-editor.default\">\n\t\t\t\t<div class=\"elementor-widget-container\">\n\t\t\t<style>\/*! elementor - v3.15.0 - 09-08-2023 *\/\n.elementor-widget-text-editor.elementor-drop-cap-view-stacked .elementor-drop-cap{background-color:#69727d;color:#fff}.elementor-widget-text-editor.elementor-drop-cap-view-framed .elementor-drop-cap{color:#69727d;border:3px solid;background-color:transparent}.elementor-widget-text-editor:not(.elementor-drop-cap-view-default) .elementor-drop-cap{margin-top:8px}.elementor-widget-text-editor:not(.elementor-drop-cap-view-default) .elementor-drop-cap-letter{width:1em;height:1em}.elementor-widget-text-editor .elementor-drop-cap{float:left;text-align:center;line-height:1;font-size:50px}.elementor-widget-text-editor .elementor-drop-cap-letter{display:inline-block}<\/style>\t\t\t\t<h2 class=\"h5\"><strong>6.\u00ba ao 9 ano<\/strong>\u00a0no Col\u00e9gio Arara Azul<\/h2>\t\t\t\t\t\t<\/div>\n\t\t\t\t<\/div>\n\t\t\t\t\t<\/div>\n\t\t\t\t<\/div>\n\t\t<div class=\"elementor-element elementor-element-56a84db e-flex e-con-boxed e-con\" data-id=\"56a84db\" data-element_type=\"container\" data-settings=\"{&quot;content_width&quot;:&quot;boxed&quot;}\">\n\t\t\t\t\t<div class=\"e-con-inner\">\n\t\t<div class=\"elementor-element elementor-element-d543a26 e-con-full e-flex e-con\" data-id=\"d543a26\" data-element_type=\"container\" data-settings=\"{&quot;content_width&quot;:&quot;full&quot;}\">\n\t\t\t\t<div class=\"elementor-element elementor-element-0f83b71 elementor-widget elementor-widget-heading\" data-id=\"0f83b71\" data-element_type=\"widget\" data-widget_type=\"heading.default\">\n\t\t\t\t<div class=\"elementor-widget-container\">\n\t\t\t<h2 class=\"elementor-heading-title elementor-size-default\">A forma\u00e7\u00e3o e a descoberta dos pr\u00f3prios caminhos<\/h2>\t\t<\/div>\n\t\t\t\t<\/div>\n\t\t\t\t<div class=\"elementor-element elementor-element-df5a260 elementor-widget elementor-widget-text-editor\" data-id=\"df5a260\" data-element_type=\"widget\" data-widget_type=\"text-editor.default\">\n\t\t\t\t<div class=\"elementor-widget-container\">\n\t\t\t\t\t\t\t<p>Formar o aluno para ser feliz \u00e9 tarefa primordial. Entender esse mundo requer uma forma\u00e7\u00e3o s\u00f3lida, com dom\u00ednio de elementos b\u00e1sicos para a vida nos aspectos f\u00edsico, intelectual e emocional, incluindo diversos pontos art\u00edsticos como M\u00fasica, Artes Visuais, Dan\u00e7a e Teatro.<\/p><p>Nossa metodologia ativa procura desenvolver a criatividade e o racioc\u00ednio l\u00f3gico, por meio de aulas dialogadas, interativas, em que s\u00e3o realizados questionamentos que instigam o pensar, a argumenta\u00e7\u00e3o e a investiga\u00e7\u00e3o. O diferencial da proposta \u00e9 a educa\u00e7\u00e3o compromissada com essa realidade em constante mudan\u00e7a. Para isso, atua de forma flex\u00edvel e din\u00e2mica com vis\u00e3o de futuro e envolvendo seus alunos no ritmo dos avan\u00e7os tecnol\u00f3gicos.<\/p><p>O Col\u00e9gio investe continuamente no conhecimento tanto dos alunos como dos professores e incentiva o estudo di\u00e1rio para despertar no aluno o prazer de aprender, sempre com um olhar individualizado e em parceria constante com a fam\u00edlia.<\/p>\t\t\t\t\t\t<\/div>\n\t\t\t\t<\/div>\n\t\t\t\t<\/div>\n\t\t<div class=\"elementor-element elementor-element-859fa8a e-con-full e-flex e-con\" data-id=\"859fa8a\" data-element_type=\"container\" data-settings=\"{&quot;content_width&quot;:&quot;full&quot;}\">\n\t\t\t\t<div class=\"elementor-element elementor-element-98a7e18 elementor-widget elementor-widget-image\" data-id=\"98a7e18\" data-element_type=\"widget\" data-widget_type=\"image.default\">\n\t\t\t\t<div class=\"elementor-widget-container\">\n\t\t\t<style>\/*! elementor - v3.15.0 - 09-08-2023 *\/\n.elementor-widget-image{text-align:center}.elementor-widget-image a{display:inline-block}.elementor-widget-image a img[src$=\".svg\"]{width:48px}.elementor-widget-image img{vertical-align:middle;display:inline-block}<\/style>\t\t\t\t\t\t\t\t\t\t\t\t<img loading=\"lazy\" decoding=\"async\" width=\"740\" height=\"740\" src=\"https:\/\/rabbitmkt.com.br\/clientes\/araraazul\/wp-content\/uploads\/2024\/10\/personagens-separados-de-criancas-multiculturais-de-arte-digital-2d_961038-28711.jpg\" class=\"attachment-large size-large wp-image-1683\" alt=\"\" srcset=\"https:\/\/rabbitmkt.com.br\/clientes\/araraazul\/wp-content\/uploads\/2024\/10\/personagens-separados-de-criancas-multiculturais-de-arte-digital-2d_961038-28711.jpg 740w, https:\/\/rabbitmkt.com.br\/clientes\/araraazul\/wp-content\/uploads\/2024\/10\/personagens-separados-de-criancas-multiculturais-de-arte-digital-2d_961038-28711-300x300.jpg 300w, https:\/\/rabbitmkt.com.br\/clientes\/araraazul\/wp-content\/uploads\/2024\/10\/personagens-separados-de-criancas-multiculturais-de-arte-digital-2d_961038-28711-150x150.jpg 150w\" sizes=\"(max-width: 740px) 100vw, 740px\" \/>\t\t\t\t\t\t\t\t\t\t\t\t\t\t\t<\/div>\n\t\t\t\t<\/div>\n\t\t\t\t<\/div>\n\t\t\t\t\t<\/div>\n\t\t\t\t<\/div>\n\t\t<div class=\"elementor-element elementor-element-028f8e1 e-flex e-con-boxed e-con\" data-id=\"028f8e1\" data-element_type=\"container\" data-settings=\"{&quot;background_background&quot;:&quot;classic&quot;,&quot;content_width&quot;:&quot;boxed&quot;}\">\n\t\t\t\t\t<div class=\"e-con-inner\">\n\t\t<div class=\"elementor-element elementor-element-7c601a9 e-con-full e-flex e-con\" data-id=\"7c601a9\" data-element_type=\"container\" data-settings=\"{&quot;content_width&quot;:&quot;full&quot;}\">\n\t\t\t\t<div class=\"elementor-element elementor-element-8dc82fe elementor-widget elementor-widget-heading\" data-id=\"8dc82fe\" data-element_type=\"widget\" data-widget_type=\"heading.default\">\n\t\t\t\t<div class=\"elementor-widget-container\">\n\t\t\t<h2 class=\"elementor-heading-title elementor-size-default\">Aprendizagem pensada para a fase mais importante da vida<\/h2>\t\t<\/div>\n\t\t\t\t<\/div>\n\t\t\t\t<div class=\"elementor-element elementor-element-c5c8fcb elementor-widget elementor-widget-text-editor\" data-id=\"c5c8fcb\" data-element_type=\"widget\" data-widget_type=\"text-editor.default\">\n\t\t\t\t<div class=\"elementor-widget-container\">\n\t\t\t\t\t\t\t<p>Ensino Fundamental:<br \/><strong>anos iniciais<\/strong>\u00a0<small>(1.\u00ba ao 5.\u00ba ano)<\/small>\u00a0<span class=\"opacity-60 d-none d-md-inline\">\u2022<\/span>\u00a0<strong>anos finais<\/strong>\u00a0<small>(6.\u00ba ao 9.\u00ba ano)<\/small><\/p>\t\t\t\t\t\t<\/div>\n\t\t\t\t<\/div>\n\t\t\t\t<\/div>\n\t\t<div class=\"elementor-element elementor-element-3d1a789 e-con-full e-flex e-con\" data-id=\"3d1a789\" data-element_type=\"container\" data-settings=\"{&quot;content_width&quot;:&quot;full&quot;}\">\n\t\t\t\t<div class=\"elementor-element elementor-element-57d6115 elementor-widget elementor-widget-text-editor\" data-id=\"57d6115\" data-element_type=\"widget\" data-widget_type=\"text-editor.default\">\n\t\t\t\t<div class=\"elementor-widget-container\">\n\t\t\t\t\t\t\t<p>O Col\u00e9gio Arara Azul oferece uma programa\u00e7\u00e3o que envolve atividades variadas, com o fim de <strong>promover o desenvolvimento f\u00edsico, intelectual e emocional<\/strong>\u00a0dos educandos. Inclui, entre outras, a educa\u00e7\u00e3o f\u00edsica e os jogos, a consci\u00eancia ecol\u00f3gica, a educa\u00e7\u00e3o sensorial, a socializa\u00e7\u00e3o, o pensamento criativo e cr\u00edtico, a sondagem de aptid\u00f5es, o incentivo ao racioc\u00ednio l\u00f3gico e o est\u00edmulo do senso est\u00e9tico, em um esfor\u00e7o integrado de desenvolvimento da personalidade.<\/p><p>O que se pretende \u00e9 dar ao aluno\u00a0<strong>condi\u00e7\u00f5es para uma forma\u00e7\u00e3o plena<\/strong>: al\u00e9m da informa\u00e7\u00e3o, da constru\u00e7\u00e3o e da troca de conhecimento, o aluno tem oportunidade de participar de atividades culturais e esportivas, descobrindo sua criatividade, suas tend\u00eancias, seus gostos e desenvolvendo-os plenamente.<\/p>\t\t\t\t\t\t<\/div>\n\t\t\t\t<\/div>\n\t\t\t\t<\/div>\n\t\t\t\t\t<\/div>\n\t\t\t\t<\/div>\n\t\t\t\t\t\t\t<\/div>\n\t\t","protected":false},"excerpt":{"rendered":"<p>Home \/ Ensino \/ Ensino Fundamental &#8211; Anos Finais Ensino Fundamental II 6.\u00ba ao 9 ano\u00a0no Col\u00e9gio Arara Azul A forma\u00e7\u00e3o e a descoberta dos pr\u00f3prios caminhos Formar o aluno para ser feliz \u00e9 tarefa primordial. Entender esse mundo requer uma forma\u00e7\u00e3o s\u00f3lida, com dom\u00ednio de elementos b\u00e1sicos para a vida nos aspectos f\u00edsico, intelectual [&hellip;]<\/p>\n","protected":false},"author":1,"featured_media":0,"parent":0,"menu_order":0,"comment_status":"closed","ping_status":"closed","template":"","meta":{"footnotes":""},"class_list":["post-842","page","type-page","status-publish","hentry"],"_links":{"self":[{"href":"https:\/\/rabbitmkt.com.br\/clientes\/araraazul\/wp-json\/wp\/v2\/pages\/842"}],"collection":[{"href":"https:\/\/rabbitmkt.com.br\/clientes\/araraazul\/wp-json\/wp\/v2\/pages"}],"about":[{"href":"https:\/\/rabbitmkt.com.br\/clientes\/araraazul\/wp-json\/wp\/v2\/types\/page"}],"author":[{"embeddable":true,"href":"https:\/\/rabbitmkt.com.br\/clientes\/araraazul\/wp-json\/wp\/v2\/users\/1"}],"replies":[{"embeddable":true,"href":"https:\/\/rabbitmkt.com.br\/clientes\/araraazul\/wp-json\/wp\/v2\/comments?post=842"}],"version-history":[{"count":23,"href":"https:\/\/rabbitmkt.com.br\/clientes\/araraazul\/wp-json\/wp\/v2\/pages\/842\/revisions"}],"predecessor-version":[{"id":1891,"href":"https:\/\/rabbitmkt.com.br\/clientes\/araraazul\/wp-json\/wp\/v2\/pages\/842\/revisions\/1891"}],"wp:attachment":[{"href":"https:\/\/rabbitmkt.com.br\/clientes\/araraazul\/wp-json\/wp\/v2\/media?parent=842"}],"curies":[{"name":"wp","href":"https:\/\/api.w.org\/{rel}","templated":true}]}}