{"id":1091,"date":"2024-04-12T13:13:47","date_gmt":"2024-04-12T13:13:47","guid":{"rendered":"https:\/\/rabbitmkt.com.br\/clientes\/colegio_brasil\/?page_id=1091"},"modified":"2024-11-21T19:26:17","modified_gmt":"2024-11-21T19:26:17","slug":"educacao_infantil","status":"publish","type":"page","link":"https:\/\/rabbitmkt.com.br\/clientes\/colegio_brasil\/educacao_infantil\/","title":{"rendered":"[Educa\u00e7\u00e3o_Infantil]"},"content":{"rendered":"\t\t<div data-elementor-type=\"wp-page\" data-elementor-id=\"1091\" class=\"elementor elementor-1091\" data-elementor-post-type=\"page\">\n\t\t\t\t<div data-particle_enable=\"false\" data-particle-mobile-disabled=\"false\" class=\"elementor-element elementor-element-8de0c46 e-con-full e-flex e-con e-parent\" data-id=\"8de0c46\" data-element_type=\"container\" data-settings=\"{&quot;background_background&quot;:&quot;classic&quot;}\">\n\t\t\t\t<div class=\"elementor-element elementor-element-292ac41 elementor-widget elementor-widget-heading\" data-id=\"292ac41\" data-element_type=\"widget\" data-widget_type=\"heading.default\">\n\t\t\t\t<div class=\"elementor-widget-container\">\n\t\t\t<style>\/*! elementor - v3.21.0 - 25-04-2024 *\/\n.elementor-heading-title{padding:0;margin:0;line-height:1}.elementor-widget-heading .elementor-heading-title[class*=elementor-size-]>a{color:inherit;font-size:inherit;line-height:inherit}.elementor-widget-heading .elementor-heading-title.elementor-size-small{font-size:15px}.elementor-widget-heading .elementor-heading-title.elementor-size-medium{font-size:19px}.elementor-widget-heading .elementor-heading-title.elementor-size-large{font-size:29px}.elementor-widget-heading .elementor-heading-title.elementor-size-xl{font-size:39px}.elementor-widget-heading .elementor-heading-title.elementor-size-xxl{font-size:59px}<\/style><h2 class=\"elementor-heading-title elementor-size-default\">Educa\u00e7\u00e3o Infantil<\/h2>\t\t<\/div>\n\t\t\t\t<\/div>\n\t\t\t\t<\/div>\n\t\t<div data-particle_enable=\"false\" data-particle-mobile-disabled=\"false\" class=\"elementor-element elementor-element-46d45d7 e-flex e-con-boxed e-con e-parent\" data-id=\"46d45d7\" data-element_type=\"container\">\n\t\t\t\t\t<div class=\"e-con-inner\">\n\t\t<div data-particle_enable=\"false\" data-particle-mobile-disabled=\"false\" class=\"elementor-element elementor-element-a9e55a6 e-con-full e-flex e-con e-child\" data-id=\"a9e55a6\" data-element_type=\"container\">\n\t\t\t\t<div class=\"elementor-element elementor-element-505450e elementor-widget elementor-widget-heading\" data-id=\"505450e\" data-element_type=\"widget\" data-widget_type=\"heading.default\">\n\t\t\t\t<div class=\"elementor-widget-container\">\n\t\t\t<h2 class=\"elementor-heading-title elementor-size-default\">A\u00a0Educa\u00e7\u00e3o Infantil\u00a0do Col\u00e9gio Brasil <br>\nCrian\u00e7as de 4 e 5 anos.<\/h2>\t\t<\/div>\n\t\t\t\t<\/div>\n\t\t\t\t<div class=\"elementor-element elementor-element-35558c9 elementor-widget elementor-widget-text-editor\" data-id=\"35558c9\" data-element_type=\"widget\" data-widget_type=\"text-editor.default\">\n\t\t\t\t<div class=\"elementor-widget-container\">\n\t\t\t<style>\/*! elementor - v3.21.0 - 25-04-2024 *\/\n.elementor-widget-text-editor.elementor-drop-cap-view-stacked .elementor-drop-cap{background-color:#69727d;color:#fff}.elementor-widget-text-editor.elementor-drop-cap-view-framed .elementor-drop-cap{color:#69727d;border:3px solid;background-color:transparent}.elementor-widget-text-editor:not(.elementor-drop-cap-view-default) .elementor-drop-cap{margin-top:8px}.elementor-widget-text-editor:not(.elementor-drop-cap-view-default) .elementor-drop-cap-letter{width:1em;height:1em}.elementor-widget-text-editor .elementor-drop-cap{float:left;text-align:center;line-height:1;font-size:50px}.elementor-widget-text-editor .elementor-drop-cap-letter{display:inline-block}<\/style>\t\t\t\tA educa\u00e7\u00e3o infantil \u00e9 a primeira etapa da crian\u00e7a na escola, \u00e9 nesta fase que aprende a descobrir, conhecer e a contribuir para o desenvolvimento global da crian\u00e7a.As crian\u00e7as assimilam atrav\u00e9s de viv\u00eancias que permitem explorar, manipular, experimentar o que estimula a constru\u00e7\u00e3o de ideias possibilitando transformar a realidade em que est\u00e3o inseridos.\n\nPara esta etapa t\u00e3o rica e essencial, a educa\u00e7\u00e3o infantil do Col\u00e9gio Brasil complementa a atua\u00e7\u00e3o da fam\u00edlia, a inser\u00e7\u00e3o social e comunit\u00e1ria, por meio de est\u00edmulos, num ambiente agrad\u00e1vel, criando bases solidas a sua autonomia pessoal e necess\u00e1rias ao desenvolvimento intelectual.\n\nContamos com profissionais dedicados, amorosos, conduzindo as nossas crian\u00e7as a refletirem, praticarem os conhecimentos adquiridos, al\u00e9m de estimularem a viv\u00eancia em sociedade de forma divertida e prazerosa.\n\n<strong><em>Utilizamos a metodologia do Sistema de Ensino do Objetivo na Educa\u00e7\u00e3o Infantil<\/em><\/strong>\n\nO per\u00edodo da Primeira Inf\u00e2ncia, \u00e9 de extrema import\u00e2ncia para todo o desenvolvimento humano, pois favorece viv\u00eancias e descobertas que colaboram com a\u00a0<strong>forma\u00e7\u00e3o integral do indiv\u00edduo<\/strong>\u00a0no aspecto social, emocional, f\u00edsico, cognitivo e cultural.\n\nN\u00f3s do Colegio Brasil, promovemos experi\u00eancias para um aprendizado significativo, despertando a curiosidade para que a crian\u00e7a se sinta ativa e seja a protagonista nesse processo.\n\nDurante toda a\u00a0<strong>Educa\u00e7\u00e3o Infantil<\/strong>\u00a0oportunizamos um ambiente de letramento que enriquece o repert\u00f3rio da crian\u00e7a, favorecendo a alfabetiza\u00e7\u00e3o, uma vez que a aquisi\u00e7\u00e3o da base alfab\u00e9tica ocorra de forma processual, propiciando melhor base para a entrada no Ensino Fundamental.\t\t\t\t\t\t<\/div>\n\t\t\t\t<\/div>\n\t\t\t\t<\/div>\n\t\t<div data-particle_enable=\"false\" data-particle-mobile-disabled=\"false\" class=\"elementor-element elementor-element-c72b771 e-con-full e-flex e-con e-child\" data-id=\"c72b771\" data-element_type=\"container\">\n\t\t\t\t<div class=\"elementor-element elementor-element-b30acf5 elementor--h-position-center elementor--v-position-middle elementor-arrows-position-inside elementor-widget elementor-widget-slides\" data-id=\"b30acf5\" data-element_type=\"widget\" data-settings=\"{&quot;navigation&quot;:&quot;arrows&quot;,&quot;autoplay&quot;:&quot;yes&quot;,&quot;autoplay_speed&quot;:5000,&quot;infinite&quot;:&quot;yes&quot;,&quot;transition&quot;:&quot;slide&quot;,&quot;transition_speed&quot;:500}\" data-widget_type=\"slides.default\">\n\t\t\t\t<div class=\"elementor-widget-container\">\n\t\t\t<style>\/*! elementor-pro - v3.20.0 - 26-03-2024 *\/\n.elementor-slides .swiper-slide-bg{background-size:cover;background-position:50%;background-repeat:no-repeat;min-width:100%;min-height:100%}.elementor-slides .swiper-slide-inner{background-repeat:no-repeat;background-position:50%;position:absolute;top:0;left:0;bottom:0;right:0;padding:50px;margin:auto}.elementor-slides .swiper-slide-inner,.elementor-slides .swiper-slide-inner:hover{color:#fff;display:flex}.elementor-slides .swiper-slide-inner .elementor-background-overlay{position:absolute;z-index:0;top:0;bottom:0;left:0;right:0}.elementor-slides .swiper-slide-inner .elementor-slide-content{position:relative;z-index:1;width:100%}.elementor-slides .swiper-slide-inner .elementor-slide-heading{font-size:35px;font-weight:700;line-height:1}.elementor-slides .swiper-slide-inner .elementor-slide-description{font-size:17px;line-height:1.4}.elementor-slides .swiper-slide-inner .elementor-slide-description:not(:last-child),.elementor-slides .swiper-slide-inner .elementor-slide-heading:not(:last-child){margin-bottom:30px}.elementor-slides .swiper-slide-inner .elementor-slide-button{border:2px solid #fff;color:#fff;background:transparent;display:inline-block}.elementor-slides .swiper-slide-inner .elementor-slide-button,.elementor-slides .swiper-slide-inner .elementor-slide-button:hover{background:transparent;color:inherit;text-decoration:none}.elementor--v-position-top .swiper-slide-inner{align-items:flex-start}.elementor--v-position-bottom .swiper-slide-inner{align-items:flex-end}.elementor--v-position-middle .swiper-slide-inner{align-items:center}.elementor--h-position-left .swiper-slide-inner{justify-content:flex-start}.elementor--h-position-right .swiper-slide-inner{justify-content:flex-end}.elementor--h-position-center .swiper-slide-inner{justify-content:center}body.rtl .elementor-widget-slides .elementor-swiper-button-next{left:10px;right:auto}body.rtl .elementor-widget-slides .elementor-swiper-button-prev{right:10px;left:auto}.elementor-slides-wrapper div:not(.swiper-slide)>.swiper-slide-inner{display:none}@media (max-width:767px){.elementor-slides .swiper-slide-inner{padding:30px}.elementor-slides .swiper-slide-inner .elementor-slide-heading{font-size:23px;line-height:1;margin-bottom:15px}.elementor-slides .swiper-slide-inner .elementor-slide-description{font-size:13px;line-height:1.4;margin-bottom:15px}}<\/style>\t\t<div class=\"elementor-swiper\">\n\t\t\t<div class=\"elementor-slides-wrapper elementor-main-swiper swiper\" dir=\"ltr\" data-animation=\"fadeInUp\">\n\t\t\t\t<div class=\"swiper-wrapper elementor-slides\">\n\t\t\t\t\t\t\t\t\t\t<div class=\"elementor-repeater-item-a22a47a swiper-slide\"><div class=\"swiper-slide-bg\" role=\"img\"><\/div><div class=\"swiper-slide-inner\" ><div class=\"swiper-slide-contents\"><\/div><\/div><\/div>\t\t\t\t<\/div>\n\t\t\t\t\t\t\t<\/div>\n\t\t<\/div>\n\t\t\t\t<\/div>\n\t\t\t\t<\/div>\n\t\t\t\t<\/div>\n\t\t\t\t\t<\/div>\n\t\t\t\t<\/div>\n\t\t<div data-particle_enable=\"false\" data-particle-mobile-disabled=\"false\" class=\"elementor-element elementor-element-f8a3185 elementor-hidden-desktop elementor-hidden-tablet elementor-hidden-mobile e-flex e-con-boxed e-con e-parent\" data-id=\"f8a3185\" data-element_type=\"container\">\n\t\t\t\t\t<div class=\"e-con-inner\">\n\t\t<div data-particle_enable=\"false\" data-particle-mobile-disabled=\"false\" class=\"elementor-element elementor-element-d7a84fa e-con-full e-flex e-con e-child\" data-id=\"d7a84fa\" data-element_type=\"container\" data-settings=\"{&quot;background_background&quot;:&quot;classic&quot;}\">\n\t\t\t\t<\/div>\n\t\t<div data-particle_enable=\"false\" data-particle-mobile-disabled=\"false\" class=\"elementor-element elementor-element-e0aea79 e-con-full e-flex e-con e-child\" data-id=\"e0aea79\" data-element_type=\"container\">\n\t\t\t\t<div class=\"elementor-element elementor-element-3b99301 elementor-widget elementor-widget-heading\" data-id=\"3b99301\" data-element_type=\"widget\" data-widget_type=\"heading.default\">\n\t\t\t\t<div class=\"elementor-widget-container\">\n\t\t\t<h2 class=\"elementor-heading-title elementor-size-default\">Proposta Pedag\u00f3gica<\/h2>\t\t<\/div>\n\t\t\t\t<\/div>\n\t\t\t\t<div class=\"elementor-element elementor-element-9f3cbc8 elementor-widget elementor-widget-heading\" data-id=\"9f3cbc8\" data-element_type=\"widget\" data-widget_type=\"heading.default\">\n\t\t\t\t<div class=\"elementor-widget-container\">\n\t\t\t<h2 class=\"elementor-heading-title elementor-size-default\">Col\u00e9gio Brasil onde o conhecimento ganha vida.<\/h2>\t\t<\/div>\n\t\t\t\t<\/div>\n\t\t\t\t<div class=\"elementor-element elementor-element-19bc357 elementor-widget elementor-widget-text-editor\" data-id=\"19bc357\" data-element_type=\"widget\" data-widget_type=\"text-editor.default\">\n\t\t\t\t<div class=\"elementor-widget-container\">\n\t\t\t\t\t\t\t<p>O desenvolvimento f\u00edsico integral das crian\u00e7as, que acontece por meio de jogos, viv\u00eancias e brincadeiras, destacando o campo &#8220;Corpo, gesto e movimento&#8221; o desenvolvimento cognitivo com uma rica programa\u00e7\u00e3o das aulas e com material did\u00e1tico voltado para as peculiaridades de cada faixa et\u00e1ria<\/p><p>Nossas atividades s\u00e3o baseadas nas experi\u00eancias pessoais, assim as crian\u00e7as reconhecem suas habilidades e limita\u00e7\u00f5es brincando, por meio de est\u00edmulos, em um ambiente agrad\u00e1vel, criando bases s\u00f3lidas a sua autonomia pessoal, necess\u00e1rias ao desenvolvimento intelectual.<\/p><p>Nossa proposta pedag\u00f3gica valoriza a abordagem centrada na crian\u00e7a, onde as atividades s\u00e3o cuidadosamente planejadas para estimular o desenvolvimento integral de cada aluno. Atrav\u00e9s de experi\u00eancias pessoais significativas, as crian\u00e7as s\u00e3o incentivadas a explorar, descobrir e aprender, reconhecendo suas habilidades e limita\u00e7\u00f5es de forma natural.<\/p><p>Em um ambiente acolhedor e estimulante, nossos profissionais dedicados e amorosos guiam os alunos em sua jornada de descoberta, promovendo valores essenciais para a vida em sociedade de maneira divertida e prazerosa. Nosso objetivo \u00e9 criar bases s\u00f3lidas para a autonomia pessoal das crian\u00e7as, fundamentais para o seu desenvolvimento intelectual e emocional ao longo da vida.<\/p>\t\t\t\t\t\t<\/div>\n\t\t\t\t<\/div>\n\t\t\t\t<\/div>\n\t\t\t\t\t<\/div>\n\t\t\t\t<\/div>\n\t\t<div data-particle_enable=\"false\" data-particle-mobile-disabled=\"false\" class=\"elementor-element elementor-element-90818dd e-flex e-con-boxed e-con e-parent\" data-id=\"90818dd\" data-element_type=\"container\" data-settings=\"{&quot;background_background&quot;:&quot;classic&quot;}\">\n\t\t\t\t\t<div class=\"e-con-inner\">\n\t\t<div data-particle_enable=\"false\" data-particle-mobile-disabled=\"false\" class=\"elementor-element elementor-element-382cad1 e-con-full e-flex e-con e-child\" data-id=\"382cad1\" data-element_type=\"container\">\n\t\t\t\t<div class=\"elementor-element elementor-element-438de1d elementor-widget elementor-widget-heading\" data-id=\"438de1d\" data-element_type=\"widget\" data-widget_type=\"heading.default\">\n\t\t\t\t<div class=\"elementor-widget-container\">\n\t\t\t<h2 class=\"elementor-heading-title elementor-size-default\">Matr\u00edculas abertas!<\/h2>\t\t<\/div>\n\t\t\t\t<\/div>\n\t\t\t\t<div class=\"elementor-element elementor-element-aa2da9a elementor-widget elementor-widget-heading\" data-id=\"aa2da9a\" data-element_type=\"widget\" data-widget_type=\"heading.default\">\n\t\t\t\t<div class=\"elementor-widget-container\">\n\t\t\t<h2 class=\"elementor-heading-title elementor-size-default\">Venha conhecer o  Col\u00e9gio Brasil<\/h2>\t\t<\/div>\n\t\t\t\t<\/div>\n\t\t\t\t<\/div>\n\t\t<div data-particle_enable=\"false\" data-particle-mobile-disabled=\"false\" class=\"elementor-element elementor-element-3a0c27a e-con-full e-flex e-con e-child\" data-id=\"3a0c27a\" data-element_type=\"container\">\n\t\t\t\t<div class=\"elementor-element elementor-element-650a87e elementor-align-center elementor-widget elementor-widget-button\" data-id=\"650a87e\" data-element_type=\"widget\" data-widget_type=\"button.default\">\n\t\t\t\t<div class=\"elementor-widget-container\">\n\t\t\t\t\t<div class=\"elementor-button-wrapper\">\n\t\t\t<a class=\"elementor-button elementor-button-link elementor-size-md elementor-animation-pulse-grow\" href=\"https:\/\/rabbitmkt.com.br\/clientes\/colegio_brasil\/agende_visita\/\">\n\t\t\t\t\t\t<span class=\"elementor-button-content-wrapper\">\n\t\t\t\t\t\t\t\t\t<span class=\"elementor-button-text\">Agende uma visita<\/span>\n\t\t\t\t\t<\/span>\n\t\t\t\t\t<\/a>\n\t\t<\/div>\n\t\t\t\t<\/div>\n\t\t\t\t<\/div>\n\t\t\t\t<\/div>\n\t\t\t\t\t<\/div>\n\t\t\t\t<\/div>\n\t\t<div data-particle_enable=\"false\" data-particle-mobile-disabled=\"false\" class=\"elementor-element elementor-element-0e5bcc4 e-flex e-con-boxed e-con e-parent\" data-id=\"0e5bcc4\" data-element_type=\"container\">\n\t\t\t\t\t<div class=\"e-con-inner\">\n\t\t<div data-particle_enable=\"false\" data-particle-mobile-disabled=\"false\" class=\"elementor-element elementor-element-7b2e6a9 e-flex e-con-boxed e-con e-child\" data-id=\"7b2e6a9\" data-element_type=\"container\">\n\t\t\t\t\t<div class=\"e-con-inner\">\n\t\t<div data-particle_enable=\"false\" data-particle-mobile-disabled=\"false\" class=\"elementor-element elementor-element-dd2d2f8 e-flex e-con-boxed e-con e-child\" data-id=\"dd2d2f8\" data-element_type=\"container\" data-settings=\"{&quot;background_background&quot;:&quot;classic&quot;}\">\n\t\t\t\t\t<div class=\"e-con-inner\">\n\t\t\t\t<div class=\"elementor-element elementor-element-e14bc88 elementor-widget elementor-widget-heading\" data-id=\"e14bc88\" data-element_type=\"widget\" data-widget_type=\"heading.default\">\n\t\t\t\t<div class=\"elementor-widget-container\">\n\t\t\t<h2 class=\"elementor-heading-title elementor-size-default\">Quer conhecer mais sobre nossa estrutura pedag\u00f3gica? <br>\nEntre em contato conosco pelas op\u00e7\u00f5es abaixo:<\/h2>\t\t<\/div>\n\t\t\t\t<\/div>\n\t\t\t\t\t<\/div>\n\t\t\t\t<\/div>\n\t\t<div data-particle_enable=\"false\" data-particle-mobile-disabled=\"false\" class=\"elementor-element elementor-element-25678a3 e-con-full e-flex e-con e-child\" data-id=\"25678a3\" data-element_type=\"container\">\n\t\t\t\t<div class=\"elementor-element elementor-element-8160548 elementor-position-left elementor-view-default elementor-mobile-position-top elementor-vertical-align-top elementor-widget elementor-widget-icon-box\" data-id=\"8160548\" data-element_type=\"widget\" data-widget_type=\"icon-box.default\">\n\t\t\t\t<div class=\"elementor-widget-container\">\n\t\t\t<link rel=\"stylesheet\" href=\"https:\/\/rabbitmkt.com.br\/clientes\/colegio_brasil\/wp-content\/plugins\/elementor\/assets\/css\/widget-icon-box.min.css\">\t\t<div class=\"elementor-icon-box-wrapper\">\n\n\t\t\t\t\t\t<div class=\"elementor-icon-box-icon\">\n\t\t\t\t<a href=\"#elementor-action%3Aaction%3Dpopup%3Aopen%26settings%3DeyJpZCI6IjYwOCIsInRvZ2dsZSI6ZmFsc2V9\" class=\"elementor-icon elementor-animation-\" tabindex=\"-1\">\n\t\t\t\t<i aria-hidden=\"true\" class=\"fab fa-whatsapp\"><\/i>\t\t\t\t<\/a>\n\t\t\t<\/div>\n\t\t\t\n\t\t\t\t\t\t<div class=\"elementor-icon-box-content\">\n\n\t\t\t\t\t\t\t\t\t<h3 class=\"elementor-icon-box-title\">\n\t\t\t\t\t\t<a href=\"#elementor-action%3Aaction%3Dpopup%3Aopen%26settings%3DeyJpZCI6IjYwOCIsInRvZ2dsZSI6ZmFsc2V9\" >\n\t\t\t\t\t\t\tVamos conversar !\t\t\t\t\t\t<\/a>\n\t\t\t\t\t<\/h3>\n\t\t\t\t\n\t\t\t\t\t\t\t\t\t<p class=\"elementor-icon-box-description\">\n\t\t\t\t\t\tEnvie sua mensagem e entraremos em contato.\n\t\t\t\t\t<\/p>\n\t\t\t\t\n\t\t\t<\/div>\n\t\t\t\n\t\t<\/div>\n\t\t\t\t<\/div>\n\t\t\t\t<\/div>\n\t\t\t\t<\/div>\n\t\t<div data-particle_enable=\"false\" data-particle-mobile-disabled=\"false\" class=\"elementor-element elementor-element-4c4e27d e-con-full video_escola e-flex e-con e-child\" data-id=\"4c4e27d\" data-element_type=\"container\">\n\t\t\t\t<div class=\"elementor-element elementor-element-2c1ff9c elementor-position-left elementor-view-default elementor-mobile-position-top elementor-vertical-align-top elementor-widget elementor-widget-icon-box\" data-id=\"2c1ff9c\" data-element_type=\"widget\" data-widget_type=\"icon-box.default\">\n\t\t\t\t<div class=\"elementor-widget-container\">\n\t\t\t\t\t<div class=\"elementor-icon-box-wrapper\">\n\n\t\t\t\t\t\t<div class=\"elementor-icon-box-icon\">\n\t\t\t\t<a href=\"#elementor-action%3Aaction%3Dpopup%3Aopen%26settings%3DeyJpZCI6IjYxMCIsInRvZ2dsZSI6ZmFsc2V9\" class=\"elementor-icon elementor-animation-\" tabindex=\"-1\">\n\t\t\t\t<i aria-hidden=\"true\" class=\"fas fa-phone-alt\"><\/i>\t\t\t\t<\/a>\n\t\t\t<\/div>\n\t\t\t\n\t\t\t\t\t\t<div class=\"elementor-icon-box-content\">\n\n\t\t\t\t\t\t\t\t\t<h3 class=\"elementor-icon-box-title\">\n\t\t\t\t\t\t<a href=\"#elementor-action%3Aaction%3Dpopup%3Aopen%26settings%3DeyJpZCI6IjYxMCIsInRvZ2dsZSI6ZmFsc2V9\" >\n\t\t\t\t\t\t\tSe preferir \"ligamos\" para voc\u00ea\t\t\t\t\t\t<\/a>\n\t\t\t\t\t<\/h3>\n\t\t\t\t\n\t\t\t\t\t\t\t\t\t<p class=\"elementor-icon-box-description\">\n\t\t\t\t\t\tClique aqui\t\t\t\t\t<\/p>\n\t\t\t\t\n\t\t\t<\/div>\n\t\t\t\n\t\t<\/div>\n\t\t\t\t<\/div>\n\t\t\t\t<\/div>\n\t\t\t\t<\/div>\n\t\t\t\t\t<\/div>\n\t\t\t\t<\/div>\n\t\t\t\t\t<\/div>\n\t\t\t\t<\/div>\n\t\t\t\t<\/div>\n\t\t","protected":false},"excerpt":{"rendered":"<p>Educa\u00e7\u00e3o Infantil A\u00a0Educa\u00e7\u00e3o Infantil\u00a0do Col\u00e9gio Brasil Crian\u00e7as de 4 e 5 anos. A educa\u00e7\u00e3o infantil \u00e9 a primeira etapa da crian\u00e7a na escola, \u00e9 nesta fase que aprende a descobrir, conhecer e a contribuir para o desenvolvimento global da crian\u00e7a.As crian\u00e7as assimilam atrav\u00e9s de viv\u00eancias que permitem explorar, manipular, experimentar o que estimula a constru\u00e7\u00e3o [&hellip;]<\/p>\n","protected":false},"author":1,"featured_media":0,"parent":0,"menu_order":0,"comment_status":"closed","ping_status":"closed","template":"","meta":{"_joinchat":[],"footnotes":""},"class_list":["post-1091","page","type-page","status-publish","hentry"],"_links":{"self":[{"href":"https:\/\/rabbitmkt.com.br\/clientes\/colegio_brasil\/wp-json\/wp\/v2\/pages\/1091"}],"collection":[{"href":"https:\/\/rabbitmkt.com.br\/clientes\/colegio_brasil\/wp-json\/wp\/v2\/pages"}],"about":[{"href":"https:\/\/rabbitmkt.com.br\/clientes\/colegio_brasil\/wp-json\/wp\/v2\/types\/page"}],"author":[{"embeddable":true,"href":"https:\/\/rabbitmkt.com.br\/clientes\/colegio_brasil\/wp-json\/wp\/v2\/users\/1"}],"replies":[{"embeddable":true,"href":"https:\/\/rabbitmkt.com.br\/clientes\/colegio_brasil\/wp-json\/wp\/v2\/comments?post=1091"}],"version-history":[{"count":151,"href":"https:\/\/rabbitmkt.com.br\/clientes\/colegio_brasil\/wp-json\/wp\/v2\/pages\/1091\/revisions"}],"predecessor-version":[{"id":3637,"href":"https:\/\/rabbitmkt.com.br\/clientes\/colegio_brasil\/wp-json\/wp\/v2\/pages\/1091\/revisions\/3637"}],"wp:attachment":[{"href":"https:\/\/rabbitmkt.com.br\/clientes\/colegio_brasil\/wp-json\/wp\/v2\/media?parent=1091"}],"curies":[{"name":"wp","href":"https:\/\/api.w.org\/{rel}","templated":true}]}}