{"id":1113,"date":"2024-04-12T13:23:05","date_gmt":"2024-04-12T13:23:05","guid":{"rendered":"https:\/\/rabbitmkt.com.br\/clientes\/colegio_brasil\/?page_id=1113"},"modified":"2024-11-22T20:16:34","modified_gmt":"2024-11-22T20:16:34","slug":"ensino_fundamental_i","status":"publish","type":"page","link":"https:\/\/rabbitmkt.com.br\/clientes\/colegio_brasil\/ensino_fundamental_i\/","title":{"rendered":"[Ensino_Fundamental_I]"},"content":{"rendered":"\t\t<div data-elementor-type=\"wp-page\" data-elementor-id=\"1113\" class=\"elementor elementor-1113\" data-elementor-post-type=\"page\">\n\t\t\t\t<div data-particle_enable=\"false\" data-particle-mobile-disabled=\"false\" class=\"elementor-element elementor-element-524c298 e-con-full e-flex e-con e-parent\" data-id=\"524c298\" data-element_type=\"container\" data-settings=\"{&quot;background_background&quot;:&quot;classic&quot;}\">\n\t\t\t\t<div class=\"elementor-element elementor-element-e213fac elementor-widget elementor-widget-heading\" data-id=\"e213fac\" data-element_type=\"widget\" data-widget_type=\"heading.default\">\n\t\t\t\t<div class=\"elementor-widget-container\">\n\t\t\t<style>\/*! elementor - v3.21.0 - 25-04-2024 *\/\n.elementor-heading-title{padding:0;margin:0;line-height:1}.elementor-widget-heading .elementor-heading-title[class*=elementor-size-]>a{color:inherit;font-size:inherit;line-height:inherit}.elementor-widget-heading .elementor-heading-title.elementor-size-small{font-size:15px}.elementor-widget-heading .elementor-heading-title.elementor-size-medium{font-size:19px}.elementor-widget-heading .elementor-heading-title.elementor-size-large{font-size:29px}.elementor-widget-heading .elementor-heading-title.elementor-size-xl{font-size:39px}.elementor-widget-heading .elementor-heading-title.elementor-size-xxl{font-size:59px}<\/style><h2 class=\"elementor-heading-title elementor-size-default\">Ensino Fundamental Anos Iniciais <\/h2>\t\t<\/div>\n\t\t\t\t<\/div>\n\t\t\t\t<div class=\"elementor-element elementor-element-c2fa2ee elementor-widget elementor-widget-heading\" data-id=\"c2fa2ee\" data-element_type=\"widget\" data-widget_type=\"heading.default\">\n\t\t\t\t<div class=\"elementor-widget-container\">\n\t\t\t<h2 class=\"elementor-heading-title elementor-size-default\">1\u00ba ao 5\u00ba Ano<\/h2>\t\t<\/div>\n\t\t\t\t<\/div>\n\t\t\t\t<\/div>\n\t\t<div data-particle_enable=\"false\" data-particle-mobile-disabled=\"false\" class=\"elementor-element elementor-element-1bc2acb e-flex e-con-boxed e-con e-parent\" data-id=\"1bc2acb\" data-element_type=\"container\">\n\t\t\t\t\t<div class=\"e-con-inner\">\n\t\t<div data-particle_enable=\"false\" data-particle-mobile-disabled=\"false\" class=\"elementor-element elementor-element-2e502ee e-con-full elementor-hidden-desktop elementor-hidden-tablet e-flex e-con e-child\" data-id=\"2e502ee\" data-element_type=\"container\">\n\t\t\t\t<div class=\"elementor-element elementor-element-5afe65f elementor-widget elementor-widget-image\" data-id=\"5afe65f\" data-element_type=\"widget\" data-widget_type=\"image.default\">\n\t\t\t\t<div class=\"elementor-widget-container\">\n\t\t\t<style>\/*! elementor - v3.21.0 - 25-04-2024 *\/\n.elementor-widget-image{text-align:center}.elementor-widget-image a{display:inline-block}.elementor-widget-image a img[src$=\".svg\"]{width:48px}.elementor-widget-image img{vertical-align:middle;display:inline-block}<\/style>\t\t\t\t\t\t\t\t\t\t<img fetchpriority=\"high\" decoding=\"async\" width=\"800\" height=\"466\" src=\"https:\/\/rabbitmkt.com.br\/clientes\/colegio_brasil\/wp-content\/uploads\/2024\/10\/download-4.svg\" class=\"attachment-large size-large wp-image-1974\" alt=\"\" \/>\t\t\t\t\t\t\t\t\t\t\t\t\t<\/div>\n\t\t\t\t<\/div>\n\t\t\t\t<\/div>\n\t\t<div data-particle_enable=\"false\" data-particle-mobile-disabled=\"false\" class=\"elementor-element elementor-element-b6b51c3 e-con-full e-flex e-con e-child\" data-id=\"b6b51c3\" data-element_type=\"container\">\n\t\t\t\t<div class=\"elementor-element elementor-element-ae04b86 elementor-widget elementor-widget-text-editor\" data-id=\"ae04b86\" data-element_type=\"widget\" data-widget_type=\"text-editor.default\">\n\t\t\t\t<div class=\"elementor-widget-container\">\n\t\t\t<style>\/*! elementor - v3.21.0 - 25-04-2024 *\/\n.elementor-widget-text-editor.elementor-drop-cap-view-stacked .elementor-drop-cap{background-color:#69727d;color:#fff}.elementor-widget-text-editor.elementor-drop-cap-view-framed .elementor-drop-cap{color:#69727d;border:3px solid;background-color:transparent}.elementor-widget-text-editor:not(.elementor-drop-cap-view-default) .elementor-drop-cap{margin-top:8px}.elementor-widget-text-editor:not(.elementor-drop-cap-view-default) .elementor-drop-cap-letter{width:1em;height:1em}.elementor-widget-text-editor .elementor-drop-cap{float:left;text-align:center;line-height:1;font-size:50px}.elementor-widget-text-editor .elementor-drop-cap-letter{display:inline-block}<\/style>\t\t\t\t<p>Proposta<\/p><p>A primeira etapa do Ensino Fundamental Anos Iniciais \u00e9 marcada por propostas significativas que favorecem nossos alunos tornarem se \u201cagentes transformadores \u201cno contexto social.<br \/><br \/>No planejamento e na execu\u00e7\u00e3o de cada atividade, s\u00e3o levados em conta o n\u00edvel de conhecimento dos alunos, o seu ritmo de aprendizagem e os tipos de motiva\u00e7\u00e3o que os inspiram. Esse procedimento visa a respeitar as diferen\u00e7as individuais e as caracter\u00edsticas mais importantes da crian\u00e7a na realiza\u00e7\u00e3o de cada uma das atividades.<br \/><br \/>A meta da educa\u00e7\u00e3o \u00e9 a forma\u00e7\u00e3o integral do estudante por meio do desenvolvimento harm\u00f4nico de todas as suas potencialidades, proporcionando-lhe o ajustamento ao meio f\u00edsico e social e estimulando sua capacidade cr\u00edtica. Para tanto, a metodologia indicada \u00e9 a da aprendizagem pela atividade \u2013 aprender fazendo.<\/p><p>Utilizamos a metodologia do Sistema do Objetivo no Ensino Fundamental \u2013 Anos Iniciais<br \/><br \/>Na busca pelo desenvolvimento da autonomia do aluno, as propostas s\u00e3o desenvolvidas de forma individual e em grupos com diferentes forma\u00e7\u00f5es, para que poss\u00edveis conflitos de ideias e de percep\u00e7\u00f5es possam ser explorados, garantindo que recursos como jogos e brincadeiras tragam maior seguran\u00e7a, empatia, mas criticidade,\u00a0tamb\u00e9m.<\/p>\t\t\t\t\t\t<\/div>\n\t\t\t\t<\/div>\n\t\t\t\t<\/div>\n\t\t\t\t\t<\/div>\n\t\t\t\t<\/div>\n\t\t<div data-particle_enable=\"false\" data-particle-mobile-disabled=\"false\" class=\"elementor-element elementor-element-0d8b9cf e-flex e-con-boxed e-con e-parent\" data-id=\"0d8b9cf\" data-element_type=\"container\" data-settings=\"{&quot;background_background&quot;:&quot;classic&quot;}\">\n\t\t\t\t\t<div class=\"e-con-inner\">\n\t\t<div data-particle_enable=\"false\" data-particle-mobile-disabled=\"false\" class=\"elementor-element elementor-element-08267b9 e-con-full e-flex e-con e-child\" data-id=\"08267b9\" data-element_type=\"container\">\n\t\t\t\t<div class=\"elementor-element elementor-element-d316fa2 elementor-widget elementor-widget-heading\" data-id=\"d316fa2\" data-element_type=\"widget\" data-widget_type=\"heading.default\">\n\t\t\t\t<div class=\"elementor-widget-container\">\n\t\t\t<h2 class=\"elementor-heading-title elementor-size-default\">Aprendizagem pensada para a fase mais importante da vida<\/h2>\t\t<\/div>\n\t\t\t\t<\/div>\n\t\t\t\t<div class=\"elementor-element elementor-element-90a82ca elementor-widget elementor-widget-heading\" data-id=\"90a82ca\" data-element_type=\"widget\" data-widget_type=\"heading.default\">\n\t\t\t\t<div class=\"elementor-widget-container\">\n\t\t\t<h2 class=\"elementor-heading-title elementor-size-default\">Ensino Fundamental:\nanos iniciais (1.\u00ba ao 5.\u00ba ano) \u2022 anos finais (6.\u00ba ao 9.\u00ba ano)<\/h2>\t\t<\/div>\n\t\t\t\t<\/div>\n\t\t\t\t<\/div>\n\t\t<div data-particle_enable=\"false\" data-particle-mobile-disabled=\"false\" class=\"elementor-element elementor-element-40e4bde e-con-full e-flex e-con e-child\" data-id=\"40e4bde\" data-element_type=\"container\">\n\t\t\t\t<div class=\"elementor-element elementor-element-1c6b285 elementor-widget elementor-widget-text-editor\" data-id=\"1c6b285\" data-element_type=\"widget\" data-widget_type=\"text-editor.default\">\n\t\t\t\t<div class=\"elementor-widget-container\">\n\t\t\t\t\t\t\t<p>O Col\u00e9gio oferece uma programa\u00e7\u00e3o que envolve atividades variadas, com o fim de <strong>promover o desenvolvimento f\u00edsico, intelectual e emocional<\/strong>\u00a0dos educandos. Inclui, entre outras, a educa\u00e7\u00e3o f\u00edsica e os jogos, a consci\u00eancia ecol\u00f3gica, a educa\u00e7\u00e3o sensorial, a socializa\u00e7\u00e3o, o pensamento criativo e cr\u00edtico, a sondagem de aptid\u00f5es, o incentivo ao racioc\u00ednio l\u00f3gico e o est\u00edmulo do senso est\u00e9tico, em um esfor\u00e7o integrado de desenvolvimento da personalidade.<\/p><p>O que se pretende \u00e9 dar ao aluno\u00a0<strong>condi\u00e7\u00f5es para uma forma\u00e7\u00e3o plena<\/strong>: al\u00e9m da informa\u00e7\u00e3o, da constru\u00e7\u00e3o e da troca de conhecimento, o aluno tem oportunidade de participar de atividades culturais e esportivas, descobrindo sua criatividade, suas tend\u00eancias, seus gostos e desenvolvendo-os plenamente.<\/p>\t\t\t\t\t\t<\/div>\n\t\t\t\t<\/div>\n\t\t\t\t<\/div>\n\t\t\t\t\t<\/div>\n\t\t\t\t<\/div>\n\t\t<div data-particle_enable=\"false\" data-particle-mobile-disabled=\"false\" class=\"elementor-element elementor-element-6223f5c e-flex e-con-boxed e-con e-parent\" data-id=\"6223f5c\" data-element_type=\"container\" data-settings=\"{&quot;background_background&quot;:&quot;classic&quot;}\">\n\t\t\t\t\t<div class=\"e-con-inner\">\n\t\t<div data-particle_enable=\"false\" data-particle-mobile-disabled=\"false\" class=\"elementor-element elementor-element-68b6064 e-con-full e-flex e-con e-child\" data-id=\"68b6064\" data-element_type=\"container\">\n\t\t\t\t<div class=\"elementor-element elementor-element-32e19a7 elementor-widget elementor-widget-heading\" data-id=\"32e19a7\" data-element_type=\"widget\" data-widget_type=\"heading.default\">\n\t\t\t\t<div class=\"elementor-widget-container\">\n\t\t\t<h2 class=\"elementor-heading-title elementor-size-default\">Matr\u00edculas abertas!<\/h2>\t\t<\/div>\n\t\t\t\t<\/div>\n\t\t\t\t<div class=\"elementor-element elementor-element-c46f733 elementor-widget elementor-widget-heading\" data-id=\"c46f733\" data-element_type=\"widget\" data-widget_type=\"heading.default\">\n\t\t\t\t<div class=\"elementor-widget-container\">\n\t\t\t<h2 class=\"elementor-heading-title elementor-size-default\">Venha conhecer o  Col\u00e9gio Brasil<\/h2>\t\t<\/div>\n\t\t\t\t<\/div>\n\t\t\t\t<\/div>\n\t\t<div data-particle_enable=\"false\" data-particle-mobile-disabled=\"false\" class=\"elementor-element elementor-element-c4e75c6 e-con-full e-flex e-con e-child\" data-id=\"c4e75c6\" data-element_type=\"container\">\n\t\t\t\t<div class=\"elementor-element elementor-element-de85c3b elementor-align-center elementor-widget elementor-widget-button\" data-id=\"de85c3b\" data-element_type=\"widget\" data-widget_type=\"button.default\">\n\t\t\t\t<div class=\"elementor-widget-container\">\n\t\t\t\t\t<div class=\"elementor-button-wrapper\">\n\t\t\t<a class=\"elementor-button elementor-button-link elementor-size-md elementor-animation-pulse-grow\" href=\"https:\/\/rabbitmkt.com.br\/clientes\/colegio_brasil\/agende_visita\/\">\n\t\t\t\t\t\t<span class=\"elementor-button-content-wrapper\">\n\t\t\t\t\t\t\t\t\t<span class=\"elementor-button-text\">Agende uma visita<\/span>\n\t\t\t\t\t<\/span>\n\t\t\t\t\t<\/a>\n\t\t<\/div>\n\t\t\t\t<\/div>\n\t\t\t\t<\/div>\n\t\t\t\t<\/div>\n\t\t\t\t\t<\/div>\n\t\t\t\t<\/div>\n\t\t<div data-particle_enable=\"false\" data-particle-mobile-disabled=\"false\" class=\"elementor-element elementor-element-5ae46e6 e-flex e-con-boxed e-con e-parent\" data-id=\"5ae46e6\" data-element_type=\"container\">\n\t\t\t\t\t<div class=\"e-con-inner\">\n\t\t<div data-particle_enable=\"false\" data-particle-mobile-disabled=\"false\" class=\"elementor-element elementor-element-5f6d781 e-con-full e-flex e-con e-child\" data-id=\"5f6d781\" data-element_type=\"container\" data-settings=\"{&quot;background_background&quot;:&quot;classic&quot;}\">\n\t\t\t\t<\/div>\n\t\t<div data-particle_enable=\"false\" data-particle-mobile-disabled=\"false\" class=\"elementor-element elementor-element-18d2763 e-con-full e-flex e-con e-child\" data-id=\"18d2763\" data-element_type=\"container\">\n\t\t\t\t<div class=\"elementor-element elementor-element-247202c elementor-widget elementor-widget-heading\" data-id=\"247202c\" data-element_type=\"widget\" data-widget_type=\"heading.default\">\n\t\t\t\t<div class=\"elementor-widget-container\">\n\t\t\t<h2 class=\"elementor-heading-title elementor-size-default\">Proposta Pedag\u00f3gica<\/h2>\t\t<\/div>\n\t\t\t\t<\/div>\n\t\t\t\t<div class=\"elementor-element elementor-element-116f4e5 elementor-widget elementor-widget-heading\" data-id=\"116f4e5\" data-element_type=\"widget\" data-widget_type=\"heading.default\">\n\t\t\t\t<div class=\"elementor-widget-container\">\n\t\t\t<h2 class=\"elementor-heading-title elementor-size-default\">Col\u00e9gio Brasil onde o conhecimento ganha vida.<\/h2>\t\t<\/div>\n\t\t\t\t<\/div>\n\t\t\t\t<div class=\"elementor-element elementor-element-e5ce71a elementor-widget elementor-widget-text-editor\" data-id=\"e5ce71a\" data-element_type=\"widget\" data-widget_type=\"text-editor.default\">\n\t\t\t\t<div class=\"elementor-widget-container\">\n\t\t\t\t\t\t\t<p>Nossas atividades s\u00e3o baseadas nas experi\u00eancias pessoais, assim as crian\u00e7as reconhecem suas habilidades e limita\u00e7\u00f5es brincando, por meio de est\u00edmulos, em um ambiente agrad\u00e1vel, criando bases s\u00f3lidas a sua autonomia pessoal, necess\u00e1rias ao desenvolvimento intelectual.<\/p><p>Nossa proposta pedag\u00f3gica valoriza a abordagem centrada na crian\u00e7a, onde as atividades s\u00e3o cuidadosamente planejadas para estimular o desenvolvimento integral de cada aluno. Atrav\u00e9s de experi\u00eancias pessoais significativas, as crian\u00e7as s\u00e3o incentivadas a explorar, descobrir e aprender, reconhecendo suas habilidades e limita\u00e7\u00f5es de forma natural.<\/p><p>Em um ambiente acolhedor e estimulante, nossos profissionais dedicados e amorosos guiam os alunos em sua jornada de descoberta, promovendo valores essenciais para a vida em sociedade de maneira divertida e prazerosa. Nosso objetivo \u00e9 criar bases s\u00f3lidas para a autonomia pessoal das crian\u00e7as, fundamentais para o seu desenvolvimento intelectual e emocional ao longo da vida.<\/p>\t\t\t\t\t\t<\/div>\n\t\t\t\t<\/div>\n\t\t\t\t<\/div>\n\t\t\t\t\t<\/div>\n\t\t\t\t<\/div>\n\t\t<div data-particle_enable=\"false\" data-particle-mobile-disabled=\"false\" class=\"elementor-element elementor-element-0edc6fc e-flex e-con-boxed e-con e-parent\" data-id=\"0edc6fc\" data-element_type=\"container\">\n\t\t\t\t\t<div class=\"e-con-inner\">\n\t\t<div data-particle_enable=\"false\" data-particle-mobile-disabled=\"false\" class=\"elementor-element elementor-element-3bad513 e-flex e-con-boxed e-con e-child\" data-id=\"3bad513\" data-element_type=\"container\">\n\t\t\t\t\t<div class=\"e-con-inner\">\n\t\t<div data-particle_enable=\"false\" data-particle-mobile-disabled=\"false\" class=\"elementor-element elementor-element-679258f e-flex e-con-boxed e-con e-child\" data-id=\"679258f\" data-element_type=\"container\" data-settings=\"{&quot;background_background&quot;:&quot;classic&quot;}\">\n\t\t\t\t\t<div class=\"e-con-inner\">\n\t\t\t\t<div class=\"elementor-element elementor-element-40cc1a3 elementor-widget elementor-widget-heading\" data-id=\"40cc1a3\" data-element_type=\"widget\" data-widget_type=\"heading.default\">\n\t\t\t\t<div class=\"elementor-widget-container\">\n\t\t\t<h2 class=\"elementor-heading-title elementor-size-default\">Quer conhecer mais sobre nossa estrutura pedag\u00f3gica? <br>\nEntre em contato conosco pelas op\u00e7\u00f5es abaixo:<\/h2>\t\t<\/div>\n\t\t\t\t<\/div>\n\t\t\t\t\t<\/div>\n\t\t\t\t<\/div>\n\t\t<div data-particle_enable=\"false\" data-particle-mobile-disabled=\"false\" class=\"elementor-element elementor-element-b012fd2 e-con-full e-flex e-con e-child\" data-id=\"b012fd2\" data-element_type=\"container\">\n\t\t\t\t<div class=\"elementor-element elementor-element-df33045 elementor-position-left elementor-view-default elementor-mobile-position-top elementor-vertical-align-top elementor-widget elementor-widget-icon-box\" data-id=\"df33045\" data-element_type=\"widget\" data-widget_type=\"icon-box.default\">\n\t\t\t\t<div class=\"elementor-widget-container\">\n\t\t\t<link rel=\"stylesheet\" href=\"https:\/\/rabbitmkt.com.br\/clientes\/colegio_brasil\/wp-content\/plugins\/elementor\/assets\/css\/widget-icon-box.min.css\">\t\t<div class=\"elementor-icon-box-wrapper\">\n\n\t\t\t\t\t\t<div class=\"elementor-icon-box-icon\">\n\t\t\t\t<a href=\"#elementor-action%3Aaction%3Dpopup%3Aopen%26settings%3DeyJpZCI6IjYwOCIsInRvZ2dsZSI6ZmFsc2V9\" class=\"elementor-icon elementor-animation-\" tabindex=\"-1\">\n\t\t\t\t<i aria-hidden=\"true\" class=\"fab fa-whatsapp\"><\/i>\t\t\t\t<\/a>\n\t\t\t<\/div>\n\t\t\t\n\t\t\t\t\t\t<div class=\"elementor-icon-box-content\">\n\n\t\t\t\t\t\t\t\t\t<h3 class=\"elementor-icon-box-title\">\n\t\t\t\t\t\t<a href=\"#elementor-action%3Aaction%3Dpopup%3Aopen%26settings%3DeyJpZCI6IjYwOCIsInRvZ2dsZSI6ZmFsc2V9\" >\n\t\t\t\t\t\t\tVamos conversar !\t\t\t\t\t\t<\/a>\n\t\t\t\t\t<\/h3>\n\t\t\t\t\n\t\t\t\t\t\t\t\t\t<p class=\"elementor-icon-box-description\">\n\t\t\t\t\t\tEnvie sua mensagem e entraremos em contato.\n\t\t\t\t\t<\/p>\n\t\t\t\t\n\t\t\t<\/div>\n\t\t\t\n\t\t<\/div>\n\t\t\t\t<\/div>\n\t\t\t\t<\/div>\n\t\t\t\t<\/div>\n\t\t<div data-particle_enable=\"false\" data-particle-mobile-disabled=\"false\" class=\"elementor-element elementor-element-26396c9 e-con-full video_escola e-flex e-con e-child\" data-id=\"26396c9\" data-element_type=\"container\">\n\t\t\t\t<div class=\"elementor-element elementor-element-9a84d0c elementor-position-left elementor-view-default elementor-mobile-position-top elementor-vertical-align-top elementor-widget elementor-widget-icon-box\" data-id=\"9a84d0c\" data-element_type=\"widget\" data-widget_type=\"icon-box.default\">\n\t\t\t\t<div class=\"elementor-widget-container\">\n\t\t\t\t\t<div class=\"elementor-icon-box-wrapper\">\n\n\t\t\t\t\t\t<div class=\"elementor-icon-box-icon\">\n\t\t\t\t<a href=\"#elementor-action%3Aaction%3Dpopup%3Aopen%26settings%3DeyJpZCI6IjYxMCIsInRvZ2dsZSI6ZmFsc2V9\" class=\"elementor-icon elementor-animation-\" tabindex=\"-1\">\n\t\t\t\t<i aria-hidden=\"true\" class=\"fas fa-phone-alt\"><\/i>\t\t\t\t<\/a>\n\t\t\t<\/div>\n\t\t\t\n\t\t\t\t\t\t<div class=\"elementor-icon-box-content\">\n\n\t\t\t\t\t\t\t\t\t<h3 class=\"elementor-icon-box-title\">\n\t\t\t\t\t\t<a href=\"#elementor-action%3Aaction%3Dpopup%3Aopen%26settings%3DeyJpZCI6IjYxMCIsInRvZ2dsZSI6ZmFsc2V9\" >\n\t\t\t\t\t\t\tSe preferir \"ligamos\" para voc\u00ea\t\t\t\t\t\t<\/a>\n\t\t\t\t\t<\/h3>\n\t\t\t\t\n\t\t\t\t\t\t\t\t\t<p class=\"elementor-icon-box-description\">\n\t\t\t\t\t\tClique aqui\t\t\t\t\t<\/p>\n\t\t\t\t\n\t\t\t<\/div>\n\t\t\t\n\t\t<\/div>\n\t\t\t\t<\/div>\n\t\t\t\t<\/div>\n\t\t\t\t<\/div>\n\t\t\t\t\t<\/div>\n\t\t\t\t<\/div>\n\t\t\t\t\t<\/div>\n\t\t\t\t<\/div>\n\t\t\t\t<\/div>\n\t\t","protected":false},"excerpt":{"rendered":"<p>Ensino Fundamental Anos Iniciais 1\u00ba ao 5\u00ba Ano Proposta A primeira etapa do Ensino Fundamental Anos Iniciais \u00e9 marcada por propostas significativas que favorecem nossos alunos tornarem se \u201cagentes transformadores \u201cno contexto social. No planejamento e na execu\u00e7\u00e3o de cada atividade, s\u00e3o levados em conta o n\u00edvel de conhecimento dos alunos, o seu ritmo de [&hellip;]<\/p>\n","protected":false},"author":1,"featured_media":0,"parent":0,"menu_order":0,"comment_status":"closed","ping_status":"closed","template":"","meta":{"_joinchat":[],"footnotes":""},"class_list":["post-1113","page","type-page","status-publish","hentry"],"_links":{"self":[{"href":"https:\/\/rabbitmkt.com.br\/clientes\/colegio_brasil\/wp-json\/wp\/v2\/pages\/1113"}],"collection":[{"href":"https:\/\/rabbitmkt.com.br\/clientes\/colegio_brasil\/wp-json\/wp\/v2\/pages"}],"about":[{"href":"https:\/\/rabbitmkt.com.br\/clientes\/colegio_brasil\/wp-json\/wp\/v2\/types\/page"}],"author":[{"embeddable":true,"href":"https:\/\/rabbitmkt.com.br\/clientes\/colegio_brasil\/wp-json\/wp\/v2\/users\/1"}],"replies":[{"embeddable":true,"href":"https:\/\/rabbitmkt.com.br\/clientes\/colegio_brasil\/wp-json\/wp\/v2\/comments?post=1113"}],"version-history":[{"count":52,"href":"https:\/\/rabbitmkt.com.br\/clientes\/colegio_brasil\/wp-json\/wp\/v2\/pages\/1113\/revisions"}],"predecessor-version":[{"id":3691,"href":"https:\/\/rabbitmkt.com.br\/clientes\/colegio_brasil\/wp-json\/wp\/v2\/pages\/1113\/revisions\/3691"}],"wp:attachment":[{"href":"https:\/\/rabbitmkt.com.br\/clientes\/colegio_brasil\/wp-json\/wp\/v2\/media?parent=1113"}],"curies":[{"name":"wp","href":"https:\/\/api.w.org\/{rel}","templated":true}]}}