{"id":1219,"date":"2024-04-24T20:04:09","date_gmt":"2024-04-24T20:04:09","guid":{"rendered":"https:\/\/rabbitmkt.com.br\/clientes\/colegio_brasil\/?page_id=1219"},"modified":"2024-11-14T14:43:27","modified_gmt":"2024-11-14T14:43:27","slug":"quem_somos","status":"publish","type":"page","link":"https:\/\/rabbitmkt.com.br\/clientes\/colegio_brasil\/quem_somos\/","title":{"rendered":"[Nossa Hist\u00f3ria]"},"content":{"rendered":"\t\t<div data-elementor-type=\"wp-page\" data-elementor-id=\"1219\" class=\"elementor elementor-1219\" data-elementor-post-type=\"page\">\n\t\t\t\t<div data-particle_enable=\"false\" data-particle-mobile-disabled=\"false\" class=\"elementor-element elementor-element-0199dd7 e-con-full e-flex e-con e-parent\" data-id=\"0199dd7\" data-element_type=\"container\" data-settings=\"{&quot;background_background&quot;:&quot;classic&quot;}\">\n\t\t\t\t<div class=\"elementor-element elementor-element-862a61c elementor-widget elementor-widget-heading\" data-id=\"862a61c\" data-element_type=\"widget\" data-widget_type=\"heading.default\">\n\t\t\t\t<div class=\"elementor-widget-container\">\n\t\t\t<style>\/*! elementor - v3.21.0 - 25-04-2024 *\/\n.elementor-heading-title{padding:0;margin:0;line-height:1}.elementor-widget-heading .elementor-heading-title[class*=elementor-size-]>a{color:inherit;font-size:inherit;line-height:inherit}.elementor-widget-heading .elementor-heading-title.elementor-size-small{font-size:15px}.elementor-widget-heading .elementor-heading-title.elementor-size-medium{font-size:19px}.elementor-widget-heading .elementor-heading-title.elementor-size-large{font-size:29px}.elementor-widget-heading .elementor-heading-title.elementor-size-xl{font-size:39px}.elementor-widget-heading .elementor-heading-title.elementor-size-xxl{font-size:59px}<\/style><h2 class=\"elementor-heading-title elementor-size-default\">Nossa Hist\u00f3ria<\/h2>\t\t<\/div>\n\t\t\t\t<\/div>\n\t\t\t\t<\/div>\n\t\t<div data-particle_enable=\"false\" data-particle-mobile-disabled=\"false\" class=\"elementor-element elementor-element-0e5fdd5 e-flex e-con-boxed e-con e-parent\" data-id=\"0e5fdd5\" data-element_type=\"container\">\n\t\t\t\t\t<div class=\"e-con-inner\">\n\t\t<div data-particle_enable=\"false\" data-particle-mobile-disabled=\"false\" class=\"elementor-element elementor-element-243e067 e-con-full e-flex e-con e-child\" data-id=\"243e067\" data-element_type=\"container\">\n\t\t\t\t<div class=\"elementor-element elementor-element-0b33fe6 elementor-widget elementor-widget-heading\" data-id=\"0b33fe6\" data-element_type=\"widget\" data-widget_type=\"heading.default\">\n\t\t\t\t<div class=\"elementor-widget-container\">\n\t\t\t<h2 class=\"elementor-heading-title elementor-size-default\">Onde a excel\u00eancia educacional desperta seu interesse, alimenta seu desejo por conhecimento e o guia para a\u00e7\u00e3o rumo a um futuro promissor.<\/h2>\t\t<\/div>\n\t\t\t\t<\/div>\n\t\t\t\t<div class=\"elementor-element elementor-element-aa9da1b elementor-widget elementor-widget-text-editor\" data-id=\"aa9da1b\" data-element_type=\"widget\" data-widget_type=\"text-editor.default\">\n\t\t\t\t<div class=\"elementor-widget-container\">\n\t\t\t<style>\/*! elementor - v3.21.0 - 25-04-2024 *\/\n.elementor-widget-text-editor.elementor-drop-cap-view-stacked .elementor-drop-cap{background-color:#69727d;color:#fff}.elementor-widget-text-editor.elementor-drop-cap-view-framed .elementor-drop-cap{color:#69727d;border:3px solid;background-color:transparent}.elementor-widget-text-editor:not(.elementor-drop-cap-view-default) .elementor-drop-cap{margin-top:8px}.elementor-widget-text-editor:not(.elementor-drop-cap-view-default) .elementor-drop-cap-letter{width:1em;height:1em}.elementor-widget-text-editor .elementor-drop-cap{float:left;text-align:center;line-height:1;font-size:50px}.elementor-widget-text-editor .elementor-drop-cap-letter{display:inline-block}<\/style>\t\t\t\t<p>Em 1963, o bairro da Vila Carr\u00e3o foi contemplado com a funda\u00e7\u00e3o do Col\u00e9gio Brasil, com cursos pr\u00e1ticos avan\u00e7ados para a \u00e9poca, como T\u00e9cnico em Secretariado, Administra\u00e7\u00e3o e Contabilidade e Datilografia e a implementa\u00e7\u00e3o pioneira do Curso T\u00e9cnico em Inform\u00e1tica, na \u00e9poca uma vis\u00e3o avan\u00e7ada aos padr\u00f5es de ensino <strong>tornando -se\u00a0refer\u00eancia no segmento da educa\u00e7\u00e3o at\u00e9 os dias atuais<\/strong>.<\/p><p>A partir de 2025 o Col\u00e9gio Brasil, frente \u00e0s transforma\u00e7\u00f5es do processo de ensino e aprendizagem, firmou parceria com o <strong>Sistema de Ensino Objetivo<\/strong> que atualmente mant\u00e9m programas com foco no desenvolvimento progressivo e prepara\u00e7\u00e3o dos alunos para ingressarem nas principais Universidades do pa\u00eds, USP, UNICAMP, UNESP, MACKENZIE, PUC, FAAP, C\u00e1sper L\u00edbero e outras.<\/p><p>No atual contexto em que o mercado de trabalho e os profissionais que nele atuam devem se adaptar \u00e0s mudan\u00e7as cont\u00ednuas e aceleradas, decorrentes das inova\u00e7\u00f5es tecnol\u00f3gicas, da globaliza\u00e7\u00e3o da economia, dos in\u00fameros desafios organizacionais , das diferentes modalidades de neg\u00f3cios e intelig\u00eancias competitivas, surge novas compet\u00eancias essenciais que possibilitam aos nossos alunos atuarem em cen\u00e1rios de maior complexidade, neste contexto o Col\u00e9gio Brasil, em 2025, tamb\u00e9m firmou parceria \u00a0com o <strong>Ensino Bilingue de Cambridge<\/strong>, na Metodologia Americana, <em>exclusivo para o ensino Infantil e Fundamental do 1\u00ba ao 5\u00ba ano)<\/em><\/p>\t\t\t\t\t\t<\/div>\n\t\t\t\t<\/div>\n\t\t\t\t<div class=\"elementor-element elementor-element-2d346a7 elementor-widget elementor-widget-heading\" data-id=\"2d346a7\" data-element_type=\"widget\" data-widget_type=\"heading.default\">\n\t\t\t\t<div class=\"elementor-widget-container\">\n\t\t\t<h2 class=\"elementor-heading-title elementor-size-default\">O futuro \u00e9 agora, n\u00e3o perca tempo, venha nos visitar!<\/h2>\t\t<\/div>\n\t\t\t\t<\/div>\n\t\t\t\t<\/div>\n\t\t<div data-particle_enable=\"false\" data-particle-mobile-disabled=\"false\" class=\"elementor-element elementor-element-485065d e-con-full elementor-hidden-tablet elementor-hidden-mobile e-flex e-con e-child\" data-id=\"485065d\" data-element_type=\"container\" data-settings=\"{&quot;background_background&quot;:&quot;slideshow&quot;,&quot;background_slideshow_gallery&quot;:[{&quot;id&quot;:2709,&quot;url&quot;:&quot;https:\\\/\\\/rabbitmkt.com.br\\\/clientes\\\/colegio_brasil\\\/wp-content\\\/uploads\\\/2024\\\/11\\\/educacao_infantil_02.png&quot;},{&quot;id&quot;:2710,&quot;url&quot;:&quot;https:\\\/\\\/rabbitmkt.com.br\\\/clientes\\\/colegio_brasil\\\/wp-content\\\/uploads\\\/2024\\\/11\\\/educacao_infantil_01.jpg&quot;},{&quot;id&quot;:2708,&quot;url&quot;:&quot;https:\\\/\\\/rabbitmkt.com.br\\\/clientes\\\/colegio_brasil\\\/wp-content\\\/uploads\\\/2024\\\/11\\\/polaroide3.jpg&quot;}],&quot;background_slideshow_slide_transition&quot;:&quot;slide_right&quot;,&quot;background_slideshow_lazyload&quot;:&quot;yes&quot;,&quot;background_slideshow_ken_burns&quot;:&quot;yes&quot;,&quot;background_slideshow_loop&quot;:&quot;yes&quot;,&quot;background_slideshow_slide_duration&quot;:5000,&quot;background_slideshow_transition_duration&quot;:500,&quot;background_slideshow_ken_burns_zoom_direction&quot;:&quot;in&quot;}\">\n\t\t\t\t<\/div>\n\t\t\t\t\t<\/div>\n\t\t\t\t<\/div>\n\t\t<div data-particle_enable=\"false\" data-particle-mobile-disabled=\"false\" class=\"elementor-element elementor-element-1996a53 e-flex e-con-boxed e-con e-parent\" data-id=\"1996a53\" data-element_type=\"container\" data-settings=\"{&quot;background_background&quot;:&quot;classic&quot;}\">\n\t\t\t\t\t<div class=\"e-con-inner\">\n\t\t<div data-particle_enable=\"false\" data-particle-mobile-disabled=\"false\" class=\"elementor-element elementor-element-189d990 e-con-full e-flex e-con e-child\" data-id=\"189d990\" data-element_type=\"container\">\n\t\t\t\t<div class=\"elementor-element elementor-element-1313da2 elementor-widget elementor-widget-heading\" data-id=\"1313da2\" data-element_type=\"widget\" data-widget_type=\"heading.default\">\n\t\t\t\t<div class=\"elementor-widget-container\">\n\t\t\t<h2 class=\"elementor-heading-title elementor-size-default\">Matr\u00edculas abertas!<\/h2>\t\t<\/div>\n\t\t\t\t<\/div>\n\t\t\t\t<div class=\"elementor-element elementor-element-f1fc03f elementor-widget elementor-widget-heading\" data-id=\"f1fc03f\" data-element_type=\"widget\" data-widget_type=\"heading.default\">\n\t\t\t\t<div class=\"elementor-widget-container\">\n\t\t\t<h2 class=\"elementor-heading-title elementor-size-default\">Venha conhecer o  Col\u00e9gio Brasil<\/h2>\t\t<\/div>\n\t\t\t\t<\/div>\n\t\t\t\t<\/div>\n\t\t<div data-particle_enable=\"false\" data-particle-mobile-disabled=\"false\" class=\"elementor-element elementor-element-3c882db e-con-full e-flex e-con e-child\" data-id=\"3c882db\" data-element_type=\"container\">\n\t\t\t\t<div class=\"elementor-element elementor-element-d16e723 elementor-align-center elementor-widget elementor-widget-button\" data-id=\"d16e723\" data-element_type=\"widget\" data-widget_type=\"button.default\">\n\t\t\t\t<div class=\"elementor-widget-container\">\n\t\t\t\t\t<div class=\"elementor-button-wrapper\">\n\t\t\t<a class=\"elementor-button elementor-button-link elementor-size-md elementor-animation-pulse-grow\" href=\"https:\/\/rabbitmkt.com.br\/clientes\/colegio_brasil\/agende-uma-visita\/\">\n\t\t\t\t\t\t<span class=\"elementor-button-content-wrapper\">\n\t\t\t\t\t\t\t\t\t<span class=\"elementor-button-text\">Agende uma visita<\/span>\n\t\t\t\t\t<\/span>\n\t\t\t\t\t<\/a>\n\t\t<\/div>\n\t\t\t\t<\/div>\n\t\t\t\t<\/div>\n\t\t\t\t<\/div>\n\t\t\t\t\t<\/div>\n\t\t\t\t<\/div>\n\t\t<div data-particle_enable=\"false\" data-particle-mobile-disabled=\"false\" class=\"elementor-element elementor-element-0c2d1a2 e-flex e-con-boxed e-con e-parent\" data-id=\"0c2d1a2\" data-element_type=\"container\">\n\t\t\t\t\t<div class=\"e-con-inner\">\n\t\t<div data-particle_enable=\"false\" data-particle-mobile-disabled=\"false\" class=\"elementor-element elementor-element-7595f7a e-flex e-con-boxed e-con e-child\" data-id=\"7595f7a\" data-element_type=\"container\" data-settings=\"{&quot;background_background&quot;:&quot;classic&quot;}\">\n\t\t\t\t\t<div class=\"e-con-inner\">\n\t\t\t\t<div class=\"elementor-element elementor-element-d9e01d4 elementor-widget elementor-widget-heading\" data-id=\"d9e01d4\" data-element_type=\"widget\" data-widget_type=\"heading.default\">\n\t\t\t\t<div class=\"elementor-widget-container\">\n\t\t\t<h2 class=\"elementor-heading-title elementor-size-default\">Quer conhecer mais sobre nossa estrutura pedag\u00f3gica? <br>\nEntre em contato conosco pelas op\u00e7\u00f5es abaixo:<\/h2>\t\t<\/div>\n\t\t\t\t<\/div>\n\t\t\t\t\t<\/div>\n\t\t\t\t<\/div>\n\t\t<div data-particle_enable=\"false\" data-particle-mobile-disabled=\"false\" class=\"elementor-element elementor-element-a15c7e1 e-con-full e-flex e-con e-child\" data-id=\"a15c7e1\" data-element_type=\"container\">\n\t\t\t\t<div class=\"elementor-element elementor-element-e3e4553 elementor-position-left elementor-view-default elementor-mobile-position-top elementor-vertical-align-top elementor-widget elementor-widget-icon-box\" data-id=\"e3e4553\" data-element_type=\"widget\" data-widget_type=\"icon-box.default\">\n\t\t\t\t<div class=\"elementor-widget-container\">\n\t\t\t<link rel=\"stylesheet\" href=\"https:\/\/rabbitmkt.com.br\/clientes\/colegio_brasil\/wp-content\/plugins\/elementor\/assets\/css\/widget-icon-box.min.css\">\t\t<div class=\"elementor-icon-box-wrapper\">\n\n\t\t\t\t\t\t<div class=\"elementor-icon-box-icon\">\n\t\t\t\t<a href=\"#elementor-action%3Aaction%3Dpopup%3Aopen%26settings%3DeyJpZCI6IjYwOCIsInRvZ2dsZSI6ZmFsc2V9\" class=\"elementor-icon elementor-animation-\" tabindex=\"-1\">\n\t\t\t\t<i aria-hidden=\"true\" class=\"fab fa-whatsapp\"><\/i>\t\t\t\t<\/a>\n\t\t\t<\/div>\n\t\t\t\n\t\t\t\t\t\t<div class=\"elementor-icon-box-content\">\n\n\t\t\t\t\t\t\t\t\t<h3 class=\"elementor-icon-box-title\">\n\t\t\t\t\t\t<a href=\"#elementor-action%3Aaction%3Dpopup%3Aopen%26settings%3DeyJpZCI6IjYwOCIsInRvZ2dsZSI6ZmFsc2V9\" >\n\t\t\t\t\t\t\tVamos conversar !\t\t\t\t\t\t<\/a>\n\t\t\t\t\t<\/h3>\n\t\t\t\t\n\t\t\t\t\t\t\t\t\t<p class=\"elementor-icon-box-description\">\n\t\t\t\t\t\tEnvie sua mensagem e entraremos em contato.\n\t\t\t\t\t<\/p>\n\t\t\t\t\n\t\t\t<\/div>\n\t\t\t\n\t\t<\/div>\n\t\t\t\t<\/div>\n\t\t\t\t<\/div>\n\t\t\t\t<\/div>\n\t\t<div data-particle_enable=\"false\" data-particle-mobile-disabled=\"false\" class=\"elementor-element elementor-element-478e1a0 e-con-full video_escola e-flex e-con e-child\" data-id=\"478e1a0\" data-element_type=\"container\">\n\t\t\t\t<div class=\"elementor-element elementor-element-a2df020 elementor-position-left elementor-view-default elementor-mobile-position-top elementor-vertical-align-top elementor-widget elementor-widget-icon-box\" data-id=\"a2df020\" data-element_type=\"widget\" data-widget_type=\"icon-box.default\">\n\t\t\t\t<div class=\"elementor-widget-container\">\n\t\t\t\t\t<div class=\"elementor-icon-box-wrapper\">\n\n\t\t\t\t\t\t<div class=\"elementor-icon-box-icon\">\n\t\t\t\t<a href=\"#elementor-action%3Aaction%3Dpopup%3Aopen%26settings%3DeyJpZCI6IjYxMCIsInRvZ2dsZSI6ZmFsc2V9\" class=\"elementor-icon elementor-animation-\" tabindex=\"-1\">\n\t\t\t\t<i aria-hidden=\"true\" class=\"fas fa-phone-alt\"><\/i>\t\t\t\t<\/a>\n\t\t\t<\/div>\n\t\t\t\n\t\t\t\t\t\t<div class=\"elementor-icon-box-content\">\n\n\t\t\t\t\t\t\t\t\t<h3 class=\"elementor-icon-box-title\">\n\t\t\t\t\t\t<a href=\"#elementor-action%3Aaction%3Dpopup%3Aopen%26settings%3DeyJpZCI6IjYxMCIsInRvZ2dsZSI6ZmFsc2V9\" >\n\t\t\t\t\t\t\tSe preferir \"ligamos\" para voc\u00ea\t\t\t\t\t\t<\/a>\n\t\t\t\t\t<\/h3>\n\t\t\t\t\n\t\t\t\t\t\t\t\t\t<p class=\"elementor-icon-box-description\">\n\t\t\t\t\t\tClique aqui\t\t\t\t\t<\/p>\n\t\t\t\t\n\t\t\t<\/div>\n\t\t\t\n\t\t<\/div>\n\t\t\t\t<\/div>\n\t\t\t\t<\/div>\n\t\t\t\t<\/div>\n\t\t\t\t\t<\/div>\n\t\t\t\t<\/div>\n\t\t\t\t<\/div>\n\t\t","protected":false},"excerpt":{"rendered":"<p>Nossa Hist\u00f3ria Onde a excel\u00eancia educacional desperta seu interesse, alimenta seu desejo por conhecimento e o guia para a\u00e7\u00e3o rumo a um futuro promissor. Em 1963, o bairro da Vila Carr\u00e3o foi contemplado com a funda\u00e7\u00e3o do Col\u00e9gio Brasil, com cursos pr\u00e1ticos avan\u00e7ados para a \u00e9poca, como T\u00e9cnico em Secretariado, Administra\u00e7\u00e3o e Contabilidade e Datilografia [&hellip;]<\/p>\n","protected":false},"author":1,"featured_media":0,"parent":0,"menu_order":0,"comment_status":"closed","ping_status":"closed","template":"","meta":{"_joinchat":[],"footnotes":""},"class_list":["post-1219","page","type-page","status-publish","hentry"],"_links":{"self":[{"href":"https:\/\/rabbitmkt.com.br\/clientes\/colegio_brasil\/wp-json\/wp\/v2\/pages\/1219"}],"collection":[{"href":"https:\/\/rabbitmkt.com.br\/clientes\/colegio_brasil\/wp-json\/wp\/v2\/pages"}],"about":[{"href":"https:\/\/rabbitmkt.com.br\/clientes\/colegio_brasil\/wp-json\/wp\/v2\/types\/page"}],"author":[{"embeddable":true,"href":"https:\/\/rabbitmkt.com.br\/clientes\/colegio_brasil\/wp-json\/wp\/v2\/users\/1"}],"replies":[{"embeddable":true,"href":"https:\/\/rabbitmkt.com.br\/clientes\/colegio_brasil\/wp-json\/wp\/v2\/comments?post=1219"}],"version-history":[{"count":159,"href":"https:\/\/rabbitmkt.com.br\/clientes\/colegio_brasil\/wp-json\/wp\/v2\/pages\/1219\/revisions"}],"predecessor-version":[{"id":3203,"href":"https:\/\/rabbitmkt.com.br\/clientes\/colegio_brasil\/wp-json\/wp\/v2\/pages\/1219\/revisions\/3203"}],"wp:attachment":[{"href":"https:\/\/rabbitmkt.com.br\/clientes\/colegio_brasil\/wp-json\/wp\/v2\/media?parent=1219"}],"curies":[{"name":"wp","href":"https:\/\/api.w.org\/{rel}","templated":true}]}}