{"id":1282,"date":"2024-04-25T16:08:19","date_gmt":"2024-04-25T16:08:19","guid":{"rendered":"https:\/\/rabbitmkt.com.br\/clientes\/colegio_brasil\/?page_id=1282"},"modified":"2024-11-07T15:53:12","modified_gmt":"2024-11-07T15:53:12","slug":"blog","status":"publish","type":"page","link":"https:\/\/rabbitmkt.com.br\/clientes\/colegio_brasil\/blog\/","title":{"rendered":"[Blog]"},"content":{"rendered":"\t\t<div data-elementor-type=\"wp-page\" data-elementor-id=\"1282\" class=\"elementor elementor-1282\" data-elementor-post-type=\"page\">\n\t\t\t\t<div data-particle_enable=\"false\" data-particle-mobile-disabled=\"false\" class=\"elementor-element elementor-element-8882e61 e-con-full e-flex e-con e-parent\" data-id=\"8882e61\" data-element_type=\"container\" data-settings=\"{&quot;background_background&quot;:&quot;classic&quot;}\">\n\t\t\t\t<div class=\"elementor-element elementor-element-0e1b3c8 elementor-widget elementor-widget-heading\" data-id=\"0e1b3c8\" data-element_type=\"widget\" data-widget_type=\"heading.default\">\n\t\t\t\t<div class=\"elementor-widget-container\">\n\t\t\t<style>\/*! elementor - v3.21.0 - 25-04-2024 *\/\n.elementor-heading-title{padding:0;margin:0;line-height:1}.elementor-widget-heading .elementor-heading-title[class*=elementor-size-]>a{color:inherit;font-size:inherit;line-height:inherit}.elementor-widget-heading .elementor-heading-title.elementor-size-small{font-size:15px}.elementor-widget-heading .elementor-heading-title.elementor-size-medium{font-size:19px}.elementor-widget-heading .elementor-heading-title.elementor-size-large{font-size:29px}.elementor-widget-heading .elementor-heading-title.elementor-size-xl{font-size:39px}.elementor-widget-heading .elementor-heading-title.elementor-size-xxl{font-size:59px}<\/style><h2 class=\"elementor-heading-title elementor-size-default\">Blog<\/h2>\t\t<\/div>\n\t\t\t\t<\/div>\n\t\t\t\t<\/div>\n\t\t<div data-particle_enable=\"false\" data-particle-mobile-disabled=\"false\" class=\"elementor-element elementor-element-96200de e-flex e-con-boxed e-con e-parent\" data-id=\"96200de\" data-element_type=\"container\">\n\t\t\t\t\t<div class=\"e-con-inner\">\n\t\t<div data-particle_enable=\"false\" data-particle-mobile-disabled=\"false\" class=\"elementor-element elementor-element-c3b0630 e-con-full e-flex e-con e-child\" data-id=\"c3b0630\" data-element_type=\"container\">\n\t\t\t\t<div class=\"elementor-element elementor-element-b99b57a elementor-widget elementor-widget-eael-post-block\" data-id=\"b99b57a\" data-element_type=\"widget\" data-widget_type=\"eael-post-block.default\">\n\t\t\t\t<div class=\"elementor-widget-container\">\n\t\t\t<div id=\"eael-post-block-b99b57a\" class=\"eael-post-block post-block-style-default post-block-layout-block\">\n            <div class=\"eael-post-block-grid eael-post-appender eael-post-appender-b99b57a  \"><article class=\"eael-post-block-item eael-post-block-column\">\n        <div class=\"eael-post-block-item-holder\">\n            <div class=\"eael-post-block-item-holder-inner\"><div class=\"eael-entry-media\">\n                        <div class=\"eael-entry-overlay none\"><i class=\"\" aria-hidden=\"true\"><\/i><a href=\"https:\/\/rabbitmkt.com.br\/clientes\/colegio_brasil\/como-lidar-com-a-inseguranca-e-incertezas-na-adolescencia\/\"><\/a>\n                        <\/div>\n                        <div class=\"eael-entry-thumbnail eael-image-ratio\">\n                            <img decoding=\"async\" src=\"https:\/\/rabbitmkt.com.br\/clientes\/colegio_brasil\/wp-content\/uploads\/2023\/08\/educacao_medio_01-300x200.jpeg\" alt=\"\">\n                        <\/div>\n                    <\/div><div class=\"eael-entry-wrapper\">\n                        <header class=\"eael-entry-header\"><h2 class=\"eael-entry-title\"><a class=\"eael-grid-post-link\" href=\"https:\/\/rabbitmkt.com.br\/clientes\/colegio_brasil\/como-lidar-com-a-inseguranca-e-incertezas-na-adolescencia\/\" title=\"Como lidar com a inseguran\u00e7a e\u00a0incertezas na adolesc\u00eancia?\">Como lidar com a inseguran\u00e7a e\u00a0incertezas na adolesc\u00eancia?<\/a><\/h2><\/header>\n                        \n                        <div class=\"eael-entry-content\"><div class=\"eael-grid-post-excerpt\"><p>A adolesc\u00eancia \u00e9 uma fase de transi\u00e7\u00e3o, marcada por mudan\u00e7as...<\/p><a href=\"https:\/\/rabbitmkt.com.br\/clientes\/colegio_brasil\/como-lidar-com-a-inseguranca-e-incertezas-na-adolescencia\/\" class=\"eael-post-elements-readmore-btn\">Leia mais<\/a><\/div><\/div>\n                    <\/div><\/div>\n        <\/div>\n    <\/article><article class=\"eael-post-block-item eael-post-block-column\">\n        <div class=\"eael-post-block-item-holder\">\n            <div class=\"eael-post-block-item-holder-inner\"><div class=\"eael-entry-media\">\n                        <div class=\"eael-entry-overlay none\"><i class=\"\" aria-hidden=\"true\"><\/i><a href=\"https:\/\/rabbitmkt.com.br\/clientes\/colegio_brasil\/como-ajudar-a-crianca-a-se-adaptar-a-uma-nova-turma-na-escola\/\"><\/a>\n                        <\/div>\n                        <div class=\"eael-entry-thumbnail eael-image-ratio\">\n                            <img decoding=\"async\" src=\"https:\/\/rabbitmkt.com.br\/clientes\/colegio_brasil\/wp-content\/uploads\/2023\/08\/educacao_medio_03-300x155.jpg\" alt=\"\">\n                        <\/div>\n                    <\/div><div class=\"eael-entry-wrapper\">\n                        <header class=\"eael-entry-header\"><h2 class=\"eael-entry-title\"><a class=\"eael-grid-post-link\" href=\"https:\/\/rabbitmkt.com.br\/clientes\/colegio_brasil\/como-ajudar-a-crianca-a-se-adaptar-a-uma-nova-turma-na-escola\/\" title=\"Como ajudar a crian\u00e7a a se adaptar a uma nova turma na escola?\">Como ajudar a crian\u00e7a a se adaptar a uma nova turma na escola?<\/a><\/h2><\/header>\n                        \n                        <div class=\"eael-entry-content\"><div class=\"eael-grid-post-excerpt\"><p>Mudar de turma na escola pode ser um momento emocionante,...<\/p><a href=\"https:\/\/rabbitmkt.com.br\/clientes\/colegio_brasil\/como-ajudar-a-crianca-a-se-adaptar-a-uma-nova-turma-na-escola\/\" class=\"eael-post-elements-readmore-btn\">Leia mais<\/a><\/div><\/div>\n                    <\/div><\/div>\n        <\/div>\n    <\/article><article class=\"eael-post-block-item eael-post-block-column\">\n        <div class=\"eael-post-block-item-holder\">\n            <div class=\"eael-post-block-item-holder-inner\"><div class=\"eael-entry-media\">\n                        <div class=\"eael-entry-overlay none\"><i class=\"\" aria-hidden=\"true\"><\/i><a href=\"https:\/\/rabbitmkt.com.br\/clientes\/colegio_brasil\/o-desenvolvimento-psicologico-em-cada-fase\/\"><\/a>\n                        <\/div>\n                        <div class=\"eael-entry-thumbnail eael-image-ratio\">\n                            <img decoding=\"async\" src=\"https:\/\/rabbitmkt.com.br\/clientes\/colegio_brasil\/wp-content\/uploads\/2023\/08\/educacao_medio_05-300x200.jpg\" alt=\"\">\n                        <\/div>\n                    <\/div><div class=\"eael-entry-wrapper\">\n                        <header class=\"eael-entry-header\"><h2 class=\"eael-entry-title\"><a class=\"eael-grid-post-link\" href=\"https:\/\/rabbitmkt.com.br\/clientes\/colegio_brasil\/o-desenvolvimento-psicologico-em-cada-fase\/\" title=\"O desenvolvimento psicol\u00f3gico em cada fase\">O desenvolvimento psicol\u00f3gico em cada fase<\/a><\/h2><\/header>\n                        \n                        <div class=\"eael-entry-content\"><div class=\"eael-grid-post-excerpt\"><p>O desenvolvimento psicol\u00f3gico ocorre como transforma\u00e7\u00f5es ao longo de toda...<\/p><a href=\"https:\/\/rabbitmkt.com.br\/clientes\/colegio_brasil\/o-desenvolvimento-psicologico-em-cada-fase\/\" class=\"eael-post-elements-readmore-btn\">Leia mais<\/a><\/div><\/div>\n                    <\/div><\/div>\n        <\/div>\n    <\/article><article class=\"eael-post-block-item eael-post-block-column\">\n        <div class=\"eael-post-block-item-holder\">\n            <div class=\"eael-post-block-item-holder-inner\"><div class=\"eael-entry-media\">\n                        <div class=\"eael-entry-overlay none\"><i class=\"\" aria-hidden=\"true\"><\/i><a href=\"https:\/\/rabbitmkt.com.br\/clientes\/colegio_brasil\/como-apoiar-na-evolucao-dos-seus-filhos\/\"><\/a>\n                        <\/div>\n                        <div class=\"eael-entry-thumbnail eael-image-ratio\">\n                            <img decoding=\"async\" src=\"https:\/\/rabbitmkt.com.br\/clientes\/colegio_brasil\/wp-content\/uploads\/2023\/08\/educacao_infantil_04-300x191.jpg\" alt=\"\">\n                        <\/div>\n                    <\/div><div class=\"eael-entry-wrapper\">\n                        <header class=\"eael-entry-header\"><h2 class=\"eael-entry-title\"><a class=\"eael-grid-post-link\" href=\"https:\/\/rabbitmkt.com.br\/clientes\/colegio_brasil\/como-apoiar-na-evolucao-dos-seus-filhos\/\" title=\"Como apoiar na evolu\u00e7\u00e3o dos seus filhos.\">Como apoiar na evolu\u00e7\u00e3o dos seus filhos.<\/a><\/h2><\/header>\n                        \n                        <div class=\"eael-entry-content\"><div class=\"eael-grid-post-excerpt\"><p>Crian\u00e7as s\u00e3o como plantas: precisam de cuidado e aten\u00e7\u00e3o para...<\/p><a href=\"https:\/\/rabbitmkt.com.br\/clientes\/colegio_brasil\/como-apoiar-na-evolucao-dos-seus-filhos\/\" class=\"eael-post-elements-readmore-btn\">Leia mais<\/a><\/div><\/div>\n                    <\/div><\/div>\n        <\/div>\n    <\/article><\/div>\n\t\t<\/div>\t\t<\/div>\n\t\t\t\t<\/div>\n\t\t\t\t<\/div>\n\t\t<div data-particle_enable=\"false\" data-particle-mobile-disabled=\"false\" class=\"elementor-element elementor-element-4d48a46 e-con-full e-flex e-con e-child\" data-id=\"4d48a46\" data-element_type=\"container\">\n\t\t\t\t<div class=\"elementor-element elementor-element-957b4cc elementor-search-form--skin-classic elementor-search-form--button-type-icon elementor-search-form--icon-search elementor-widget elementor-widget-search-form\" data-id=\"957b4cc\" data-element_type=\"widget\" data-settings=\"{&quot;skin&quot;:&quot;classic&quot;}\" como=\"\" data-widget_type=\"search-form.default\">\n\t\t\t\t<div class=\"elementor-widget-container\">\n\t\t\t<link rel=\"stylesheet\" href=\"https:\/\/rabbitmkt.com.br\/clientes\/colegio_brasil\/wp-content\/plugins\/elementor-pro\/assets\/css\/widget-theme-elements.min.css\">\t\t<search role=\"search\">\n\t\t\t<form class=\"elementor-search-form\" action=\"https:\/\/rabbitmkt.com.br\/clientes\/colegio_brasil\" method=\"get\">\n\t\t\t\t\t\t\t\t\t\t\t\t<div class=\"elementor-search-form__container\">\n\t\t\t\t\t<label class=\"elementor-screen-only\" for=\"elementor-search-form-957b4cc\">Search<\/label>\n\n\t\t\t\t\t\n\t\t\t\t\t<input id=\"elementor-search-form-957b4cc\" placeholder=\"Pequisar\" class=\"elementor-search-form__input\" type=\"search\" name=\"s\" value=\"\">\n\t\t\t\t\t\n\t\t\t\t\t\t\t\t\t\t\t<button class=\"elementor-search-form__submit\" type=\"submit\" aria-label=\"Search\">\n\t\t\t\t\t\t\t\t\t\t\t\t\t\t\t<i aria-hidden=\"true\" class=\"fas fa-search\"><\/i>\t\t\t\t\t\t\t\t<span class=\"elementor-screen-only\">Search<\/span>\n\t\t\t\t\t\t\t\t\t\t\t\t\t<\/button>\n\t\t\t\t\t\n\t\t\t\t\t\t\t\t\t<\/div>\n\t\t\t<\/form>\n\t\t<\/search>\n\t\t\t\t<\/div>\n\t\t\t\t<\/div>\n\t\t\t\t<div class=\"elementor-element elementor-element-3b9521c elementor-widget elementor-widget-heading\" data-id=\"3b9521c\" data-element_type=\"widget\" data-widget_type=\"heading.default\">\n\t\t\t\t<div class=\"elementor-widget-container\">\n\t\t\t<h2 class=\"elementor-heading-title elementor-size-default\">Esta Gostando? Compartilhe<\/h2>\t\t<\/div>\n\t\t\t\t<\/div>\n\t\t\t\t<div class=\"elementor-element elementor-element-1c56556 elementor-share-buttons--view-icon elementor-share-buttons--skin-flat elementor-share-buttons--shape-circle elementor-share-buttons--align-center elementor-share-buttons--color-custom elementor-grid-0 elementor-widget elementor-widget-share-buttons\" data-id=\"1c56556\" data-element_type=\"widget\" data-widget_type=\"share-buttons.default\">\n\t\t\t\t<div class=\"elementor-widget-container\">\n\t\t\t<link rel=\"stylesheet\" href=\"https:\/\/rabbitmkt.com.br\/clientes\/colegio_brasil\/wp-content\/plugins\/elementor-pro\/assets\/css\/widget-share-buttons.min.css\">\t\t<div class=\"elementor-grid\">\n\t\t\t\t\t\t\t\t<div class=\"elementor-grid-item\">\n\t\t\t\t\t\t<div\n\t\t\t\t\t\t\tclass=\"elementor-share-btn elementor-share-btn_facebook\"\n\t\t\t\t\t\t\trole=\"button\"\n\t\t\t\t\t\t\ttabindex=\"0\"\n\t\t\t\t\t\t\taria-label=\"Share on facebook\"\n\t\t\t\t\t\t>\n\t\t\t\t\t\t\t\t\t\t\t\t\t\t\t<span class=\"elementor-share-btn__icon\">\n\t\t\t\t\t\t\t\t<i class=\"fab fa-facebook\" aria-hidden=\"true\"><\/i>\t\t\t\t\t\t\t<\/span>\n\t\t\t\t\t\t\t\t\t\t\t\t\t\t\t\t\t\t\t\t<\/div>\n\t\t\t\t\t<\/div>\n\t\t\t\t\t\t\t\t\t<div class=\"elementor-grid-item\">\n\t\t\t\t\t\t<div\n\t\t\t\t\t\t\tclass=\"elementor-share-btn elementor-share-btn_twitter\"\n\t\t\t\t\t\t\trole=\"button\"\n\t\t\t\t\t\t\ttabindex=\"0\"\n\t\t\t\t\t\t\taria-label=\"Share on twitter\"\n\t\t\t\t\t\t>\n\t\t\t\t\t\t\t\t\t\t\t\t\t\t\t<span class=\"elementor-share-btn__icon\">\n\t\t\t\t\t\t\t\t<i class=\"fab fa-twitter\" aria-hidden=\"true\"><\/i>\t\t\t\t\t\t\t<\/span>\n\t\t\t\t\t\t\t\t\t\t\t\t\t\t\t\t\t\t\t\t<\/div>\n\t\t\t\t\t<\/div>\n\t\t\t\t\t\t\t\t\t<div class=\"elementor-grid-item\">\n\t\t\t\t\t\t<div\n\t\t\t\t\t\t\tclass=\"elementor-share-btn elementor-share-btn_whatsapp\"\n\t\t\t\t\t\t\trole=\"button\"\n\t\t\t\t\t\t\ttabindex=\"0\"\n\t\t\t\t\t\t\taria-label=\"Share on whatsapp\"\n\t\t\t\t\t\t>\n\t\t\t\t\t\t\t\t\t\t\t\t\t\t\t<span class=\"elementor-share-btn__icon\">\n\t\t\t\t\t\t\t\t<i class=\"fab fa-whatsapp\" aria-hidden=\"true\"><\/i>\t\t\t\t\t\t\t<\/span>\n\t\t\t\t\t\t\t\t\t\t\t\t\t\t\t\t\t\t\t\t<\/div>\n\t\t\t\t\t<\/div>\n\t\t\t\t\t\t<\/div>\n\t\t\t\t<\/div>\n\t\t\t\t<\/div>\n\t\t\t\t<div class=\"elementor-element elementor-element-6282f68 elementor-widget elementor-widget-heading\" data-id=\"6282f68\" data-element_type=\"widget\" data-widget_type=\"heading.default\">\n\t\t\t\t<div class=\"elementor-widget-container\">\n\t\t\t<h2 class=\"elementor-heading-title elementor-size-default\">Post Recentes<\/h2>\t\t<\/div>\n\t\t\t\t<\/div>\n\t\t\t\t<div class=\"elementor-element elementor-element-95531bd elementor-grid-1 elementor-posts--thumbnail-none elementor-posts--align-center elementor-grid-tablet-1 elementor-grid-mobile-1 elementor-card-shadow-yes elementor-posts__hover-gradient elementor-widget elementor-widget-posts\" data-id=\"95531bd\" data-element_type=\"widget\" data-settings=\"{&quot;cards_columns&quot;:&quot;1&quot;,&quot;cards_row_gap&quot;:{&quot;unit&quot;:&quot;px&quot;,&quot;size&quot;:14,&quot;sizes&quot;:[]},&quot;cards_columns_tablet&quot;:&quot;1&quot;,&quot;cards_columns_mobile&quot;:&quot;1&quot;,&quot;cards_row_gap_tablet&quot;:{&quot;unit&quot;:&quot;px&quot;,&quot;size&quot;:&quot;&quot;,&quot;sizes&quot;:[]},&quot;cards_row_gap_mobile&quot;:{&quot;unit&quot;:&quot;px&quot;,&quot;size&quot;:&quot;&quot;,&quot;sizes&quot;:[]}}\" data-widget_type=\"posts.cards\">\n\t\t\t\t<div class=\"elementor-widget-container\">\n\t\t\t<link rel=\"stylesheet\" href=\"https:\/\/rabbitmkt.com.br\/clientes\/colegio_brasil\/wp-content\/plugins\/elementor-pro\/assets\/css\/widget-posts.min.css\">\t\t<div class=\"elementor-posts-container elementor-posts elementor-posts--skin-cards elementor-grid\">\n\t\t\t\t<article class=\"elementor-post elementor-grid-item post-445 post type-post status-publish format-standard has-post-thumbnail hentry category-blog\">\n\t\t\t<div class=\"elementor-post__card\">\n\t\t\t\t<div class=\"elementor-post__text\">\n\t\t\t\t<h3 class=\"elementor-post__title\">\n\t\t\t<a href=\"https:\/\/rabbitmkt.com.br\/clientes\/colegio_brasil\/como-apoiar-na-evolucao-dos-seus-filhos\/\" >\n\t\t\t\tComo apoiar na evolu\u00e7\u00e3o dos seus filhos.\t\t\t<\/a>\n\t\t<\/h3>\n\t\t\n\t\t<a class=\"elementor-post__read-more\" href=\"https:\/\/rabbitmkt.com.br\/clientes\/colegio_brasil\/como-apoiar-na-evolucao-dos-seus-filhos\/\" aria-label=\"Read more about Como apoiar na evolu\u00e7\u00e3o dos seus filhos.\" tabindex=\"-1\" >\n\t\t\tSaiba Mais \u00bb\t\t<\/a>\n\n\t\t\t\t<\/div>\n\t\t\t\t\t<\/div>\n\t\t<\/article>\n\t\t\t\t<article class=\"elementor-post elementor-grid-item post-442 post type-post status-publish format-standard has-post-thumbnail hentry category-blog\">\n\t\t\t<div class=\"elementor-post__card\">\n\t\t\t\t<div class=\"elementor-post__text\">\n\t\t\t\t<h3 class=\"elementor-post__title\">\n\t\t\t<a href=\"https:\/\/rabbitmkt.com.br\/clientes\/colegio_brasil\/como-lidar-com-a-inseguranca-e-incertezas-na-adolescencia\/\" >\n\t\t\t\tComo lidar com a inseguran\u00e7a e\u00a0incertezas na adolesc\u00eancia?\t\t\t<\/a>\n\t\t<\/h3>\n\t\t\n\t\t<a class=\"elementor-post__read-more\" href=\"https:\/\/rabbitmkt.com.br\/clientes\/colegio_brasil\/como-lidar-com-a-inseguranca-e-incertezas-na-adolescencia\/\" aria-label=\"Read more about Como lidar com a inseguran\u00e7a e\u00a0incertezas na adolesc\u00eancia?\" tabindex=\"-1\" >\n\t\t\tSaiba Mais \u00bb\t\t<\/a>\n\n\t\t\t\t<\/div>\n\t\t\t\t\t<\/div>\n\t\t<\/article>\n\t\t\t\t<article class=\"elementor-post elementor-grid-item post-444 post type-post status-publish format-standard has-post-thumbnail hentry category-blog\">\n\t\t\t<div class=\"elementor-post__card\">\n\t\t\t\t<div class=\"elementor-post__text\">\n\t\t\t\t<h3 class=\"elementor-post__title\">\n\t\t\t<a href=\"https:\/\/rabbitmkt.com.br\/clientes\/colegio_brasil\/o-desenvolvimento-psicologico-em-cada-fase\/\" >\n\t\t\t\tO desenvolvimento psicol\u00f3gico em cada fase\t\t\t<\/a>\n\t\t<\/h3>\n\t\t\n\t\t<a class=\"elementor-post__read-more\" href=\"https:\/\/rabbitmkt.com.br\/clientes\/colegio_brasil\/o-desenvolvimento-psicologico-em-cada-fase\/\" aria-label=\"Read more about O desenvolvimento psicol\u00f3gico em cada fase\" tabindex=\"-1\" >\n\t\t\tSaiba Mais \u00bb\t\t<\/a>\n\n\t\t\t\t<\/div>\n\t\t\t\t\t<\/div>\n\t\t<\/article>\n\t\t\t\t<article class=\"elementor-post elementor-grid-item post-443 post type-post status-publish format-standard has-post-thumbnail hentry category-blog\">\n\t\t\t<div class=\"elementor-post__card\">\n\t\t\t\t<div class=\"elementor-post__text\">\n\t\t\t\t<h3 class=\"elementor-post__title\">\n\t\t\t<a href=\"https:\/\/rabbitmkt.com.br\/clientes\/colegio_brasil\/como-ajudar-a-crianca-a-se-adaptar-a-uma-nova-turma-na-escola\/\" >\n\t\t\t\tComo ajudar a crian\u00e7a a se adaptar a uma nova turma na escola?\t\t\t<\/a>\n\t\t<\/h3>\n\t\t\n\t\t<a class=\"elementor-post__read-more\" href=\"https:\/\/rabbitmkt.com.br\/clientes\/colegio_brasil\/como-ajudar-a-crianca-a-se-adaptar-a-uma-nova-turma-na-escola\/\" aria-label=\"Read more about Como ajudar a crian\u00e7a a se adaptar a uma nova turma na escola?\" tabindex=\"-1\" >\n\t\t\tSaiba Mais \u00bb\t\t<\/a>\n\n\t\t\t\t<\/div>\n\t\t\t\t\t<\/div>\n\t\t<\/article>\n\t\t\t\t<\/div>\n\t\t\n\t\t\t\t<\/div>\n\t\t\t\t<\/div>\n\t\t\t\t<\/div>\n\t\t\t\t\t<\/div>\n\t\t\t\t<\/div>\n\t\t\t\t<\/div>\n\t\t","protected":false},"excerpt":{"rendered":"<p>Blog Como ajudar a crian\u00e7a a se adaptar a uma nova turma na escola? Mudar de turma na escola pode ser um momento emocionante,&#8230; Leia<\/p>\n","protected":false},"author":1,"featured_media":0,"parent":0,"menu_order":0,"comment_status":"closed","ping_status":"closed","template":"","meta":{"_joinchat":[],"footnotes":""},"class_list":["post-1282","page","type-page","status-publish","hentry"],"_links":{"self":[{"href":"https:\/\/rabbitmkt.com.br\/clientes\/colegio_brasil\/wp-json\/wp\/v2\/pages\/1282"}],"collection":[{"href":"https:\/\/rabbitmkt.com.br\/clientes\/colegio_brasil\/wp-json\/wp\/v2\/pages"}],"about":[{"href":"https:\/\/rabbitmkt.com.br\/clientes\/colegio_brasil\/wp-json\/wp\/v2\/types\/page"}],"author":[{"embeddable":true,"href":"https:\/\/rabbitmkt.com.br\/clientes\/colegio_brasil\/wp-json\/wp\/v2\/users\/1"}],"replies":[{"embeddable":true,"href":"https:\/\/rabbitmkt.com.br\/clientes\/colegio_brasil\/wp-json\/wp\/v2\/comments?post=1282"}],"version-history":[{"count":28,"href":"https:\/\/rabbitmkt.com.br\/clientes\/colegio_brasil\/wp-json\/wp\/v2\/pages\/1282\/revisions"}],"predecessor-version":[{"id":2600,"href":"https:\/\/rabbitmkt.com.br\/clientes\/colegio_brasil\/wp-json\/wp\/v2\/pages\/1282\/revisions\/2600"}],"wp:attachment":[{"href":"https:\/\/rabbitmkt.com.br\/clientes\/colegio_brasil\/wp-json\/wp\/v2\/media?parent=1282"}],"curies":[{"name":"wp","href":"https:\/\/api.w.org\/{rel}","templated":true}]}}