{"id":2849,"date":"2024-11-08T18:26:20","date_gmt":"2024-11-08T18:26:20","guid":{"rendered":"https:\/\/rabbitmkt.com.br\/clientes\/colegio_brasil\/?page_id=2849"},"modified":"2024-11-21T18:19:36","modified_gmt":"2024-11-21T18:19:36","slug":"sistema-objetivo-de-ensino","status":"publish","type":"page","link":"https:\/\/rabbitmkt.com.br\/clientes\/colegio_brasil\/sistema-objetivo-de-ensino\/","title":{"rendered":"[Sistema Objetivo de Ensino]"},"content":{"rendered":"\t\t<div data-elementor-type=\"wp-page\" data-elementor-id=\"2849\" class=\"elementor elementor-2849\" data-elementor-post-type=\"page\">\n\t\t\t\t<div data-particle_enable=\"false\" data-particle-mobile-disabled=\"false\" class=\"elementor-element elementor-element-0199dd7 e-con-full e-flex e-con e-parent\" data-id=\"0199dd7\" data-element_type=\"container\" data-settings=\"{&quot;background_background&quot;:&quot;classic&quot;}\">\n\t\t\t\t<div class=\"elementor-element elementor-element-862a61c elementor-widget elementor-widget-heading\" data-id=\"862a61c\" data-element_type=\"widget\" data-widget_type=\"heading.default\">\n\t\t\t\t<div class=\"elementor-widget-container\">\n\t\t\t<style>\/*! elementor - v3.21.0 - 25-04-2024 *\/\n.elementor-heading-title{padding:0;margin:0;line-height:1}.elementor-widget-heading .elementor-heading-title[class*=elementor-size-]>a{color:inherit;font-size:inherit;line-height:inherit}.elementor-widget-heading .elementor-heading-title.elementor-size-small{font-size:15px}.elementor-widget-heading .elementor-heading-title.elementor-size-medium{font-size:19px}.elementor-widget-heading .elementor-heading-title.elementor-size-large{font-size:29px}.elementor-widget-heading .elementor-heading-title.elementor-size-xl{font-size:39px}.elementor-widget-heading .elementor-heading-title.elementor-size-xxl{font-size:59px}<\/style><h2 class=\"elementor-heading-title elementor-size-default\">Sistema de Ensino Objetivo<\/h2>\t\t<\/div>\n\t\t\t\t<\/div>\n\t\t\t\t<\/div>\n\t\t<div data-particle_enable=\"false\" data-particle-mobile-disabled=\"false\" class=\"elementor-element elementor-element-529ee15 e-flex e-con-boxed e-con e-parent\" data-id=\"529ee15\" data-element_type=\"container\">\n\t\t\t\t\t<div class=\"e-con-inner\">\n\t\t\t\t<div class=\"elementor-element elementor-element-66b7617 elementor-widget elementor-widget-heading\" data-id=\"66b7617\" data-element_type=\"widget\" data-widget_type=\"heading.default\">\n\t\t\t\t<div class=\"elementor-widget-container\">\n\t\t\t<h2 class=\"elementor-heading-title elementor-size-default\">O desafio da renova\u00e7\u00e3o e a solidez da tradi\u00e7\u00e3o<\/h2>\t\t<\/div>\n\t\t\t\t<\/div>\n\t\t\t\t<div class=\"elementor-element elementor-element-3491642 elementor-widget elementor-widget-text-editor\" data-id=\"3491642\" data-element_type=\"widget\" data-widget_type=\"text-editor.default\">\n\t\t\t\t<div class=\"elementor-widget-container\">\n\t\t\t<style>\/*! elementor - v3.21.0 - 25-04-2024 *\/\n.elementor-widget-text-editor.elementor-drop-cap-view-stacked .elementor-drop-cap{background-color:#69727d;color:#fff}.elementor-widget-text-editor.elementor-drop-cap-view-framed .elementor-drop-cap{color:#69727d;border:3px solid;background-color:transparent}.elementor-widget-text-editor:not(.elementor-drop-cap-view-default) .elementor-drop-cap{margin-top:8px}.elementor-widget-text-editor:not(.elementor-drop-cap-view-default) .elementor-drop-cap-letter{width:1em;height:1em}.elementor-widget-text-editor .elementor-drop-cap{float:left;text-align:center;line-height:1;font-size:50px}.elementor-widget-text-editor .elementor-drop-cap-letter{display:inline-block}<\/style>\t\t\t\t<p>O mundo atual imp\u00f5e a educadores, crian\u00e7as e jovens a tarefa de absorver as novas tecnologias, sem as quais qualquer atividade profissional e at\u00e9 mesmo a vida cotidiana se tornar\u00e3o invi\u00e1veis.<\/p><p>As perspectivas que se abrem nos mais diversos campos do saber implicam um\u00a0<strong>modelo educacional permanentemente aberto ao novo, ao din\u00e2mico, ao interativo<\/strong>\u00a0&#8211; atento a uma realidade que se transforma a cada momento.<\/p><p><strong>Formar o indiv\u00edduo para um mundo globalizado e para os seus novos par\u00e2metros<\/strong>\u00a0envolve a capacidade de utiliza\u00e7\u00e3o dos\u00a0<strong>recursos infind\u00e1veis da inform\u00e1tica, da computa\u00e7\u00e3o e da telem\u00e1tica<\/strong>, que comp\u00f5em uma\u00a0<strong>revolu\u00e7\u00e3o cultural<\/strong>\u00a0t\u00e3o transformadora quanto o foi, no seu tempo, a inven\u00e7\u00e3o da imprensa.<\/p><p>A\u00a0<strong>absor\u00e7\u00e3o do novo<\/strong>, contudo, n\u00e3o pode prescindir de uma s\u00f3lida forma\u00e7\u00e3o, da\u00a0<strong>compreens\u00e3o l\u00facida das novas realidades e do dom\u00ednio de equipamentos b\u00e1sicos para a vida<\/strong>: a compet\u00eancia lingu\u00edstica, o racioc\u00ednio l\u00f3gico e matem\u00e1tico, a inicia\u00e7\u00e3o cient\u00edfica, a consci\u00eancia do meio ambiente, a vis\u00e3o hist\u00f3rica, a experi\u00eancia art\u00edstica, a forma\u00e7\u00e3o \u00e9tica e a constru\u00e7\u00e3o da consci\u00eancia de cidadania, al\u00e9m do dom\u00ednio de recursos tecnol\u00f3gicos, passaporte privilegiado para o mundo futuro.<\/p><p><strong>Esses s\u00e3o os caminhos. S\u00e3o esses os ideais que alimentam nossa proposta educacional.<\/strong><\/p>\t\t\t\t\t\t<\/div>\n\t\t\t\t<\/div>\n\t\t\t\t\t<\/div>\n\t\t\t\t<\/div>\n\t\t<div data-particle_enable=\"false\" data-particle-mobile-disabled=\"false\" class=\"elementor-element elementor-element-1996a53 e-flex e-con-boxed e-con e-parent\" data-id=\"1996a53\" data-element_type=\"container\" data-settings=\"{&quot;background_background&quot;:&quot;classic&quot;}\">\n\t\t\t\t\t<div class=\"e-con-inner\">\n\t\t<div data-particle_enable=\"false\" data-particle-mobile-disabled=\"false\" class=\"elementor-element elementor-element-189d990 e-con-full e-flex e-con e-child\" data-id=\"189d990\" data-element_type=\"container\">\n\t\t\t\t<div class=\"elementor-element elementor-element-1313da2 elementor-widget elementor-widget-heading\" data-id=\"1313da2\" data-element_type=\"widget\" data-widget_type=\"heading.default\">\n\t\t\t\t<div class=\"elementor-widget-container\">\n\t\t\t<h2 class=\"elementor-heading-title elementor-size-default\">Matr\u00edculas abertas!<\/h2>\t\t<\/div>\n\t\t\t\t<\/div>\n\t\t\t\t<div class=\"elementor-element elementor-element-f1fc03f elementor-widget elementor-widget-heading\" data-id=\"f1fc03f\" data-element_type=\"widget\" data-widget_type=\"heading.default\">\n\t\t\t\t<div class=\"elementor-widget-container\">\n\t\t\t<h2 class=\"elementor-heading-title elementor-size-default\">Venha conhecer o  Col\u00e9gio Brasil<\/h2>\t\t<\/div>\n\t\t\t\t<\/div>\n\t\t\t\t<\/div>\n\t\t<div data-particle_enable=\"false\" data-particle-mobile-disabled=\"false\" class=\"elementor-element elementor-element-3c882db e-con-full e-flex e-con e-child\" data-id=\"3c882db\" data-element_type=\"container\">\n\t\t\t\t<div class=\"elementor-element elementor-element-d16e723 elementor-align-center elementor-widget elementor-widget-button\" data-id=\"d16e723\" data-element_type=\"widget\" data-widget_type=\"button.default\">\n\t\t\t\t<div class=\"elementor-widget-container\">\n\t\t\t\t\t<div class=\"elementor-button-wrapper\">\n\t\t\t<a class=\"elementor-button elementor-button-link elementor-size-md elementor-animation-pulse-grow\" href=\"https:\/\/rabbitmkt.com.br\/clientes\/colegio_brasil\/agende-uma-visita\/\">\n\t\t\t\t\t\t<span class=\"elementor-button-content-wrapper\">\n\t\t\t\t\t\t\t\t\t<span class=\"elementor-button-text\">Agende uma visita<\/span>\n\t\t\t\t\t<\/span>\n\t\t\t\t\t<\/a>\n\t\t<\/div>\n\t\t\t\t<\/div>\n\t\t\t\t<\/div>\n\t\t\t\t<\/div>\n\t\t\t\t\t<\/div>\n\t\t\t\t<\/div>\n\t\t<div data-particle_enable=\"false\" data-particle-mobile-disabled=\"false\" class=\"elementor-element elementor-element-0a0ee6b e-flex e-con-boxed e-con e-parent\" data-id=\"0a0ee6b\" data-element_type=\"container\">\n\t\t\t\t\t<div class=\"e-con-inner\">\n\t\t<div data-particle_enable=\"false\" data-particle-mobile-disabled=\"false\" class=\"elementor-element elementor-element-de05a6a e-flex e-con-boxed e-con e-child\" data-id=\"de05a6a\" data-element_type=\"container\">\n\t\t\t\t\t<div class=\"e-con-inner\">\n\t\t<div data-particle_enable=\"false\" data-particle-mobile-disabled=\"false\" class=\"elementor-element elementor-element-006ef1a e-flex e-con-boxed e-con e-child\" data-id=\"006ef1a\" data-element_type=\"container\">\n\t\t\t\t\t<div class=\"e-con-inner\">\n\t\t<div data-particle_enable=\"false\" data-particle-mobile-disabled=\"false\" class=\"elementor-element elementor-element-4bbcd32 e-flex e-con-boxed e-con e-child\" data-id=\"4bbcd32\" data-element_type=\"container\" data-settings=\"{&quot;background_background&quot;:&quot;classic&quot;}\">\n\t\t\t\t\t<div class=\"e-con-inner\">\n\t\t\t\t<div class=\"elementor-element elementor-element-9b94b3a elementor-widget elementor-widget-heading\" data-id=\"9b94b3a\" data-element_type=\"widget\" data-widget_type=\"heading.default\">\n\t\t\t\t<div class=\"elementor-widget-container\">\n\t\t\t<h2 class=\"elementor-heading-title elementor-size-default\">Quer conhecer mais sobre nossa estrutura pedag\u00f3gica? <br>\nEntre em contato conosco pelas op\u00e7\u00f5es abaixo:<\/h2>\t\t<\/div>\n\t\t\t\t<\/div>\n\t\t\t\t\t<\/div>\n\t\t\t\t<\/div>\n\t\t<div data-particle_enable=\"false\" data-particle-mobile-disabled=\"false\" class=\"elementor-element elementor-element-68702f7 e-con-full e-flex e-con e-child\" data-id=\"68702f7\" data-element_type=\"container\">\n\t\t\t\t<div class=\"elementor-element elementor-element-1a0b3dd elementor-position-left elementor-view-default elementor-mobile-position-top elementor-vertical-align-top elementor-widget elementor-widget-icon-box\" data-id=\"1a0b3dd\" data-element_type=\"widget\" data-widget_type=\"icon-box.default\">\n\t\t\t\t<div class=\"elementor-widget-container\">\n\t\t\t<link rel=\"stylesheet\" href=\"https:\/\/rabbitmkt.com.br\/clientes\/colegio_brasil\/wp-content\/plugins\/elementor\/assets\/css\/widget-icon-box.min.css\">\t\t<div class=\"elementor-icon-box-wrapper\">\n\n\t\t\t\t\t\t<div class=\"elementor-icon-box-icon\">\n\t\t\t\t<a href=\"#elementor-action%3Aaction%3Dpopup%3Aopen%26settings%3DeyJpZCI6IjYwOCIsInRvZ2dsZSI6ZmFsc2V9\" class=\"elementor-icon elementor-animation-\" tabindex=\"-1\">\n\t\t\t\t<i aria-hidden=\"true\" class=\"fab fa-whatsapp\"><\/i>\t\t\t\t<\/a>\n\t\t\t<\/div>\n\t\t\t\n\t\t\t\t\t\t<div class=\"elementor-icon-box-content\">\n\n\t\t\t\t\t\t\t\t\t<h3 class=\"elementor-icon-box-title\">\n\t\t\t\t\t\t<a href=\"#elementor-action%3Aaction%3Dpopup%3Aopen%26settings%3DeyJpZCI6IjYwOCIsInRvZ2dsZSI6ZmFsc2V9\" >\n\t\t\t\t\t\t\tVamos conversar !\t\t\t\t\t\t<\/a>\n\t\t\t\t\t<\/h3>\n\t\t\t\t\n\t\t\t\t\t\t\t\t\t<p class=\"elementor-icon-box-description\">\n\t\t\t\t\t\tEnvie sua mensagem e entraremos em contato.\n\t\t\t\t\t<\/p>\n\t\t\t\t\n\t\t\t<\/div>\n\t\t\t\n\t\t<\/div>\n\t\t\t\t<\/div>\n\t\t\t\t<\/div>\n\t\t\t\t<\/div>\n\t\t<div data-particle_enable=\"false\" data-particle-mobile-disabled=\"false\" class=\"elementor-element elementor-element-fd1ad51 e-con-full video_escola e-flex e-con e-child\" data-id=\"fd1ad51\" data-element_type=\"container\">\n\t\t\t\t<div class=\"elementor-element elementor-element-6fc5391 elementor-position-left elementor-view-default elementor-mobile-position-top elementor-vertical-align-top elementor-widget elementor-widget-icon-box\" data-id=\"6fc5391\" data-element_type=\"widget\" data-widget_type=\"icon-box.default\">\n\t\t\t\t<div class=\"elementor-widget-container\">\n\t\t\t\t\t<div class=\"elementor-icon-box-wrapper\">\n\n\t\t\t\t\t\t<div class=\"elementor-icon-box-icon\">\n\t\t\t\t<a href=\"#elementor-action%3Aaction%3Dpopup%3Aopen%26settings%3DeyJpZCI6IjYxMCIsInRvZ2dsZSI6ZmFsc2V9\" class=\"elementor-icon elementor-animation-\" tabindex=\"-1\">\n\t\t\t\t<i aria-hidden=\"true\" class=\"fas fa-phone-alt\"><\/i>\t\t\t\t<\/a>\n\t\t\t<\/div>\n\t\t\t\n\t\t\t\t\t\t<div class=\"elementor-icon-box-content\">\n\n\t\t\t\t\t\t\t\t\t<h3 class=\"elementor-icon-box-title\">\n\t\t\t\t\t\t<a href=\"#elementor-action%3Aaction%3Dpopup%3Aopen%26settings%3DeyJpZCI6IjYxMCIsInRvZ2dsZSI6ZmFsc2V9\" >\n\t\t\t\t\t\t\tSe preferir \"ligamos\" para voc\u00ea\t\t\t\t\t\t<\/a>\n\t\t\t\t\t<\/h3>\n\t\t\t\t\n\t\t\t\t\t\t\t\t\t<p class=\"elementor-icon-box-description\">\n\t\t\t\t\t\tClique aqui\t\t\t\t\t<\/p>\n\t\t\t\t\n\t\t\t<\/div>\n\t\t\t\n\t\t<\/div>\n\t\t\t\t<\/div>\n\t\t\t\t<\/div>\n\t\t\t\t<\/div>\n\t\t\t\t\t<\/div>\n\t\t\t\t<\/div>\n\t\t\t\t\t<\/div>\n\t\t\t\t<\/div>\n\t\t\t\t\t<\/div>\n\t\t\t\t<\/div>\n\t\t\t\t<\/div>\n\t\t","protected":false},"excerpt":{"rendered":"<p>Sistema de Ensino Objetivo O desafio da renova\u00e7\u00e3o e a solidez da tradi\u00e7\u00e3o O mundo atual imp\u00f5e a educadores, crian\u00e7as e jovens a tarefa de absorver as novas tecnologias, sem as quais qualquer atividade profissional e at\u00e9 mesmo a vida cotidiana se tornar\u00e3o invi\u00e1veis. As perspectivas que se abrem nos mais diversos campos do saber [&hellip;]<\/p>\n","protected":false},"author":1,"featured_media":0,"parent":0,"menu_order":0,"comment_status":"closed","ping_status":"closed","template":"","meta":{"_joinchat":[],"footnotes":""},"class_list":["post-2849","page","type-page","status-publish","hentry"],"_links":{"self":[{"href":"https:\/\/rabbitmkt.com.br\/clientes\/colegio_brasil\/wp-json\/wp\/v2\/pages\/2849"}],"collection":[{"href":"https:\/\/rabbitmkt.com.br\/clientes\/colegio_brasil\/wp-json\/wp\/v2\/pages"}],"about":[{"href":"https:\/\/rabbitmkt.com.br\/clientes\/colegio_brasil\/wp-json\/wp\/v2\/types\/page"}],"author":[{"embeddable":true,"href":"https:\/\/rabbitmkt.com.br\/clientes\/colegio_brasil\/wp-json\/wp\/v2\/users\/1"}],"replies":[{"embeddable":true,"href":"https:\/\/rabbitmkt.com.br\/clientes\/colegio_brasil\/wp-json\/wp\/v2\/comments?post=2849"}],"version-history":[{"count":7,"href":"https:\/\/rabbitmkt.com.br\/clientes\/colegio_brasil\/wp-json\/wp\/v2\/pages\/2849\/revisions"}],"predecessor-version":[{"id":3480,"href":"https:\/\/rabbitmkt.com.br\/clientes\/colegio_brasil\/wp-json\/wp\/v2\/pages\/2849\/revisions\/3480"}],"wp:attachment":[{"href":"https:\/\/rabbitmkt.com.br\/clientes\/colegio_brasil\/wp-json\/wp\/v2\/media?parent=2849"}],"curies":[{"name":"wp","href":"https:\/\/api.w.org\/{rel}","templated":true}]}}