{"id":299,"date":"2024-05-15T09:14:17","date_gmt":"2024-05-15T12:14:17","guid":{"rendered":"https:\/\/rabbitmkt.com.br\/clientes\/providencia\/?page_id=299"},"modified":"2024-06-10T15:08:34","modified_gmt":"2024-06-10T18:08:34","slug":"missao-do-brasil","status":"publish","type":"page","link":"https:\/\/rabbitmkt.com.br\/clientes\/providencia\/missao-do-brasil\/","title":{"rendered":"Miss\u00e3o do Brasil"},"content":{"rendered":"\t\t<div data-elementor-type=\"wp-page\" data-elementor-id=\"299\" class=\"elementor elementor-299\" data-elementor-post-type=\"page\">\n\t\t\t\t<div data-particle_enable=\"false\" data-particle-mobile-disabled=\"false\" class=\"elementor-element elementor-element-6adc09b e-flex e-con-boxed e-con e-parent\" data-id=\"6adc09b\" data-element_type=\"container\" data-settings=\"{&quot;background_background&quot;:&quot;video&quot;,&quot;background_video_link&quot;:&quot;https:\\\/\\\/rabbitmkt.com.br\\\/clientes\\\/providencia\\\/wp-content\\\/uploads\\\/2024\\\/06\\\/Video-Missao-no-Brasil.mp4&quot;,&quot;background_play_on_mobile&quot;:&quot;yes&quot;,&quot;_ha_eqh_enable&quot;:false}\">\n\t\t\t\t\t<div class=\"e-con-inner\">\n\t\t<div class=\"elementor-background-video-container\">\n\t\t\t\t\t\t\t<video class=\"elementor-background-video-hosted elementor-html5-video\" autoplay muted playsinline loop><\/video>\n\t\t\t\t\t<\/div>\t\t<div class=\"elementor-element elementor-element-83b38c6 elementor-widget elementor-widget-heading\" data-id=\"83b38c6\" data-element_type=\"widget\" data-widget_type=\"heading.default\">\n\t\t\t\t<div class=\"elementor-widget-container\">\n\t\t\t<style>\/*! elementor - v3.21.0 - 15-04-2024 *\/\n.elementor-heading-title{padding:0;margin:0;line-height:1}.elementor-widget-heading .elementor-heading-title[class*=elementor-size-]>a{color:inherit;font-size:inherit;line-height:inherit}.elementor-widget-heading .elementor-heading-title.elementor-size-small{font-size:15px}.elementor-widget-heading .elementor-heading-title.elementor-size-medium{font-size:19px}.elementor-widget-heading .elementor-heading-title.elementor-size-large{font-size:29px}.elementor-widget-heading .elementor-heading-title.elementor-size-xl{font-size:39px}.elementor-widget-heading .elementor-heading-title.elementor-size-xxl{font-size:59px}<\/style><h2 class=\"elementor-heading-title elementor-size-default\">Irm\u00e3s da provid\u00eancia<\/h2>\t\t<\/div>\n\t\t\t\t<\/div>\n\t\t\t\t<div class=\"elementor-element elementor-element-266abfc elementor-widget elementor-widget-heading\" data-id=\"266abfc\" data-element_type=\"widget\" data-widget_type=\"heading.default\">\n\t\t\t\t<div class=\"elementor-widget-container\">\n\t\t\t<h2 class=\"elementor-heading-title elementor-size-default\">Miss\u00e3o do Brasil<\/h2>\t\t<\/div>\n\t\t\t\t<\/div>\n\t\t\t\t<div class=\"elementor-element elementor-element-27d7ba0 elementor-widget elementor-widget-heading\" data-id=\"27d7ba0\" data-element_type=\"widget\" data-widget_type=\"heading.default\">\n\t\t\t\t<div class=\"elementor-widget-container\">\n\t\t\t<h2 class=\"elementor-heading-title elementor-size-default\">Transformando vidas<\/h2>\t\t<\/div>\n\t\t\t\t<\/div>\n\t\t\t\t\t<\/div>\n\t\t\t\t<\/div>\n\t\t<div data-particle_enable=\"false\" data-particle-mobile-disabled=\"false\" class=\"elementor-element elementor-element-590e1bc e-flex e-con-boxed e-con e-parent\" data-id=\"590e1bc\" data-element_type=\"container\" data-settings=\"{&quot;_ha_eqh_enable&quot;:false}\">\n\t\t\t\t\t<div class=\"e-con-inner\">\n\t\t<div data-particle_enable=\"false\" data-particle-mobile-disabled=\"false\" class=\"elementor-element elementor-element-e6357ae e-con-full e-flex e-con e-child\" data-id=\"e6357ae\" data-element_type=\"container\" data-settings=\"{&quot;_ha_eqh_enable&quot;:false}\">\n\t\t\t\t<div class=\"elementor-element elementor-element-80a9a31 elementor-widget__width-initial elementor-widget elementor-widget-text-editor\" data-id=\"80a9a31\" data-element_type=\"widget\" data-widget_type=\"text-editor.default\">\n\t\t\t\t<div class=\"elementor-widget-container\">\n\t\t\t<style>\/*! elementor - v3.21.0 - 15-04-2024 *\/\n.elementor-widget-text-editor.elementor-drop-cap-view-stacked .elementor-drop-cap{background-color:#69727d;color:#fff}.elementor-widget-text-editor.elementor-drop-cap-view-framed .elementor-drop-cap{color:#69727d;border:3px solid;background-color:transparent}.elementor-widget-text-editor:not(.elementor-drop-cap-view-default) .elementor-drop-cap{margin-top:8px}.elementor-widget-text-editor:not(.elementor-drop-cap-view-default) .elementor-drop-cap-letter{width:1em;height:1em}.elementor-widget-text-editor .elementor-drop-cap{float:left;text-align:center;line-height:1;font-size:50px}.elementor-widget-text-editor .elementor-drop-cap-letter{display:inline-block}<\/style>\t\t\t\t<p><span style=\"font-weight: 400;\">Os humildes in\u00edcios do Instituto das Irm\u00e3s da Provid\u00eancia remontam a 1\u00ba de fevereiro de 1837, quando foi inaugurada em Udine a Casa das Derelitas, onde as primeiras nove professoras decidiram dedicar-se \u00e0 acolhida e educa\u00e7\u00e3o das meninas mais pobres da cidade. A cerim\u00f4nia de consagra\u00e7\u00e3o do primeiro grupo de irm\u00e3s ocorreu em Udine na noite de Natal de 1845. O fundador, Lu\u00eds Scrosoppi, do Orat\u00f3rio de S\u00e3o Filipe Neri, era um santo humilde, rico em vida interior e generosidade, dotado de realismo e tenacidade inabal\u00e1veis. Ele trabalhava incansavelmente pelo bem dos pobres e confiava plenamente na divina Provid\u00eancia, que sempre guiou sua vida e a do Instituto das Irm\u00e3s da Provid\u00eancia. Colocado sob a prote\u00e7\u00e3o de S\u00e3o Caetano de Thiene, o Instituto foi reconhecido pela Santa S\u00e9 com o Decreto de Louvor em 1862, tornando-se de direito Pontif\u00edcio.<\/span><\/p><p><span style=\"font-weight: 400;\">A atua\u00e7\u00e3o das Irm\u00e3s da Provid\u00eancia no Brasil desde 1927 \u00e9 um testemunho vivo de compromisso e servi\u00e7o \u00e0 comunidade. Seu trabalho incans\u00e1vel na promo\u00e7\u00e3o do bem-estar social e espiritual reflete um legado de amor e dedica\u00e7\u00e3o que continua inspirando nos dias de hoje.\u00a0<\/span><\/p>\t\t\t\t\t\t<\/div>\n\t\t\t\t<\/div>\n\t\t\t\t<\/div>\n\t\t\t\t\t<\/div>\n\t\t\t\t<\/div>\n\t\t<div data-particle_enable=\"false\" data-particle-mobile-disabled=\"false\" class=\"elementor-element elementor-element-40c6a04 e-flex e-con-boxed e-con e-parent\" data-id=\"40c6a04\" data-element_type=\"container\" data-settings=\"{&quot;_ha_eqh_enable&quot;:false}\">\n\t\t\t\t\t<div class=\"e-con-inner\">\n\t\t<div data-particle_enable=\"false\" data-particle-mobile-disabled=\"false\" class=\"elementor-element elementor-element-65f235b e-con-full e-flex e-con e-child\" data-id=\"65f235b\" data-element_type=\"container\" data-settings=\"{&quot;_ha_eqh_enable&quot;:false}\">\n\t\t\t\t<div class=\"elementor-element elementor-element-3b91c41 elementor-widget elementor-widget-image\" data-id=\"3b91c41\" data-element_type=\"widget\" data-widget_type=\"image.default\">\n\t\t\t\t<div class=\"elementor-widget-container\">\n\t\t\t<style>\/*! elementor - v3.21.0 - 15-04-2024 *\/\n.elementor-widget-image{text-align:center}.elementor-widget-image a{display:inline-block}.elementor-widget-image a img[src$=\".svg\"]{width:48px}.elementor-widget-image img{vertical-align:middle;display:inline-block}<\/style>\t\t\t\t\t\t\t\t\t\t<img fetchpriority=\"high\" decoding=\"async\" width=\"800\" height=\"734\" src=\"https:\/\/rabbitmkt.com.br\/clientes\/providencia\/wp-content\/uploads\/2024\/05\/Irmas-1.jpg\" class=\"attachment-large size-large wp-image-682\" alt=\"\" \/>\t\t\t\t\t\t\t\t\t\t\t\t\t<\/div>\n\t\t\t\t<\/div>\n\t\t\t\t<\/div>\n\t\t<div data-particle_enable=\"false\" data-particle-mobile-disabled=\"false\" class=\"elementor-element elementor-element-9730e0a e-con-full e-flex e-con e-child\" data-id=\"9730e0a\" data-element_type=\"container\" data-settings=\"{&quot;_ha_eqh_enable&quot;:false}\">\n\t\t\t\t<div class=\"elementor-element elementor-element-cd195b4 elementor-widget elementor-widget-heading\" data-id=\"cd195b4\" data-element_type=\"widget\" data-widget_type=\"heading.default\">\n\t\t\t\t<div class=\"elementor-widget-container\">\n\t\t\t<h2 class=\"elementor-heading-title elementor-size-default\">Irm\u00e3s e Leigos <b><i>da Provid\u00eancia<\/i><\/b>\n<\/h2>\t\t<\/div>\n\t\t\t\t<\/div>\n\t\t\t\t<div class=\"elementor-element elementor-element-1a6aa28 elementor-widget__width-initial elementor-widget elementor-widget-text-editor\" data-id=\"1a6aa28\" data-element_type=\"widget\" data-widget_type=\"text-editor.default\">\n\t\t\t\t<div class=\"elementor-widget-container\">\n\t\t\t\t\t\t\t<p><span style=\"font-weight: 400;\">A Miss\u00e3o das Irm\u00e3s da Provid\u00eancia \u00e9 um esfor\u00e7o coletivo que envolve n\u00e3o apenas as pr\u00f3prias irm\u00e3s, mas tamb\u00e9m leigos, leigas e colaboradores em diversos estados brasileiros, beneficiando milhares de pessoas. Todos compartilham do ideal de S\u00e3o Lu\u00eds Scrosoppi e seguem os passos de Jesus, vivendo a fraternidade e tornando suas vidas um testemunho de presen\u00e7a acolhedora. Um aspecto especialmente significativo \u00e9 o compromisso com a educa\u00e7\u00e3o de crian\u00e7as e jovens, uma via fundamental para o desenvolvimento integral e a transforma\u00e7\u00e3o das comunidades. Assim, unidos em esp\u00edrito e prop\u00f3sito, esses colaboradores continuam a difundir os valores de amor, servi\u00e7o e solidariedade, promovendo um impacto positivo e duradouro na sociedade brasileira.<\/span><\/p>\t\t\t\t\t\t<\/div>\n\t\t\t\t<\/div>\n\t\t\t\t<div class=\"elementor-element elementor-element-8ee1d69 elementor-widget elementor-widget-button\" data-id=\"8ee1d69\" data-element_type=\"widget\" data-widget_type=\"button.default\">\n\t\t\t\t<div class=\"elementor-widget-container\">\n\t\t\t\t\t<div class=\"elementor-button-wrapper\">\n\t\t\t<a class=\"elementor-button elementor-button-link elementor-size-sm elementor-animation-float\" href=\"#\">\n\t\t\t\t\t\t<span class=\"elementor-button-content-wrapper\">\n\t\t\t\t\t\t<span class=\"elementor-button-icon elementor-align-icon-right\">\n\t\t\t\t<i aria-hidden=\"true\" class=\"hm hm-arrow-right1\"><\/i>\t\t\t<\/span>\n\t\t\t\t\t\t\t\t\t<span class=\"elementor-button-text\">Saiba mais<\/span>\n\t\t\t\t\t<\/span>\n\t\t\t\t\t<\/a>\n\t\t<\/div>\n\t\t\t\t<\/div>\n\t\t\t\t<\/div>\n\t\t\t\t<\/div>\n\t\t\t\t\t<\/div>\n\t\t\t\t<\/div>\n\t\t<div data-particle_enable=\"false\" data-particle-mobile-disabled=\"false\" class=\"elementor-element elementor-element-85fbca2 e-flex e-con-boxed e-con e-parent\" data-id=\"85fbca2\" data-element_type=\"container\" data-settings=\"{&quot;_ha_eqh_enable&quot;:false}\">\n\t\t\t\t\t<div class=\"e-con-inner\">\n\t\t<div data-particle_enable=\"false\" data-particle-mobile-disabled=\"false\" class=\"elementor-element elementor-element-f111673 e-flex e-con-boxed e-con e-child\" data-id=\"f111673\" data-element_type=\"container\" data-settings=\"{&quot;_ha_eqh_enable&quot;:false}\">\n\t\t\t\t\t<div class=\"e-con-inner\">\n\t\t<div data-particle_enable=\"false\" data-particle-mobile-disabled=\"false\" class=\"elementor-element elementor-element-9ac4a96 e-con-full e-flex elementor-invisible e-con e-child\" data-id=\"9ac4a96\" data-element_type=\"container\" data-settings=\"{&quot;animation&quot;:&quot;fadeInUp&quot;,&quot;_ha_eqh_enable&quot;:false}\">\n\t\t\t\t<div class=\"elementor-element elementor-element-da90d16 elementor-widget elementor-widget-heading\" data-id=\"da90d16\" data-element_type=\"widget\" data-widget_type=\"heading.default\">\n\t\t\t\t<div class=\"elementor-widget-container\">\n\t\t\t<h2 class=\"elementor-heading-title elementor-size-default\">As <i><b>Irm\u00e3s da Provid\u00eancia<\/b><\/i><\/h2>\t\t<\/div>\n\t\t\t\t<\/div>\n\t\t\t\t<div class=\"elementor-element elementor-element-7fce59d elementor-widget elementor-widget-image\" data-id=\"7fce59d\" data-element_type=\"widget\" data-widget_type=\"image.default\">\n\t\t\t\t<div class=\"elementor-widget-container\">\n\t\t\t\t\t\t\t\t\t\t\t\t\t<img decoding=\"async\" width=\"768\" height=\"354\" src=\"https:\/\/rabbitmkt.com.br\/clientes\/providencia\/wp-content\/uploads\/2024\/06\/Santa-Terezinha-768x354.jpeg\" class=\"attachment-medium_large size-medium_large wp-image-936\" alt=\"\" srcset=\"https:\/\/rabbitmkt.com.br\/clientes\/providencia\/wp-content\/uploads\/2024\/06\/Santa-Terezinha-768x354.jpeg 768w, https:\/\/rabbitmkt.com.br\/clientes\/providencia\/wp-content\/uploads\/2024\/06\/Santa-Terezinha-300x138.jpeg 300w, https:\/\/rabbitmkt.com.br\/clientes\/providencia\/wp-content\/uploads\/2024\/06\/Santa-Terezinha-1024x472.jpeg 1024w, https:\/\/rabbitmkt.com.br\/clientes\/providencia\/wp-content\/uploads\/2024\/06\/Santa-Terezinha-1536x708.jpeg 1536w, https:\/\/rabbitmkt.com.br\/clientes\/providencia\/wp-content\/uploads\/2024\/06\/Santa-Terezinha.jpeg 1600w\" sizes=\"(max-width: 768px) 100vw, 768px\" \/>\t\t\t\t\t\t\t\t\t\t\t\t\t<\/div>\n\t\t\t\t<\/div>\n\t\t\t\t<div class=\"elementor-element elementor-element-1c62a2b elementor-widget__width-initial elementor-widget elementor-widget-text-editor\" data-id=\"1c62a2b\" data-element_type=\"widget\" data-widget_type=\"text-editor.default\">\n\t\t\t\t<div class=\"elementor-widget-container\">\n\t\t\t\t\t\t\t<p><span style=\"font-weight: 400;\">s\u00e3o mulheres consagradas a Deus, cuja jornada \u00e9 permeada por amor, doa\u00e7\u00e3o e entrega. Comprometidas com sua voca\u00e7\u00e3o religiosa, dedicam suas vidas \u00e0 Miss\u00e3o. S\u00e3o exemplo vivo de compaix\u00e3o e servi\u00e7o, oferecendo apoio, orienta\u00e7\u00e3o e amor incondicional \u00e0queles que mais precisam. Sua dedica\u00e7\u00e3o incans\u00e1vel \u00e9 uma fonte de inspira\u00e7\u00e3o e esperan\u00e7a, iluminando os cora\u00e7\u00f5es dos p\u00fablicos atendidos, renovando a f\u00e9 e a esperan\u00e7a em um mundo melhor.<\/span><\/p>\t\t\t\t\t\t<\/div>\n\t\t\t\t<\/div>\n\t\t\t\t<\/div>\n\t\t<div data-particle_enable=\"false\" data-particle-mobile-disabled=\"false\" class=\"elementor-element elementor-element-0e73bd9 e-con-full e-flex elementor-invisible e-con e-child\" data-id=\"0e73bd9\" data-element_type=\"container\" data-settings=\"{&quot;animation&quot;:&quot;fadeInUp&quot;,&quot;_ha_eqh_enable&quot;:false}\">\n\t\t\t\t<div class=\"elementor-element elementor-element-5ae6fe9 elementor-widget elementor-widget-heading\" data-id=\"5ae6fe9\" data-element_type=\"widget\" data-widget_type=\"heading.default\">\n\t\t\t\t<div class=\"elementor-widget-container\">\n\t\t\t<h2 class=\"elementor-heading-title elementor-size-default\">Leigos e <b><i>Leigas<\/i><\/b><\/h2>\t\t<\/div>\n\t\t\t\t<\/div>\n\t\t\t\t<div class=\"elementor-element elementor-element-f3674ae elementor-widget elementor-widget-image\" data-id=\"f3674ae\" data-element_type=\"widget\" data-widget_type=\"image.default\">\n\t\t\t\t<div class=\"elementor-widget-container\">\n\t\t\t\t\t\t\t\t\t\t\t\t\t<img decoding=\"async\" width=\"300\" height=\"212\" src=\"https:\/\/rabbitmkt.com.br\/clientes\/providencia\/wp-content\/uploads\/2024\/06\/Imagem-do-WhatsApp-de-2024-06-10-as-11.46.01_7e209b1c-300x212.jpg\" class=\"attachment-medium size-medium wp-image-1174\" alt=\"\" srcset=\"https:\/\/rabbitmkt.com.br\/clientes\/providencia\/wp-content\/uploads\/2024\/06\/Imagem-do-WhatsApp-de-2024-06-10-as-11.46.01_7e209b1c-300x212.jpg 300w, https:\/\/rabbitmkt.com.br\/clientes\/providencia\/wp-content\/uploads\/2024\/06\/Imagem-do-WhatsApp-de-2024-06-10-as-11.46.01_7e209b1c-1024x724.jpg 1024w, https:\/\/rabbitmkt.com.br\/clientes\/providencia\/wp-content\/uploads\/2024\/06\/Imagem-do-WhatsApp-de-2024-06-10-as-11.46.01_7e209b1c-768x543.jpg 768w, https:\/\/rabbitmkt.com.br\/clientes\/providencia\/wp-content\/uploads\/2024\/06\/Imagem-do-WhatsApp-de-2024-06-10-as-11.46.01_7e209b1c.jpg 1280w\" sizes=\"(max-width: 300px) 100vw, 300px\" \/>\t\t\t\t\t\t\t\t\t\t\t\t\t<\/div>\n\t\t\t\t<\/div>\n\t\t\t\t<div class=\"elementor-element elementor-element-4cf9643 elementor-widget__width-initial elementor-widget elementor-widget-text-editor\" data-id=\"4cf9643\" data-element_type=\"widget\" data-widget_type=\"text-editor.default\">\n\t\t\t\t<div class=\"elementor-widget-container\">\n\t\t\t\t\t\t\t<p><span style=\"font-weight: 400;\">S\u00e3o<\/span><b> Pessoas crist\u00e3s<\/b><span style=\"font-weight: 400;\"> que est\u00e3o dispostas a viver o Carisma das Irm\u00e3s da Provid\u00eancia e sentem um chamado pessoal para seguir Jesus de uma forma especial. Isso quer dizer que elas se comprometem a viver de acordo com os valores de amor, servi\u00e7o e compaix\u00e3o que S\u00e3o Lu\u00eds Scrosoppi ensinava. Mesmo n\u00e3o sendo religiosas, essas pessoas se inspiram nele e procuram viver o Evangelho da melhor maneira poss\u00edvel, fazendo o mundo um lugar melhor com suas atitudes.<\/span><\/p>\t\t\t\t\t\t<\/div>\n\t\t\t\t<\/div>\n\t\t\t\t<\/div>\n\t\t\t\t\t<\/div>\n\t\t\t\t<\/div>\n\t\t\t\t\t<\/div>\n\t\t\t\t<\/div>\n\t\t<div data-particle_enable=\"false\" data-particle-mobile-disabled=\"false\" class=\"elementor-element elementor-element-afca275 e-flex e-con-boxed e-con e-parent\" data-id=\"afca275\" data-element_type=\"container\" data-settings=\"{&quot;background_background&quot;:&quot;classic&quot;,&quot;_ha_eqh_enable&quot;:false}\">\n\t\t\t\t\t<div class=\"e-con-inner\">\n\t\t<div data-particle_enable=\"false\" data-particle-mobile-disabled=\"false\" class=\"elementor-element elementor-element-8e3c66c e-con-full e-flex e-con e-child\" data-id=\"8e3c66c\" data-element_type=\"container\" data-settings=\"{&quot;background_background&quot;:&quot;classic&quot;,&quot;_ha_eqh_enable&quot;:false}\">\n\t\t\t\t<div class=\"elementor-element elementor-element-4769ad1 elementor-widget__width-inherit elementor-widget elementor-widget-shortcode\" data-id=\"4769ad1\" data-element_type=\"widget\" data-widget_type=\"shortcode.default\">\n\t\t\t\t<div class=\"elementor-widget-container\">\n\t\t\t\t\t<div class=\"elementor-shortcode\"><div class=\"map_wrapper\" id=\"map_wrapper_364\">\r\n<div class=\"map_box\" style=\"max-width:2000px\">\r\n<div class=\"map_aspect_ratio\" style=\"padding-top:56%\" data-padding-top=\"56%\" data-padding-top-mobile=\"0%\">\r\n<div class=\"map_container\">\r\n<div class=\"map_render map_loading\" id=\"map_364\"><\/div>\r\n<\/div>\r\n<\/div>\r\n<\/div>\r\n<\/div><\/div>\n\t\t\t\t<\/div>\n\t\t\t\t<\/div>\n\t\t\t\t<\/div>\n\t\t<div data-particle_enable=\"false\" data-particle-mobile-disabled=\"false\" class=\"elementor-element elementor-element-826112b e-con-full e-flex e-con e-child\" data-id=\"826112b\" data-element_type=\"container\" data-settings=\"{&quot;background_background&quot;:&quot;classic&quot;,&quot;_ha_eqh_enable&quot;:false}\">\n\t\t\t\t<div class=\"elementor-element elementor-element-6897268 elementor-widget elementor-widget-heading\" data-id=\"6897268\" data-element_type=\"widget\" data-widget_type=\"heading.default\">\n\t\t\t\t<div class=\"elementor-widget-container\">\n\t\t\t<h2 class=\"elementor-heading-title elementor-size-default\">Presen\u00e7a no <b><i>Brasil<\/i><\/b>\n<\/h2>\t\t<\/div>\n\t\t\t\t<\/div>\n\t\t\t\t<div class=\"elementor-element elementor-element-c818c20 elementor-widget elementor-widget-text-editor\" data-id=\"c818c20\" data-element_type=\"widget\" data-widget_type=\"text-editor.default\">\n\t\t\t\t<div class=\"elementor-widget-container\">\n\t\t\t\t\t\t\t<p><span style=\"font-weight: 400;\">As primeiras irm\u00e3s chegaram ao Brasil em 1927. Atualmente, a Congrega\u00e7\u00e3o est\u00e1 organizada da seguinte forma:<\/span><\/p>\t\t\t\t\t\t<\/div>\n\t\t\t\t<\/div>\n\t\t<div data-particle_enable=\"false\" data-particle-mobile-disabled=\"false\" class=\"elementor-element elementor-element-d42d9da e-con-full e-flex e-con e-child\" data-id=\"d42d9da\" data-element_type=\"container\" data-settings=\"{&quot;background_background&quot;:&quot;classic&quot;,&quot;_ha_eqh_enable&quot;:false}\">\n\t\t\t\t<div class=\"elementor-element elementor-element-14e58e7 elementor-widget elementor-widget-counter\" data-id=\"14e58e7\" data-element_type=\"widget\" data-widget_type=\"counter.default\">\n\t\t\t\t<div class=\"elementor-widget-container\">\n\t\t\t<style>\/*! elementor - v3.21.0 - 15-04-2024 *\/\n.elementor-counter{display:flex;justify-content:center;align-items:stretch;flex-direction:column-reverse}.elementor-counter .elementor-counter-number{flex-grow:var(--counter-number-grow,0)}.elementor-counter .elementor-counter-number-wrapper{flex:1;display:flex;font-size:69px;font-weight:600;line-height:1;text-align:center}.elementor-counter .elementor-counter-number-prefix{text-align:end;flex-grow:var(--counter-prefix-grow,1);white-space:pre-wrap}.elementor-counter .elementor-counter-number-suffix{text-align:start;flex-grow:var(--counter-suffix-grow,1);white-space:pre-wrap}.elementor-counter .elementor-counter-title{flex:1;display:flex;justify-content:center;align-items:center;margin:0;padding:0;font-size:19px;font-weight:400;line-height:2.5}<\/style>\t\t<div class=\"elementor-counter\">\n\t\t\t<div class=\"elementor-counter-title\">Irm\u00e3s e Leigos<\/div>\t\t\t<div class=\"elementor-counter-number-wrapper\">\n\t\t\t\t<span class=\"elementor-counter-number-prefix\">+<\/span>\n\t\t\t\t<span class=\"elementor-counter-number\" data-duration=\"2000\" data-to-value=\"100\" data-from-value=\"0\" data-delimiter=\".\">0<\/span>\n\t\t\t\t<span class=\"elementor-counter-number-suffix\"><\/span>\n\t\t\t<\/div>\n\t\t<\/div>\n\t\t\t\t<\/div>\n\t\t\t\t<\/div>\n\t\t\t\t<div class=\"elementor-element elementor-element-c329f9c elementor-widget elementor-widget-counter\" data-id=\"c329f9c\" data-element_type=\"widget\" data-widget_type=\"counter.default\">\n\t\t\t\t<div class=\"elementor-widget-container\">\n\t\t\t\t\t<div class=\"elementor-counter\">\n\t\t\t<div class=\"elementor-counter-title\">Colaboradores<\/div>\t\t\t<div class=\"elementor-counter-number-wrapper\">\n\t\t\t\t<span class=\"elementor-counter-number-prefix\">+<\/span>\n\t\t\t\t<span class=\"elementor-counter-number\" data-duration=\"2000\" data-to-value=\"800\" data-from-value=\"0\" data-delimiter=\",\">0<\/span>\n\t\t\t\t<span class=\"elementor-counter-number-suffix\"><\/span>\n\t\t\t<\/div>\n\t\t<\/div>\n\t\t\t\t<\/div>\n\t\t\t\t<\/div>\n\t\t\t\t<\/div>\n\t\t\t\t<\/div>\n\t\t\t\t\t<\/div>\n\t\t\t\t<\/div>\n\t\t\t\t<\/div>\n\t\t","protected":false},"excerpt":{"rendered":"<p>Irm\u00e3s da provid\u00eancia Miss\u00e3o do Brasil Transformando vidas Os humildes in\u00edcios do Instituto das Irm\u00e3s da Provid\u00eancia remontam a 1\u00ba de fevereiro de 1837, quando foi inaugurada em Udine a Casa das Derelitas, onde as primeiras nove professoras decidiram dedicar-se \u00e0 acolhida e educa\u00e7\u00e3o das meninas mais pobres da cidade. A cerim\u00f4nia de consagra\u00e7\u00e3o do [&hellip;]<\/p>\n","protected":false},"author":1,"featured_media":0,"parent":0,"menu_order":0,"comment_status":"closed","ping_status":"closed","template":"","meta":{"footnotes":""},"class_list":["post-299","page","type-page","status-publish","hentry"],"_links":{"self":[{"href":"https:\/\/rabbitmkt.com.br\/clientes\/providencia\/wp-json\/wp\/v2\/pages\/299","targetHints":{"allow":["GET"]}}],"collection":[{"href":"https:\/\/rabbitmkt.com.br\/clientes\/providencia\/wp-json\/wp\/v2\/pages"}],"about":[{"href":"https:\/\/rabbitmkt.com.br\/clientes\/providencia\/wp-json\/wp\/v2\/types\/page"}],"author":[{"embeddable":true,"href":"https:\/\/rabbitmkt.com.br\/clientes\/providencia\/wp-json\/wp\/v2\/users\/1"}],"replies":[{"embeddable":true,"href":"https:\/\/rabbitmkt.com.br\/clientes\/providencia\/wp-json\/wp\/v2\/comments?post=299"}],"version-history":[{"count":175,"href":"https:\/\/rabbitmkt.com.br\/clientes\/providencia\/wp-json\/wp\/v2\/pages\/299\/revisions"}],"predecessor-version":[{"id":1208,"href":"https:\/\/rabbitmkt.com.br\/clientes\/providencia\/wp-json\/wp\/v2\/pages\/299\/revisions\/1208"}],"wp:attachment":[{"href":"https:\/\/rabbitmkt.com.br\/clientes\/providencia\/wp-json\/wp\/v2\/media?parent=299"}],"curies":[{"name":"wp","href":"https:\/\/api.w.org\/{rel}","templated":true}]}}